{"id":75394,"date":"2024-06-25T16:38:10","date_gmt":"2024-06-25T16:38:10","guid":{"rendered":"https:\/\/onlinehardwareshop.de\/index.php\/produkt\/geschenkgutschein-danke-100-euro-2\/"},"modified":"2025-05-14T06:01:20","modified_gmt":"2025-05-14T06:01:20","slug":"geschenkgutschein-danke-100-euro","status":"publish","type":"product","link":"https:\/\/onlinehardwareshop.de\/index.php\/produkt\/geschenkgutschein-danke-100-euro\/","title":{"rendered":"Geschenkgutschein Danke 100 Euro"},"content":{"rendered":"<p>M\u00f6chtest du dich bei jemandem bedanken? Sage es mit einem Coolblue-Geschenkgutschein Danke 100 Euro. Damit kann der Empf\u00e4nger sich selbst etwas aus unserem gesamten Sortiment aussuchen. Von praktischen K\u00fcchen- und Gartenger\u00e4ten bis hin zu einer Digitalkamera. Es ist immer etwas dabei f\u00fcr den Empf\u00e4nger des Geschenkgutscheins.   Wie funktioniert es? Du erh\u00e4ltst den Geschenkgutschein in einer Versandverpackung. Diese \u00f6ffnest du. Der Geschenkgutschein befindet sich darin in einer flachen Schachtel mit Rei\u00dfverschluss. Du \u00fcberreichst den Geschenkgutschein in dieser Schachtel dem Empf\u00e4nger. Wenn der Empf\u00e4nger den Rei\u00dfverschluss der Schachtel \u00f6ffnet, klappt sich die Verpackung auf und verursacht eine Welle des Gl\u00fccks. Der Coolblue-Geschenkgutschein ist f\u00fcnf Jahre nach Rechnungsdatum g\u00fcltig und kann in mehreren K\u00e4ufen ausgegeben werden.<\/p>\n","protected":false},"excerpt":{"rendered":"<p>M\u00f6chtest du dich bei jemandem bedanken? Sage es mit einem Coolblue-Geschenkgutschein Danke 100 Euro. Damit kann der Empf\u00e4nger sich selbst etwas aus unserem gesamten Sortiment aussuchen. Von praktischen K\u00fcchen- und Gartenger\u00e4ten bis hin zu einer Digitalkamera. Es ist immer etwas dabei f\u00fcr den Empf\u00e4nger des Geschenkgutscheins.   Wie funktioniert es? Du erh\u00e4ltst den Geschenkgutschein in einer Versandverpackung. Diese \u00f6ffnest du. Der Geschenkgutschein befindet sich darin in einer flachen Schachtel mit Rei\u00dfverschluss. Du \u00fcberreichst den Geschenkgutschein in dieser Schachtel dem Empf\u00e4nger. Wenn der Empf\u00e4nger den Rei\u00dfverschluss der Schachtel \u00f6ffnet, klappt sich die Verpackung auf und verursacht eine Welle des Gl\u00fccks. Der Coolblue-Geschenkgutschein ist f\u00fcnf Jahre nach Rechnungsdatum g\u00fcltig und kann in mehreren K\u00e4ufen ausgegeben werden.<\/p>\n","protected":false},"featured_media":0,"comment_status":"closed","ping_status":"open","template":"","meta":{"_acf_changed":false},"brand":[9330],"product_brand":[],"product_cat":[11092],"product_tag":[11093],"class_list":{"0":"post-75394","1":"product","2":"type-product","3":"status-publish","5":"brand-coolblue","6":"product_cat-geschenkgutscheine","7":"product_tag-vouchers","8":"pa_condition-new","9":"pa_coolblue-de-verzending-morgen-gratis-geliefert","10":"pa_ean-cb913067","11":"pa_mpn-de-100-c","13":"first","14":"instock","15":"product-type-external"},"acf":[],"_links":{"self":[{"href":"https:\/\/onlinehardwareshop.de\/index.php\/wp-json\/wp\/v2\/product\/75394","targetHints":{"allow":["GET"]}}],"collection":[{"href":"https:\/\/onlinehardwareshop.de\/index.php\/wp-json\/wp\/v2\/product"}],"about":[{"href":"https:\/\/onlinehardwareshop.de\/index.php\/wp-json\/wp\/v2\/types\/product"}],"replies":[{"embeddable":true,"href":"https:\/\/onlinehardwareshop.de\/index.php\/wp-json\/wp\/v2\/comments?post=75394"}],"wp:attachment":[{"href":"https:\/\/onlinehardwareshop.de\/index.php\/wp-json\/wp\/v2\/media?parent=75394"}],"wp:term":[{"taxonomy":"brand","embeddable":true,"href":"https:\/\/onlinehardwareshop.de\/index.php\/wp-json\/wp\/v2\/brand?post=75394"},{"taxonomy":"product_brand","embeddable":true,"href":"https:\/\/onlinehardwareshop.de\/index.php\/wp-json\/wp\/v2\/product_brand?post=75394"},{"taxonomy":"product_cat","embeddable":true,"href":"https:\/\/onlinehardwareshop.de\/index.php\/wp-json\/wp\/v2\/product_cat?post=75394"},{"taxonomy":"product_tag","embeddable":true,"href":"https:\/\/onlinehardwareshop.de\/index.php\/wp-json\/wp\/v2\/product_tag?post=75394"}],"curies":[{"name":"wp","href":"https:\/\/api.w.org\/{rel}","templated":true}]}}