{"id":75389,"date":"2024-10-04T21:34:07","date_gmt":"2024-10-04T21:34:07","guid":{"rendered":"https:\/\/onlinehardwareshop.de\/index.php\/produkt\/dji-mic-2\/"},"modified":"2025-05-14T06:01:03","modified_gmt":"2025-05-14T06:01:03","slug":"dji-mic","status":"publish","type":"product","link":"https:\/\/onlinehardwareshop.de\/index.php\/produkt\/dji-mic\/","title":{"rendered":"DJI Mic"},"content":{"rendered":"<p>Das DJI Mic ist ein kabelloses Mikrofon f\u00fcr hochwertige Audioaufnahmen. Damit verbesserst du die Tonqualit\u00e4t deiner Aufnahmen. Dieses Set besteht aus einem Empf\u00e4nger und 2 kabellosen Sendern. Diese Sender haben eine Reichweite von 250\u00a0Metern, sodass du auch \u00fcber gro\u00dfe Entfernungen hinweg Ton aufnehmen kannst. Mit diesem Set l\u00e4sst sich zum Beispiel ein Interview aufnehmen. Die Bedienung des Empf\u00e4ngers erfolgt \u00fcber den integrierten Touchscreen. Damit l\u00e4sst sich unter anderem die Lautst\u00e4rke einstellen. Der interne Speicher bietet Platz f\u00fcr 14\u00a0Stunden Audioaufnahmen. Du kannst die Sender einfach an T-Shirts oder Hemden befestigen, sodass die Benutzer gut zu h\u00f6ren sind. Bei starkem Wind verwendest du den Windschutz an den Sendern, um Rauschen zu reduzieren.<\/p>\n","protected":false},"excerpt":{"rendered":"<p>Das DJI Mic ist ein kabelloses Mikrofon f\u00fcr hochwertige Audioaufnahmen. Damit verbesserst du die Tonqualit\u00e4t deiner Aufnahmen. Dieses Set besteht aus einem Empf\u00e4nger und 2 kabellosen Sendern. Diese Sender haben eine Reichweite von 250\u00a0Metern, sodass du auch \u00fcber gro\u00dfe Entfernungen hinweg Ton aufnehmen kannst. Mit diesem Set l\u00e4sst sich zum Beispiel ein Interview aufnehmen. Die Bedienung des Empf\u00e4ngers erfolgt \u00fcber den integrierten Touchscreen. Damit l\u00e4sst sich unter anderem die Lautst\u00e4rke einstellen. Der interne Speicher bietet Platz f\u00fcr 14\u00a0Stunden Audioaufnahmen. Du kannst die Sender einfach an T-Shirts oder Hemden befestigen, sodass die Benutzer gut zu h\u00f6ren sind. Bei starkem Wind verwendest du den Windschutz an den Sendern, um Rauschen zu reduzieren.<\/p>\n","protected":false},"featured_media":0,"comment_status":"closed","ping_status":"open","template":"","meta":{"_acf_changed":false},"brand":[3664],"product_brand":[],"product_cat":[1570],"product_tag":[1571],"class_list":{"0":"post-75389","1":"product","2":"type-product","3":"status-publish","5":"brand-dji","6":"product_cat-kameramikrofone","7":"product_tag-cameramicrofoons","8":"pa_condition-new","9":"pa_coolblue-de-verzending-morgen-gratis-geliefert","10":"pa_ean-11082","11":"pa_mpn-cp-rn-00000198-01","13":"first","14":"instock","15":"product-type-external"},"acf":[],"_links":{"self":[{"href":"https:\/\/onlinehardwareshop.de\/index.php\/wp-json\/wp\/v2\/product\/75389","targetHints":{"allow":["GET"]}}],"collection":[{"href":"https:\/\/onlinehardwareshop.de\/index.php\/wp-json\/wp\/v2\/product"}],"about":[{"href":"https:\/\/onlinehardwareshop.de\/index.php\/wp-json\/wp\/v2\/types\/product"}],"replies":[{"embeddable":true,"href":"https:\/\/onlinehardwareshop.de\/index.php\/wp-json\/wp\/v2\/comments?post=75389"}],"wp:attachment":[{"href":"https:\/\/onlinehardwareshop.de\/index.php\/wp-json\/wp\/v2\/media?parent=75389"}],"wp:term":[{"taxonomy":"brand","embeddable":true,"href":"https:\/\/onlinehardwareshop.de\/index.php\/wp-json\/wp\/v2\/brand?post=75389"},{"taxonomy":"product_brand","embeddable":true,"href":"https:\/\/onlinehardwareshop.de\/index.php\/wp-json\/wp\/v2\/product_brand?post=75389"},{"taxonomy":"product_cat","embeddable":true,"href":"https:\/\/onlinehardwareshop.de\/index.php\/wp-json\/wp\/v2\/product_cat?post=75389"},{"taxonomy":"product_tag","embeddable":true,"href":"https:\/\/onlinehardwareshop.de\/index.php\/wp-json\/wp\/v2\/product_tag?post=75389"}],"curies":[{"name":"wp","href":"https:\/\/api.w.org\/{rel}","templated":true}]}}