{"id":75304,"date":"2024-05-22T05:51:40","date_gmt":"2024-05-22T05:51:40","guid":{"rendered":"https:\/\/onlinehardwareshop.de\/index.php\/produkt\/logitech-g705-kabellose-gaming-maus-2\/"},"modified":"2025-05-14T05:53:40","modified_gmt":"2025-05-14T05:53:40","slug":"logitech-g705-kabellose-gaming-maus","status":"publish","type":"product","link":"https:\/\/onlinehardwareshop.de\/index.php\/produkt\/logitech-g705-kabellose-gaming-maus\/","title":{"rendered":"Logitech G705 Kabellose Gaming-Maus"},"content":{"rendered":"<p>Mit dieser Logitech G705 kabellosen Gaming-Maus spielst du mit deinen Freunden l\u00e4ngere Sessions. Dank des optischen Sensors mit 8.200\u00a0dpi bewegst du diese kabellose Gaming-Maus w\u00e4hrend deines Spiels rasch \u00fcber den Tisch. So reagierst du beim Gamen immer pr\u00e4zise. Zudem ver\u00e4nderst du die dpi m\u00fchelos beim Gamen. Diese Gaming-Maus ist speziell f\u00fcr Gamer mit kleineren H\u00e4nden entworfen. Die beiden zus\u00e4tzlichen Daumentasten stellst du selbst ein, so dass du schneller als deine Gegner deine Waffen wechselst oder eine Spezial-Attacke ausf\u00fchrst. Du schlie\u00dft die Maus kabellos \u00fcber einen USB-A-Dongle an. So hast du w\u00e4hrend deines Spiels gen\u00fcgend Bewegungsfreiheit. Diese kabellose Gaming-Maus hat eine Akkulaufzeit von 40 Stunden, so dass du auch lange Gaming-Sessions spielst, ohne die Maus zwischendurch aufzuladen. Stelle \u00fcber die Logitech G Hub Software selbst die RGB-Beleuchtung ein und w\u00e4hle aus 16,8 Millionen Farben aus. So passt deine Gaming-Maus zu deinem \u00fcbrigen Setup.<\/p>\n","protected":false},"excerpt":{"rendered":"<p>Mit dieser Logitech G705 kabellosen Gaming-Maus spielst du mit deinen Freunden l\u00e4ngere Sessions. Dank des optischen Sensors mit 8.200\u00a0dpi bewegst du diese kabellose Gaming-Maus w\u00e4hrend deines Spiels rasch \u00fcber den Tisch. So reagierst du beim Gamen immer pr\u00e4zise. Zudem ver\u00e4nderst du die dpi m\u00fchelos beim Gamen. Diese Gaming-Maus ist speziell f\u00fcr Gamer mit kleineren H\u00e4nden entworfen. Die beiden zus\u00e4tzlichen Daumentasten stellst du selbst ein, so dass du schneller als deine Gegner deine Waffen wechselst oder eine Spezial-Attacke ausf\u00fchrst. Du schlie\u00dft die Maus kabellos \u00fcber einen USB-A-Dongle an. So hast du w\u00e4hrend deines Spiels gen\u00fcgend Bewegungsfreiheit. Diese kabellose Gaming-Maus hat eine Akkulaufzeit von 40 Stunden, so dass du auch lange Gaming-Sessions spielst, ohne die Maus zwischendurch aufzuladen. Stelle \u00fcber die Logitech G Hub Software selbst die RGB-Beleuchtung ein und w\u00e4hle aus 16,8 Millionen Farben aus. So passt deine Gaming-Maus zu deinem \u00fcbrigen Setup.<\/p>\n","protected":false},"featured_media":0,"comment_status":"closed","ping_status":"open","template":"","meta":{"_acf_changed":false},"brand":[225],"product_brand":[],"product_cat":[33],"product_tag":[3752],"class_list":{"0":"post-75304","1":"product","2":"type-product","3":"status-publish","5":"brand-logitech-g","6":"product_cat-muse","7":"product_tag-gaming-muizen","8":"pa_condition-new","9":"pa_coolblue-de-verzending-morgen-gratis-geliefert","10":"pa_ean-10918","11":"pa_mpn-910-006368","13":"first","14":"instock","15":"product-type-external"},"acf":[],"_links":{"self":[{"href":"https:\/\/onlinehardwareshop.de\/index.php\/wp-json\/wp\/v2\/product\/75304","targetHints":{"allow":["GET"]}}],"collection":[{"href":"https:\/\/onlinehardwareshop.de\/index.php\/wp-json\/wp\/v2\/product"}],"about":[{"href":"https:\/\/onlinehardwareshop.de\/index.php\/wp-json\/wp\/v2\/types\/product"}],"replies":[{"embeddable":true,"href":"https:\/\/onlinehardwareshop.de\/index.php\/wp-json\/wp\/v2\/comments?post=75304"}],"wp:attachment":[{"href":"https:\/\/onlinehardwareshop.de\/index.php\/wp-json\/wp\/v2\/media?parent=75304"}],"wp:term":[{"taxonomy":"brand","embeddable":true,"href":"https:\/\/onlinehardwareshop.de\/index.php\/wp-json\/wp\/v2\/brand?post=75304"},{"taxonomy":"product_brand","embeddable":true,"href":"https:\/\/onlinehardwareshop.de\/index.php\/wp-json\/wp\/v2\/product_brand?post=75304"},{"taxonomy":"product_cat","embeddable":true,"href":"https:\/\/onlinehardwareshop.de\/index.php\/wp-json\/wp\/v2\/product_cat?post=75304"},{"taxonomy":"product_tag","embeddable":true,"href":"https:\/\/onlinehardwareshop.de\/index.php\/wp-json\/wp\/v2\/product_tag?post=75304"}],"curies":[{"name":"wp","href":"https:\/\/api.w.org\/{rel}","templated":true}]}}