{"id":75302,"date":"2024-12-09T05:21:26","date_gmt":"2024-12-09T05:21:26","guid":{"rendered":"https:\/\/onlinehardwareshop.de\/index.php\/produkt\/logitech-g735-kabelloses-gaming-headset-2\/"},"modified":"2025-05-14T05:53:31","modified_gmt":"2025-05-14T05:53:31","slug":"logitech-g735-kabelloses-gaming-headset","status":"publish","type":"product","link":"https:\/\/onlinehardwareshop.de\/index.php\/produkt\/logitech-g735-kabelloses-gaming-headset\/","title":{"rendered":"Logitech G735 Kabelloses Gaming-Headset"},"content":{"rendered":"<p>Mit dem Logitech G735 Kabellosen Gaming-Headset spielst du komfortabel deine liebsten PC-Spiele. Dieses Headset verbindest du \u00fcber den USB-A-Dongle kabellos mit deinem PC. So hast du beim Zocken keinen Kabelsalat. \u00c4ndere die Farben der L\u00e4mpchen, damit sie zum Rest deines Gaming-Setups passen. Dank des Surround Sounds in 360 Grad erlebst du dein Spiel intensiver und h\u00f6rst genau, aus welcher Richtung deine Gegner kommen. Damit bist du ihnen jederzeit einen Schritt voraus. Au\u00dferdem kommunizierst du dank der Rauschunterdr\u00fcckung des Mikrofons online ohne Hintergrundger\u00e4usche mit deinen Freunden. So kommen deine Kommentare immer deutlich an. Die durchschnittliche Akkulaufzeit des Headsets betr\u00e4gt 56 Stunden. So erlebst du ausgiebigen Gaming-Spa\u00df, ohne das Headset zwischendurch zu laden. Spielst du \u00f6fter im Single-Player-Modus oder ben\u00f6tigst kein Mikrofon? Dann entferne das Mikrofon einfach vom Headset.<\/p>\n","protected":false},"excerpt":{"rendered":"<p>Mit dem Logitech G735 Kabellosen Gaming-Headset spielst du komfortabel deine liebsten PC-Spiele. Dieses Headset verbindest du \u00fcber den USB-A-Dongle kabellos mit deinem PC. So hast du beim Zocken keinen Kabelsalat. \u00c4ndere die Farben der L\u00e4mpchen, damit sie zum Rest deines Gaming-Setups passen. Dank des Surround Sounds in 360 Grad erlebst du dein Spiel intensiver und h\u00f6rst genau, aus welcher Richtung deine Gegner kommen. Damit bist du ihnen jederzeit einen Schritt voraus. Au\u00dferdem kommunizierst du dank der Rauschunterdr\u00fcckung des Mikrofons online ohne Hintergrundger\u00e4usche mit deinen Freunden. So kommen deine Kommentare immer deutlich an. Die durchschnittliche Akkulaufzeit des Headsets betr\u00e4gt 56 Stunden. So erlebst du ausgiebigen Gaming-Spa\u00df, ohne das Headset zwischendurch zu laden. Spielst du \u00f6fter im Single-Player-Modus oder ben\u00f6tigst kein Mikrofon? Dann entferne das Mikrofon einfach vom Headset.<\/p>\n","protected":false},"featured_media":0,"comment_status":"closed","ping_status":"open","template":"","meta":{"_acf_changed":false},"brand":[225],"product_brand":[],"product_cat":[3435],"product_tag":[3436],"class_list":{"0":"post-75302","1":"product","2":"type-product","3":"status-publish","5":"brand-logitech-g","6":"product_cat-gaming-headsets","7":"product_tag-gaming-headsets","8":"pa_condition-new","9":"pa_coolblue-de-verzending-morgen-gratis-geliefert","10":"pa_ean-30551","11":"pa_mpn-981-001083","13":"first","14":"instock","15":"product-type-external"},"acf":[],"_links":{"self":[{"href":"https:\/\/onlinehardwareshop.de\/index.php\/wp-json\/wp\/v2\/product\/75302","targetHints":{"allow":["GET"]}}],"collection":[{"href":"https:\/\/onlinehardwareshop.de\/index.php\/wp-json\/wp\/v2\/product"}],"about":[{"href":"https:\/\/onlinehardwareshop.de\/index.php\/wp-json\/wp\/v2\/types\/product"}],"replies":[{"embeddable":true,"href":"https:\/\/onlinehardwareshop.de\/index.php\/wp-json\/wp\/v2\/comments?post=75302"}],"wp:attachment":[{"href":"https:\/\/onlinehardwareshop.de\/index.php\/wp-json\/wp\/v2\/media?parent=75302"}],"wp:term":[{"taxonomy":"brand","embeddable":true,"href":"https:\/\/onlinehardwareshop.de\/index.php\/wp-json\/wp\/v2\/brand?post=75302"},{"taxonomy":"product_brand","embeddable":true,"href":"https:\/\/onlinehardwareshop.de\/index.php\/wp-json\/wp\/v2\/product_brand?post=75302"},{"taxonomy":"product_cat","embeddable":true,"href":"https:\/\/onlinehardwareshop.de\/index.php\/wp-json\/wp\/v2\/product_cat?post=75302"},{"taxonomy":"product_tag","embeddable":true,"href":"https:\/\/onlinehardwareshop.de\/index.php\/wp-json\/wp\/v2\/product_tag?post=75302"}],"curies":[{"name":"wp","href":"https:\/\/api.w.org\/{rel}","templated":true}]}}