{"id":75275,"date":"2024-06-12T21:30:19","date_gmt":"2024-06-12T21:30:19","guid":{"rendered":"https:\/\/onlinehardwareshop.de\/index.php\/produkt\/kitchenaid-5kfp0921eer-empire-rot-2\/"},"modified":"2025-05-14T05:51:10","modified_gmt":"2025-05-14T05:51:10","slug":"kitchenaid-5kfp0921eer-empire-rot","status":"publish","type":"product","link":"https:\/\/onlinehardwareshop.de\/index.php\/produkt\/kitchenaid-5kfp0921eer-empire-rot\/","title":{"rendered":"KitchenAid 5KFP0921EER Empire Rot"},"content":{"rendered":"<p>Neben dem Hacken, Schneiden und Raspeln ist auch Schlagen und Kneten von Zutaten m\u00f6glich mit dem KitchenAid 5KFP0921EER Empire Rot. Mit diesem Food-Processor kannst du zum Beispiel eine Zwiebel feinhacken oder eine leckere Dip-Sauce zubereiten. Dazu erh\u00e4ltst du zus\u00e4tzliches Zubeh\u00f6r, wie zum Beispiel einen Julienneschneider und eine Schlagscheibe. Willst du Zutaten in d\u00fcnne Streifen schneiden? Dann kannst du den Julienneschneider einsetzen. Mit dem Schneebesen kannst du Sahne zu selbstgemachter Butter schlagen. \u00dcber die drei Kn\u00f6pfe an der Vorderseite w\u00e4hlst du bequem die richtige Geschwindigkeit. Und mit dem praktischen Deckel kannst du deine Zubereitungen im K\u00fchlschrank aufbewahren. Nach Gebrauch reinigst du die losen Zubeh\u00f6rteile in der Sp\u00fclmaschine, danach kannst du alles in der R\u00fchrsch\u00fcssel aufbewahren. So hast du immer alles ordentlich beieinander.<\/p>\n","protected":false},"excerpt":{"rendered":"<p>Neben dem Hacken, Schneiden und Raspeln ist auch Schlagen und Kneten von Zutaten m\u00f6glich mit dem KitchenAid 5KFP0921EER Empire Rot. Mit diesem Food-Processor kannst du zum Beispiel eine Zwiebel feinhacken oder eine leckere Dip-Sauce zubereiten. Dazu erh\u00e4ltst du zus\u00e4tzliches Zubeh\u00f6r, wie zum Beispiel einen Julienneschneider und eine Schlagscheibe. Willst du Zutaten in d\u00fcnne Streifen schneiden? Dann kannst du den Julienneschneider einsetzen. Mit dem Schneebesen kannst du Sahne zu selbstgemachter Butter schlagen. \u00dcber die drei Kn\u00f6pfe an der Vorderseite w\u00e4hlst du bequem die richtige Geschwindigkeit. Und mit dem praktischen Deckel kannst du deine Zubereitungen im K\u00fchlschrank aufbewahren. Nach Gebrauch reinigst du die losen Zubeh\u00f6rteile in der Sp\u00fclmaschine, danach kannst du alles in der R\u00fchrsch\u00fcssel aufbewahren. So hast du immer alles ordentlich beieinander.<\/p>\n","protected":false},"featured_media":0,"comment_status":"closed","ping_status":"open","template":"","meta":{"_acf_changed":false},"brand":[709],"product_brand":[],"product_cat":[209],"product_tag":[210],"class_list":{"0":"post-75275","1":"product","2":"type-product","3":"status-publish","5":"brand-kitchenaid","6":"product_cat-food-processors","7":"product_tag-foodprocessors-zonder-kookfunctie","8":"pa_condition-new","9":"pa_coolblue-de-verzending-morgen-gratis-geliefert","10":"pa_ean-32955","11":"pa_mpn-5kfp0921eer","13":"first","14":"instock","15":"product-type-external"},"acf":[],"_links":{"self":[{"href":"https:\/\/onlinehardwareshop.de\/index.php\/wp-json\/wp\/v2\/product\/75275","targetHints":{"allow":["GET"]}}],"collection":[{"href":"https:\/\/onlinehardwareshop.de\/index.php\/wp-json\/wp\/v2\/product"}],"about":[{"href":"https:\/\/onlinehardwareshop.de\/index.php\/wp-json\/wp\/v2\/types\/product"}],"replies":[{"embeddable":true,"href":"https:\/\/onlinehardwareshop.de\/index.php\/wp-json\/wp\/v2\/comments?post=75275"}],"wp:attachment":[{"href":"https:\/\/onlinehardwareshop.de\/index.php\/wp-json\/wp\/v2\/media?parent=75275"}],"wp:term":[{"taxonomy":"brand","embeddable":true,"href":"https:\/\/onlinehardwareshop.de\/index.php\/wp-json\/wp\/v2\/brand?post=75275"},{"taxonomy":"product_brand","embeddable":true,"href":"https:\/\/onlinehardwareshop.de\/index.php\/wp-json\/wp\/v2\/product_brand?post=75275"},{"taxonomy":"product_cat","embeddable":true,"href":"https:\/\/onlinehardwareshop.de\/index.php\/wp-json\/wp\/v2\/product_cat?post=75275"},{"taxonomy":"product_tag","embeddable":true,"href":"https:\/\/onlinehardwareshop.de\/index.php\/wp-json\/wp\/v2\/product_tag?post=75275"}],"curies":[{"name":"wp","href":"https:\/\/api.w.org\/{rel}","templated":true}]}}