{"id":75273,"date":"2024-12-09T14:59:26","date_gmt":"2024-12-09T14:59:26","guid":{"rendered":"https:\/\/onlinehardwareshop.de\/index.php\/produkt\/kenwood-titanium-chef-baker-kvc65-001wh-2\/"},"modified":"2025-05-14T05:51:01","modified_gmt":"2025-05-14T05:51:01","slug":"kenwood-titanium-chef-baker-kvc65-001wh","status":"publish","type":"product","link":"https:\/\/onlinehardwareshop.de\/index.php\/produkt\/kenwood-titanium-chef-baker-kvc65-001wh\/","title":{"rendered":"Kenwood Titanium Chef Baker KVC65.001WH"},"content":{"rendered":"<p>Die Kenwood Titanium Chef Baker KVC65.001WH hat eine eingebaute Waage, sodass du Zutaten direkt in der R\u00fchrsch\u00fcssel abwiegen kannst. Dank der sehr hohen Leistung von 1.200 Watt machst du mehrere schwere Zubereitungen hintereinander, zum Beispiel Brot- oder Pizzateig. F\u00fcr das R\u00fchren von Teig verwendest du den mitgelieferten Knethaken. Dar\u00fcber hinaus bekommst du einen K-Besen und einen Schneebesen dazu. Mit dem K-Besen r\u00fchrst du Teig und mit dem Schneebesen schl\u00e4gst du Schlagsahne. In der 5-Liter-R\u00fchrsch\u00fcssel r\u00fchrst den Teig f\u00fcr 1,5 Springformen an. W\u00e4hrend des R\u00fchrens musst du wegen des Spritzschutzdeckels keine Angst haben, das Spritzer aus der Sch\u00fcssel fliegen. Bist du fertig mit dem Backen? Dann stelle die losen Bauteile einfach in die Sp\u00fclmaschine.<\/p>\n","protected":false},"excerpt":{"rendered":"<p>Die Kenwood Titanium Chef Baker KVC65.001WH hat eine eingebaute Waage, sodass du Zutaten direkt in der R\u00fchrsch\u00fcssel abwiegen kannst. Dank der sehr hohen Leistung von 1.200 Watt machst du mehrere schwere Zubereitungen hintereinander, zum Beispiel Brot- oder Pizzateig. F\u00fcr das R\u00fchren von Teig verwendest du den mitgelieferten Knethaken. Dar\u00fcber hinaus bekommst du einen K-Besen und einen Schneebesen dazu. Mit dem K-Besen r\u00fchrst du Teig und mit dem Schneebesen schl\u00e4gst du Schlagsahne. In der 5-Liter-R\u00fchrsch\u00fcssel r\u00fchrst den Teig f\u00fcr 1,5 Springformen an. W\u00e4hrend des R\u00fchrens musst du wegen des Spritzschutzdeckels keine Angst haben, das Spritzer aus der Sch\u00fcssel fliegen. Bist du fertig mit dem Backen? Dann stelle die losen Bauteile einfach in die Sp\u00fclmaschine.<\/p>\n","protected":false},"featured_media":0,"comment_status":"closed","ping_status":"open","template":"","meta":{"_acf_changed":false},"brand":[234],"product_brand":[],"product_cat":[2306],"product_tag":[2307],"class_list":{"0":"post-75273","1":"product","2":"type-product","3":"status-publish","5":"brand-kenwood","6":"product_cat-kchenmaschinen","7":"product_tag-keukenmixers","8":"pa_condition-new","9":"pa_coolblue-de-verzending-morgen-gratis-geliefert","10":"pa_ean-10850","11":"pa_mpn-0w20011376","13":"first","14":"instock","15":"product-type-external"},"acf":[],"_links":{"self":[{"href":"https:\/\/onlinehardwareshop.de\/index.php\/wp-json\/wp\/v2\/product\/75273","targetHints":{"allow":["GET"]}}],"collection":[{"href":"https:\/\/onlinehardwareshop.de\/index.php\/wp-json\/wp\/v2\/product"}],"about":[{"href":"https:\/\/onlinehardwareshop.de\/index.php\/wp-json\/wp\/v2\/types\/product"}],"replies":[{"embeddable":true,"href":"https:\/\/onlinehardwareshop.de\/index.php\/wp-json\/wp\/v2\/comments?post=75273"}],"wp:attachment":[{"href":"https:\/\/onlinehardwareshop.de\/index.php\/wp-json\/wp\/v2\/media?parent=75273"}],"wp:term":[{"taxonomy":"brand","embeddable":true,"href":"https:\/\/onlinehardwareshop.de\/index.php\/wp-json\/wp\/v2\/brand?post=75273"},{"taxonomy":"product_brand","embeddable":true,"href":"https:\/\/onlinehardwareshop.de\/index.php\/wp-json\/wp\/v2\/product_brand?post=75273"},{"taxonomy":"product_cat","embeddable":true,"href":"https:\/\/onlinehardwareshop.de\/index.php\/wp-json\/wp\/v2\/product_cat?post=75273"},{"taxonomy":"product_tag","embeddable":true,"href":"https:\/\/onlinehardwareshop.de\/index.php\/wp-json\/wp\/v2\/product_tag?post=75273"}],"curies":[{"name":"wp","href":"https:\/\/api.w.org\/{rel}","templated":true}]}}