{"id":75264,"date":"2024-07-22T23:45:10","date_gmt":"2024-07-22T23:45:10","guid":{"rendered":"https:\/\/onlinehardwareshop.de\/index.php\/produkt\/owl-labs-meeting-owl-3-2\/"},"modified":"2025-05-14T05:50:17","modified_gmt":"2025-05-14T05:50:17","slug":"owl-labs-meeting-owl-3","status":"publish","type":"product","link":"https:\/\/onlinehardwareshop.de\/index.php\/produkt\/owl-labs-meeting-owl-3\/","title":{"rendered":"Owl Labs Meeting Owl 3"},"content":{"rendered":"<p>Die Owl Labs Meeting Owl 3 ist eine Konferenzkamera, die f\u00fcr Besprechungen in gr\u00f6\u00dferen R\u00e4umen geeignet ist. Im Vergleich mit dem Vorg\u00e4ngermodell weist die Owl 3 einige Verbesserungen auf. Der Autofokus ist viermal schneller, wodurch die Webcam sich schneller auf die sprechende Person konzentrieren kann. Au\u00dferdem hat die Owl 3 drei Lautsprecher, also einen mehr als die Owl Pro. Du schlie\u00dft die Owl\u00a03 mit einem USB-C-Kabel an und verwendest sie sofort. Die Kamera nimmt Videobilder aus bis zu einer Entfernung von 3\u00a0m und Ton aus bis zu 5,5\u00a0m auf. Hast du eine Besprechung in einem gro\u00dfen Raum mit vielen Kollegen? Dann schlie\u00dft du \u00fcber Owl Connect einfach eine zweite Owl 3 an, um die Videoreichweite auf 8,5\u00a0m und die Audioreichweite auf 13,5\u00a0m zu vergr\u00f6\u00dfern. Dar\u00fcber hinaus ist die Owl 3 mit allen g\u00e4ngigen Videokonferenzprogrammen kompatibel und Microsoft Teams Certified, um beste Qualit\u00e4t bei Teams Anrufen zu gew\u00e4hrleisten.<\/p>\n","protected":false},"excerpt":{"rendered":"<p>Die Owl Labs Meeting Owl 3 ist eine Konferenzkamera, die f\u00fcr Besprechungen in gr\u00f6\u00dferen R\u00e4umen geeignet ist. Im Vergleich mit dem Vorg\u00e4ngermodell weist die Owl 3 einige Verbesserungen auf. Der Autofokus ist viermal schneller, wodurch die Webcam sich schneller auf die sprechende Person konzentrieren kann. Au\u00dferdem hat die Owl 3 drei Lautsprecher, also einen mehr als die Owl Pro. Du schlie\u00dft die Owl\u00a03 mit einem USB-C-Kabel an und verwendest sie sofort. Die Kamera nimmt Videobilder aus bis zu einer Entfernung von 3\u00a0m und Ton aus bis zu 5,5\u00a0m auf. Hast du eine Besprechung in einem gro\u00dfen Raum mit vielen Kollegen? Dann schlie\u00dft du \u00fcber Owl Connect einfach eine zweite Owl 3 an, um die Videoreichweite auf 8,5\u00a0m und die Audioreichweite auf 13,5\u00a0m zu vergr\u00f6\u00dfern. Dar\u00fcber hinaus ist die Owl 3 mit allen g\u00e4ngigen Videokonferenzprogrammen kompatibel und Microsoft Teams Certified, um beste Qualit\u00e4t bei Teams Anrufen zu gew\u00e4hrleisten.<\/p>\n","protected":false},"featured_media":0,"comment_status":"closed","ping_status":"open","template":"","meta":{"_acf_changed":false},"brand":[10838],"product_brand":[],"product_cat":[999],"product_tag":[2983],"class_list":{"0":"post-75264","1":"product","2":"type-product","3":"status-publish","5":"brand-owl-labs","6":"product_cat-webcams","7":"product_tag-conference-cameras","8":"pa_condition-new","9":"pa_coolblue-de-verzending-morgen-gratis-geliefert","10":"pa_ean-10836","11":"pa_mpn-mtw300-2000","13":"first","14":"instock","15":"product-type-external"},"acf":[],"_links":{"self":[{"href":"https:\/\/onlinehardwareshop.de\/index.php\/wp-json\/wp\/v2\/product\/75264","targetHints":{"allow":["GET"]}}],"collection":[{"href":"https:\/\/onlinehardwareshop.de\/index.php\/wp-json\/wp\/v2\/product"}],"about":[{"href":"https:\/\/onlinehardwareshop.de\/index.php\/wp-json\/wp\/v2\/types\/product"}],"replies":[{"embeddable":true,"href":"https:\/\/onlinehardwareshop.de\/index.php\/wp-json\/wp\/v2\/comments?post=75264"}],"wp:attachment":[{"href":"https:\/\/onlinehardwareshop.de\/index.php\/wp-json\/wp\/v2\/media?parent=75264"}],"wp:term":[{"taxonomy":"brand","embeddable":true,"href":"https:\/\/onlinehardwareshop.de\/index.php\/wp-json\/wp\/v2\/brand?post=75264"},{"taxonomy":"product_brand","embeddable":true,"href":"https:\/\/onlinehardwareshop.de\/index.php\/wp-json\/wp\/v2\/product_brand?post=75264"},{"taxonomy":"product_cat","embeddable":true,"href":"https:\/\/onlinehardwareshop.de\/index.php\/wp-json\/wp\/v2\/product_cat?post=75264"},{"taxonomy":"product_tag","embeddable":true,"href":"https:\/\/onlinehardwareshop.de\/index.php\/wp-json\/wp\/v2\/product_tag?post=75264"}],"curies":[{"name":"wp","href":"https:\/\/api.w.org\/{rel}","templated":true}]}}