{"id":75258,"date":"2024-08-04T03:30:13","date_gmt":"2024-08-04T03:30:13","guid":{"rendered":"https:\/\/onlinehardwareshop.de\/index.php\/produkt\/bauknecht-chr-9642-in-herdgesteuert-2\/"},"modified":"2025-05-14T05:49:40","modified_gmt":"2025-05-14T05:49:40","slug":"bauknecht-chr-9642-in-herdgesteuert","status":"publish","type":"product","link":"https:\/\/onlinehardwareshop.de\/index.php\/produkt\/bauknecht-chr-9642-in-herdgesteuert\/","title":{"rendered":"Bauknecht CHR 9642 IN &#8211; herdgesteuert"},"content":{"rendered":"<p>Bereite mit dem Bauknecht CHR 9642 IN Kochfeld deine Lieblingsgerichte zu. Das ofengesteuerte Kochfeld bedienst du einfach \u00fcber die Kn\u00f6pfe deines Bauknecht Ofens. Mit seinen vier Kochzonen kreierst du Speisen f\u00fcr die ganze Familie. Kochst du gerne gro\u00dfe St\u00fccke Fleisch? Schalte dann die Bratzone hinzu und platziere auch gro\u00dfe oder l\u00e4ngliche Pfannen auf der Platte. Auf der Zweikreisplatte schaltest du den \u00e4u\u00dferen Ring hinzu, um auch f\u00fcr deinen gro\u00dfen Spaghettitopf Platz zu haben. Dank der Restw\u00e4rmeanzeige verbrennst du dir dabei nicht mehr die Finger, da du immer genau wei\u00dft, welche Platte nach dem Kochen noch hei\u00df ist.   Hinweis:  Dieses Kochfeld ist Teil eines Herdsets und kann nur in Verbindung mit dem dazugeh\u00f6rigen Einbauherd benutzt werden.<\/p>\n","protected":false},"excerpt":{"rendered":"<p>Bereite mit dem Bauknecht CHR 9642 IN Kochfeld deine Lieblingsgerichte zu. Das ofengesteuerte Kochfeld bedienst du einfach \u00fcber die Kn\u00f6pfe deines Bauknecht Ofens. Mit seinen vier Kochzonen kreierst du Speisen f\u00fcr die ganze Familie. Kochst du gerne gro\u00dfe St\u00fccke Fleisch? Schalte dann die Bratzone hinzu und platziere auch gro\u00dfe oder l\u00e4ngliche Pfannen auf der Platte. Auf der Zweikreisplatte schaltest du den \u00e4u\u00dferen Ring hinzu, um auch f\u00fcr deinen gro\u00dfen Spaghettitopf Platz zu haben. Dank der Restw\u00e4rmeanzeige verbrennst du dir dabei nicht mehr die Finger, da du immer genau wei\u00dft, welche Platte nach dem Kochen noch hei\u00df ist.   Hinweis:  Dieses Kochfeld ist Teil eines Herdsets und kann nur in Verbindung mit dem dazugeh\u00f6rigen Einbauherd benutzt werden.<\/p>\n","protected":false},"featured_media":0,"comment_status":"closed","ping_status":"open","template":"","meta":{"_acf_changed":false},"brand":[8187],"product_brand":[],"product_cat":[2595],"product_tag":[2596],"class_list":{"0":"post-75258","1":"product","2":"type-product","3":"status-publish","5":"brand-bauknecht","6":"product_cat-kochfelder","7":"product_tag-inbouw-keramische-kookplaten","8":"pa_condition-new","9":"pa_coolblue-de-verzending-morgen-gratis-geliefert","10":"pa_ean-10822","11":"pa_mpn-10823","13":"first","14":"instock","15":"product-type-external"},"acf":[],"_links":{"self":[{"href":"https:\/\/onlinehardwareshop.de\/index.php\/wp-json\/wp\/v2\/product\/75258","targetHints":{"allow":["GET"]}}],"collection":[{"href":"https:\/\/onlinehardwareshop.de\/index.php\/wp-json\/wp\/v2\/product"}],"about":[{"href":"https:\/\/onlinehardwareshop.de\/index.php\/wp-json\/wp\/v2\/types\/product"}],"replies":[{"embeddable":true,"href":"https:\/\/onlinehardwareshop.de\/index.php\/wp-json\/wp\/v2\/comments?post=75258"}],"wp:attachment":[{"href":"https:\/\/onlinehardwareshop.de\/index.php\/wp-json\/wp\/v2\/media?parent=75258"}],"wp:term":[{"taxonomy":"brand","embeddable":true,"href":"https:\/\/onlinehardwareshop.de\/index.php\/wp-json\/wp\/v2\/brand?post=75258"},{"taxonomy":"product_brand","embeddable":true,"href":"https:\/\/onlinehardwareshop.de\/index.php\/wp-json\/wp\/v2\/product_brand?post=75258"},{"taxonomy":"product_cat","embeddable":true,"href":"https:\/\/onlinehardwareshop.de\/index.php\/wp-json\/wp\/v2\/product_cat?post=75258"},{"taxonomy":"product_tag","embeddable":true,"href":"https:\/\/onlinehardwareshop.de\/index.php\/wp-json\/wp\/v2\/product_tag?post=75258"}],"curies":[{"name":"wp","href":"https:\/\/api.w.org\/{rel}","templated":true}]}}