{"id":75241,"date":"2024-02-20T08:53:11","date_gmt":"2024-02-20T08:53:11","guid":{"rendered":"https:\/\/onlinehardwareshop.de\/index.php\/produkt\/sony-inzone-h3-ps4-5-und-pc-2\/"},"modified":"2025-05-14T05:48:10","modified_gmt":"2025-05-14T05:48:10","slug":"sony-inzone-h3-ps4-5-und-pc","status":"publish","type":"product","link":"https:\/\/onlinehardwareshop.de\/index.php\/produkt\/sony-inzone-h3-ps4-5-und-pc\/","title":{"rendered":"Sony Inzone H3 PS4\/5 und PC"},"content":{"rendered":"<p>Mit dem Sony Inzone H3 Gaming-Headset erlebst du deine Spiele mit optimalem Sound auf PlayStation und PC. Dieses Gaming-Headset schlie\u00dft du \u00fcber ein 3,5-Millimeter-Audiokabel an. Das Headset ist also Plug &#038; Play und sofort einsatzbereit. Dank des 3D-Audios des Inzone H3 h\u00f6rst du genau, von wo sich deine Gegner anschleichen. Au\u00dferdem kommunizierst du dank der Rauschunterdr\u00fcckung des Mikrofons online ohne Hintergrundger\u00e4usche mit deinen Freunden. So kommen deine Kommentare immer deutlich an. Spielst du \u00f6fter im Single-Player-Modus oder ben\u00f6tigst kein Mikrofon? Dann klappe das Mikrofon des Headsets einfach hoch. So ist es dir nicht im Weg und du zockst ungest\u00f6rt weiter.<\/p>\n","protected":false},"excerpt":{"rendered":"<p>Mit dem Sony Inzone H3 Gaming-Headset erlebst du deine Spiele mit optimalem Sound auf PlayStation und PC. Dieses Gaming-Headset schlie\u00dft du \u00fcber ein 3,5-Millimeter-Audiokabel an. Das Headset ist also Plug &#038; Play und sofort einsatzbereit. Dank des 3D-Audios des Inzone H3 h\u00f6rst du genau, von wo sich deine Gegner anschleichen. Au\u00dferdem kommunizierst du dank der Rauschunterdr\u00fcckung des Mikrofons online ohne Hintergrundger\u00e4usche mit deinen Freunden. So kommen deine Kommentare immer deutlich an. Spielst du \u00f6fter im Single-Player-Modus oder ben\u00f6tigst kein Mikrofon? Dann klappe das Mikrofon des Headsets einfach hoch. So ist es dir nicht im Weg und du zockst ungest\u00f6rt weiter.<\/p>\n","protected":false},"featured_media":0,"comment_status":"closed","ping_status":"open","template":"","meta":{"_acf_changed":false},"brand":[56],"product_brand":[],"product_cat":[3435],"product_tag":[3436],"class_list":{"0":"post-75241","1":"product","2":"type-product","3":"status-publish","5":"brand-sony","6":"product_cat-gaming-headsets","7":"product_tag-gaming-headsets","8":"pa_condition-new","9":"pa_coolblue-de-verzending-morgen-gratis-geliefert","10":"pa_ean-10794","11":"pa_mpn-mdrg300w-ce7","13":"first","14":"instock","15":"product-type-external"},"acf":[],"_links":{"self":[{"href":"https:\/\/onlinehardwareshop.de\/index.php\/wp-json\/wp\/v2\/product\/75241","targetHints":{"allow":["GET"]}}],"collection":[{"href":"https:\/\/onlinehardwareshop.de\/index.php\/wp-json\/wp\/v2\/product"}],"about":[{"href":"https:\/\/onlinehardwareshop.de\/index.php\/wp-json\/wp\/v2\/types\/product"}],"replies":[{"embeddable":true,"href":"https:\/\/onlinehardwareshop.de\/index.php\/wp-json\/wp\/v2\/comments?post=75241"}],"wp:attachment":[{"href":"https:\/\/onlinehardwareshop.de\/index.php\/wp-json\/wp\/v2\/media?parent=75241"}],"wp:term":[{"taxonomy":"brand","embeddable":true,"href":"https:\/\/onlinehardwareshop.de\/index.php\/wp-json\/wp\/v2\/brand?post=75241"},{"taxonomy":"product_brand","embeddable":true,"href":"https:\/\/onlinehardwareshop.de\/index.php\/wp-json\/wp\/v2\/product_brand?post=75241"},{"taxonomy":"product_cat","embeddable":true,"href":"https:\/\/onlinehardwareshop.de\/index.php\/wp-json\/wp\/v2\/product_cat?post=75241"},{"taxonomy":"product_tag","embeddable":true,"href":"https:\/\/onlinehardwareshop.de\/index.php\/wp-json\/wp\/v2\/product_tag?post=75241"}],"curies":[{"name":"wp","href":"https:\/\/api.w.org\/{rel}","templated":true}]}}