{"id":75240,"date":"2024-03-29T00:53:41","date_gmt":"2024-03-29T00:53:41","guid":{"rendered":"https:\/\/onlinehardwareshop.de\/index.php\/produkt\/sony-inzone-h9-gaming-headset-2\/"},"modified":"2025-05-14T05:48:05","modified_gmt":"2025-05-14T05:48:05","slug":"sony-inzone-h9-gaming-headset","status":"publish","type":"product","link":"https:\/\/onlinehardwareshop.de\/index.php\/produkt\/sony-inzone-h9-gaming-headset\/","title":{"rendered":"Sony Inzone H9 Gaming-Headset"},"content":{"rendered":"<p>Mit dem wei\u00dfen Sony Inzone H9 spielst du voll konzentriert kabellos auf deiner PlayStation und deinem PC. Dieses Gaming-Headset schlie\u00dft du \u00fcber den USB-A-Dongle und Bluetooth an deine PlayStation oder deinen PC an. So entsteht beim Gaming kein Kabelsalat. Dank des Surround Sounds in 360 Grad erlebst du dein Spiel intensiver und h\u00f6rst genau, aus welcher Richtung deine Gegner kommen. Damit bist du ihnen jederzeit einen Schritt voraus. Au\u00dferdem kommunizierst du dank der Rauschunterdr\u00fcckung des Mikrofons online ohne Hintergrundger\u00e4usche mit deinen Freunden. Deine Kommentare kommen also immer deutlich an. Die durchschnittliche Akkulaufzeit des Headsets betr\u00e4gt 32 Stunden. So erlebst du ausgiebigen Gaming-Spa\u00df, ohne das Headset zwischendurch zu laden. Dieses Gaming-Headset wiegt 330 Gramm. Daher sp\u00fcrst du es beim Tragen kaum und spielst stundenlang ohne Nackenbeschwerden.  Hinweis: Dieses Gaming-Headset wurde f\u00fcr die PlayStation entwickelt, es l\u00e4sst sich aber auch kabellos am PC nutzen.<\/p>\n","protected":false},"excerpt":{"rendered":"<p>Mit dem wei\u00dfen Sony Inzone H9 spielst du voll konzentriert kabellos auf deiner PlayStation und deinem PC. Dieses Gaming-Headset schlie\u00dft du \u00fcber den USB-A-Dongle und Bluetooth an deine PlayStation oder deinen PC an. So entsteht beim Gaming kein Kabelsalat. Dank des Surround Sounds in 360 Grad erlebst du dein Spiel intensiver und h\u00f6rst genau, aus welcher Richtung deine Gegner kommen. Damit bist du ihnen jederzeit einen Schritt voraus. Au\u00dferdem kommunizierst du dank der Rauschunterdr\u00fcckung des Mikrofons online ohne Hintergrundger\u00e4usche mit deinen Freunden. Deine Kommentare kommen also immer deutlich an. Die durchschnittliche Akkulaufzeit des Headsets betr\u00e4gt 32 Stunden. So erlebst du ausgiebigen Gaming-Spa\u00df, ohne das Headset zwischendurch zu laden. Dieses Gaming-Headset wiegt 330 Gramm. Daher sp\u00fcrst du es beim Tragen kaum und spielst stundenlang ohne Nackenbeschwerden.  Hinweis: Dieses Gaming-Headset wurde f\u00fcr die PlayStation entwickelt, es l\u00e4sst sich aber auch kabellos am PC nutzen.<\/p>\n","protected":false},"featured_media":0,"comment_status":"closed","ping_status":"open","template":"","meta":{"_acf_changed":false},"brand":[56],"product_brand":[],"product_cat":[3435],"product_tag":[3436],"class_list":{"0":"post-75240","1":"product","2":"type-product","3":"status-publish","5":"brand-sony","6":"product_cat-gaming-headsets","7":"product_tag-gaming-headsets","8":"pa_condition-new","9":"pa_coolblue-de-verzending-morgen-gratis-geliefert","10":"pa_ean-10792","11":"pa_mpn-whg900nw-ce7","13":"first","14":"instock","15":"product-type-external"},"acf":[],"_links":{"self":[{"href":"https:\/\/onlinehardwareshop.de\/index.php\/wp-json\/wp\/v2\/product\/75240","targetHints":{"allow":["GET"]}}],"collection":[{"href":"https:\/\/onlinehardwareshop.de\/index.php\/wp-json\/wp\/v2\/product"}],"about":[{"href":"https:\/\/onlinehardwareshop.de\/index.php\/wp-json\/wp\/v2\/types\/product"}],"replies":[{"embeddable":true,"href":"https:\/\/onlinehardwareshop.de\/index.php\/wp-json\/wp\/v2\/comments?post=75240"}],"wp:attachment":[{"href":"https:\/\/onlinehardwareshop.de\/index.php\/wp-json\/wp\/v2\/media?parent=75240"}],"wp:term":[{"taxonomy":"brand","embeddable":true,"href":"https:\/\/onlinehardwareshop.de\/index.php\/wp-json\/wp\/v2\/brand?post=75240"},{"taxonomy":"product_brand","embeddable":true,"href":"https:\/\/onlinehardwareshop.de\/index.php\/wp-json\/wp\/v2\/product_brand?post=75240"},{"taxonomy":"product_cat","embeddable":true,"href":"https:\/\/onlinehardwareshop.de\/index.php\/wp-json\/wp\/v2\/product_cat?post=75240"},{"taxonomy":"product_tag","embeddable":true,"href":"https:\/\/onlinehardwareshop.de\/index.php\/wp-json\/wp\/v2\/product_tag?post=75240"}],"curies":[{"name":"wp","href":"https:\/\/api.w.org\/{rel}","templated":true}]}}