{"id":75223,"date":"2024-05-14T03:49:45","date_gmt":"2024-05-14T03:49:45","guid":{"rendered":"https:\/\/onlinehardwareshop.de\/index.php\/produkt\/russell-hobbs-attentiv-26200-70-2\/"},"modified":"2025-05-14T05:46:55","modified_gmt":"2025-05-14T05:46:55","slug":"russell-hobbs-attentiv-26200-70","status":"publish","type":"product","link":"https:\/\/onlinehardwareshop.de\/index.php\/produkt\/russell-hobbs-attentiv-26200-70\/","title":{"rendered":"Russell Hobbs Attentiv 26200-70"},"content":{"rendered":"<p>Mit dem Russell &#038; Hobbs Attentiv 26200-70 kannst du dank der 13 verschiedenen Temperaturstufen alle m\u00f6glichen Sorten Tee zubereiten. Die Temperatureinstellungen lassen sich anhand des Drehw\u00e4hlers einstellen. So kochst du Wasser mit einer Temperatur zwischen 70 und 85\u00a0Grad f\u00fcr gr\u00fcnen Tee und mit 100 Grad f\u00fcr Rooibostee. Du m\u00f6chtest Tee mit losen Teebl\u00e4ttern zubereiten? Dann verwende den herausnehmbaren Teefilter. Man f\u00fcllt den Filter mit Teebl\u00e4ttern oder Kr\u00e4utertee und taucht ihn anschlie\u00dfend ein paar Minuten ins Wasser. Zudem speichert der Wasserkocher auch deine bevorzugten Einstellungen, sodass du deinen Lieblingstee immer wieder genie\u00dfen kannst. Auf dem Display kannst du genau ablesen, wie lange es noch dauert, bis das Wasser kocht.<\/p>\n","protected":false},"excerpt":{"rendered":"<p>Mit dem Russell &#038; Hobbs Attentiv 26200-70 kannst du dank der 13 verschiedenen Temperaturstufen alle m\u00f6glichen Sorten Tee zubereiten. Die Temperatureinstellungen lassen sich anhand des Drehw\u00e4hlers einstellen. So kochst du Wasser mit einer Temperatur zwischen 70 und 85\u00a0Grad f\u00fcr gr\u00fcnen Tee und mit 100 Grad f\u00fcr Rooibostee. Du m\u00f6chtest Tee mit losen Teebl\u00e4ttern zubereiten? Dann verwende den herausnehmbaren Teefilter. Man f\u00fcllt den Filter mit Teebl\u00e4ttern oder Kr\u00e4utertee und taucht ihn anschlie\u00dfend ein paar Minuten ins Wasser. Zudem speichert der Wasserkocher auch deine bevorzugten Einstellungen, sodass du deinen Lieblingstee immer wieder genie\u00dfen kannst. Auf dem Display kannst du genau ablesen, wie lange es noch dauert, bis das Wasser kocht.<\/p>\n","protected":false},"featured_media":0,"comment_status":"closed","ping_status":"open","template":"","meta":{"_acf_changed":false},"brand":[734],"product_brand":[],"product_cat":[716],"product_tag":[717],"class_list":{"0":"post-75223","1":"product","2":"type-product","3":"status-publish","5":"brand-russell-hobbs","6":"product_cat-wasserkocher","7":"product_tag-waterkokers","8":"pa_condition-new","9":"pa_coolblue-de-verzending-morgen-gratis-geliefert","10":"pa_ean-31093","11":"pa_mpn-31094","13":"first","14":"instock","15":"product-type-external"},"acf":[],"_links":{"self":[{"href":"https:\/\/onlinehardwareshop.de\/index.php\/wp-json\/wp\/v2\/product\/75223","targetHints":{"allow":["GET"]}}],"collection":[{"href":"https:\/\/onlinehardwareshop.de\/index.php\/wp-json\/wp\/v2\/product"}],"about":[{"href":"https:\/\/onlinehardwareshop.de\/index.php\/wp-json\/wp\/v2\/types\/product"}],"replies":[{"embeddable":true,"href":"https:\/\/onlinehardwareshop.de\/index.php\/wp-json\/wp\/v2\/comments?post=75223"}],"wp:attachment":[{"href":"https:\/\/onlinehardwareshop.de\/index.php\/wp-json\/wp\/v2\/media?parent=75223"}],"wp:term":[{"taxonomy":"brand","embeddable":true,"href":"https:\/\/onlinehardwareshop.de\/index.php\/wp-json\/wp\/v2\/brand?post=75223"},{"taxonomy":"product_brand","embeddable":true,"href":"https:\/\/onlinehardwareshop.de\/index.php\/wp-json\/wp\/v2\/product_brand?post=75223"},{"taxonomy":"product_cat","embeddable":true,"href":"https:\/\/onlinehardwareshop.de\/index.php\/wp-json\/wp\/v2\/product_cat?post=75223"},{"taxonomy":"product_tag","embeddable":true,"href":"https:\/\/onlinehardwareshop.de\/index.php\/wp-json\/wp\/v2\/product_tag?post=75223"}],"curies":[{"name":"wp","href":"https:\/\/api.w.org\/{rel}","templated":true}]}}