{"id":75162,"date":"2024-08-17T04:44:09","date_gmt":"2024-08-17T04:44:09","guid":{"rendered":"https:\/\/onlinehardwareshop.de\/index.php\/produkt\/brabantia-bo-touch-bin-hi-2-x-30-liter-matt-black-mllbeutel-120-stck-2\/"},"modified":"2025-05-14T05:42:05","modified_gmt":"2025-05-14T05:42:05","slug":"brabantia-bo-touch-bin-hi-2-x-30-liter-matt-black-mllbeutel-120-stck","status":"publish","type":"product","link":"https:\/\/onlinehardwareshop.de\/index.php\/produkt\/brabantia-bo-touch-bin-hi-2-x-30-liter-matt-black-mllbeutel-120-stck\/","title":{"rendered":"Brabantia Bo Touch Bin Hi 2 x 30 Liter Matt Black + M&#xFC;llbeutel (120 St&#xFC;ck)"},"content":{"rendered":"<p>Der M\u00fclleimer Brabantia Bo Touch Bin Hi 2 x 30 Liter Matt Black + M\u00fcllbeutel (120 St\u00fcck) ist dank der mitgelieferten M\u00fclls\u00e4cke sofort als M\u00fclltrennsystem einsatzbereit. In die zwei 30 Liter Inneneimer passt der Abfall von mehr als f\u00fcnf Personen. So bringst du selbst mit einer Gro\u00dffamilie nicht jeden Tag den M\u00fcll raus. Nimm die zwei F\u00e4cher des Doppelm\u00fclleimers einfach heraus, um den M\u00fcll heraus zu nehmen oder um das Fach zu s\u00e4ubern. Weil 120 passende Beutel mitgeliefert werden, hast du danach sofort wieder einen Wechselbeutel zur Hand. Trenne Plastik und Essensreste ganz einfach in den separaten Eimern. Mit dem Brabantia Soft Touch System \u00f6ffnest du den Deckel durch eine sanfte Ber\u00fchrung. Trotz seiner Gr\u00f6\u00dfe stellst du den rechteckigen M\u00fclleimer platzsparend in eine Ecke oder gegen die Wand.<\/p>\n","protected":false},"excerpt":{"rendered":"<p>Der M\u00fclleimer Brabantia Bo Touch Bin Hi 2 x 30 Liter Matt Black + M\u00fcllbeutel (120 St\u00fcck) ist dank der mitgelieferten M\u00fclls\u00e4cke sofort als M\u00fclltrennsystem einsatzbereit. In die zwei 30 Liter Inneneimer passt der Abfall von mehr als f\u00fcnf Personen. So bringst du selbst mit einer Gro\u00dffamilie nicht jeden Tag den M\u00fcll raus. Nimm die zwei F\u00e4cher des Doppelm\u00fclleimers einfach heraus, um den M\u00fcll heraus zu nehmen oder um das Fach zu s\u00e4ubern. Weil 120 passende Beutel mitgeliefert werden, hast du danach sofort wieder einen Wechselbeutel zur Hand. Trenne Plastik und Essensreste ganz einfach in den separaten Eimern. Mit dem Brabantia Soft Touch System \u00f6ffnest du den Deckel durch eine sanfte Ber\u00fchrung. Trotz seiner Gr\u00f6\u00dfe stellst du den rechteckigen M\u00fclleimer platzsparend in eine Ecke oder gegen die Wand.<\/p>\n","protected":false},"featured_media":0,"comment_status":"closed","ping_status":"open","template":"","meta":{"_acf_changed":false},"brand":[66],"product_brand":[],"product_cat":[653],"product_tag":[654],"class_list":{"0":"post-75162","1":"product","2":"type-product","3":"status-publish","5":"brand-brabantia","6":"product_cat-mlleimer","7":"product_tag-prullenbakken-keuken-met-afvalscheiding","8":"pa_condition-new","9":"pa_coolblue-de-verzending-morgen-gratis-geliefert","10":"pa_ean-10619","12":"first","13":"instock","14":"product-type-external"},"acf":[],"_links":{"self":[{"href":"https:\/\/onlinehardwareshop.de\/index.php\/wp-json\/wp\/v2\/product\/75162","targetHints":{"allow":["GET"]}}],"collection":[{"href":"https:\/\/onlinehardwareshop.de\/index.php\/wp-json\/wp\/v2\/product"}],"about":[{"href":"https:\/\/onlinehardwareshop.de\/index.php\/wp-json\/wp\/v2\/types\/product"}],"replies":[{"embeddable":true,"href":"https:\/\/onlinehardwareshop.de\/index.php\/wp-json\/wp\/v2\/comments?post=75162"}],"wp:attachment":[{"href":"https:\/\/onlinehardwareshop.de\/index.php\/wp-json\/wp\/v2\/media?parent=75162"}],"wp:term":[{"taxonomy":"brand","embeddable":true,"href":"https:\/\/onlinehardwareshop.de\/index.php\/wp-json\/wp\/v2\/brand?post=75162"},{"taxonomy":"product_brand","embeddable":true,"href":"https:\/\/onlinehardwareshop.de\/index.php\/wp-json\/wp\/v2\/product_brand?post=75162"},{"taxonomy":"product_cat","embeddable":true,"href":"https:\/\/onlinehardwareshop.de\/index.php\/wp-json\/wp\/v2\/product_cat?post=75162"},{"taxonomy":"product_tag","embeddable":true,"href":"https:\/\/onlinehardwareshop.de\/index.php\/wp-json\/wp\/v2\/product_tag?post=75162"}],"curies":[{"name":"wp","href":"https:\/\/api.w.org\/{rel}","templated":true}]}}