{"id":75151,"date":"2024-03-12T19:32:51","date_gmt":"2024-03-12T19:32:51","guid":{"rendered":"https:\/\/onlinehardwareshop.de\/index.php\/produkt\/playseat-challenge-actifit-2\/"},"modified":"2025-05-14T05:41:01","modified_gmt":"2025-05-14T05:41:01","slug":"playseat-challenge-actifit","status":"publish","type":"product","link":"https:\/\/onlinehardwareshop.de\/index.php\/produkt\/playseat-challenge-actifit\/","title":{"rendered":"Playseat Challenge ActiFit"},"content":{"rendered":"<p>Der Playseat Challenge ActiFit ist ein guter Gaming-Stuhl f\u00fcr den Einstieg als Sim-Racer. Dieser Stuhl l\u00e4sst sich n\u00e4mlich vollst\u00e4ndig zusammenklappen. Dadurch l\u00e4sst er sich ganz leicht verstauen und nimmt dabei kaum Platz ein. Das Lenkrad und die Pedale l\u00e4sst du dabei einfach am Stuhl befestigt. Auch l\u00e4sst sich die R\u00fcckenlehne nach Wunsch einstellen, sodass du w\u00e4hrend deiner Rennen eine ergonomische Haltung einnimmst. Verstelle f\u00fcr eine bequeme Haltung beim Racing auch den Winkel des Lenkrads. Dieser Stuhl eignet sich f\u00fcr Gamer mit einer maximalen K\u00f6rpergr\u00f6\u00dfe von 220 Zentimetern und einem maximalen K\u00f6rpergewicht von 122 Kilogramm. Das neu verarbeitete ActiFit Material ist langlebig und atmungsaktiv. Dadurch bietet es dir w\u00e4hrend eines langen und spannenden Rennens mehr Komfort.<\/p>\n","protected":false},"excerpt":{"rendered":"<p>Der Playseat Challenge ActiFit ist ein guter Gaming-Stuhl f\u00fcr den Einstieg als Sim-Racer. Dieser Stuhl l\u00e4sst sich n\u00e4mlich vollst\u00e4ndig zusammenklappen. Dadurch l\u00e4sst er sich ganz leicht verstauen und nimmt dabei kaum Platz ein. Das Lenkrad und die Pedale l\u00e4sst du dabei einfach am Stuhl befestigt. Auch l\u00e4sst sich die R\u00fcckenlehne nach Wunsch einstellen, sodass du w\u00e4hrend deiner Rennen eine ergonomische Haltung einnimmst. Verstelle f\u00fcr eine bequeme Haltung beim Racing auch den Winkel des Lenkrads. Dieser Stuhl eignet sich f\u00fcr Gamer mit einer maximalen K\u00f6rpergr\u00f6\u00dfe von 220 Zentimetern und einem maximalen K\u00f6rpergewicht von 122 Kilogramm. Das neu verarbeitete ActiFit Material ist langlebig und atmungsaktiv. Dadurch bietet es dir w\u00e4hrend eines langen und spannenden Rennens mehr Komfort.<\/p>\n","protected":false},"featured_media":0,"comment_status":"closed","ping_status":"open","template":"","meta":{"_acf_changed":false},"brand":[362],"product_brand":[],"product_cat":[363],"product_tag":[364],"class_list":{"0":"post-75151","1":"product","2":"type-product","3":"status-publish","5":"brand-playseat","6":"product_cat-gaming-sthle","7":"product_tag-race-stoelen","8":"pa_condition-new","9":"pa_coolblue-de-verzending-morgen-gratis-geliefert","10":"pa_ean-10594","11":"pa_mpn-rc-00312","13":"first","14":"instock","15":"product-type-external"},"acf":[],"_links":{"self":[{"href":"https:\/\/onlinehardwareshop.de\/index.php\/wp-json\/wp\/v2\/product\/75151","targetHints":{"allow":["GET"]}}],"collection":[{"href":"https:\/\/onlinehardwareshop.de\/index.php\/wp-json\/wp\/v2\/product"}],"about":[{"href":"https:\/\/onlinehardwareshop.de\/index.php\/wp-json\/wp\/v2\/types\/product"}],"replies":[{"embeddable":true,"href":"https:\/\/onlinehardwareshop.de\/index.php\/wp-json\/wp\/v2\/comments?post=75151"}],"wp:attachment":[{"href":"https:\/\/onlinehardwareshop.de\/index.php\/wp-json\/wp\/v2\/media?parent=75151"}],"wp:term":[{"taxonomy":"brand","embeddable":true,"href":"https:\/\/onlinehardwareshop.de\/index.php\/wp-json\/wp\/v2\/brand?post=75151"},{"taxonomy":"product_brand","embeddable":true,"href":"https:\/\/onlinehardwareshop.de\/index.php\/wp-json\/wp\/v2\/product_brand?post=75151"},{"taxonomy":"product_cat","embeddable":true,"href":"https:\/\/onlinehardwareshop.de\/index.php\/wp-json\/wp\/v2\/product_cat?post=75151"},{"taxonomy":"product_tag","embeddable":true,"href":"https:\/\/onlinehardwareshop.de\/index.php\/wp-json\/wp\/v2\/product_tag?post=75151"}],"curies":[{"name":"wp","href":"https:\/\/api.w.org\/{rel}","templated":true}]}}