{"id":75142,"date":"2025-03-25T08:31:39","date_gmt":"2025-03-25T08:31:39","guid":{"rendered":"https:\/\/onlinehardwareshop.de\/index.php\/produkt\/bosch-mum9d33s11-2\/"},"modified":"2025-05-14T05:40:00","modified_gmt":"2025-05-14T05:40:00","slug":"bosch-mum9d33s11","status":"publish","type":"product","link":"https:\/\/onlinehardwareshop.de\/index.php\/produkt\/bosch-mum9d33s11\/","title":{"rendered":"Bosch MUM9D33S11"},"content":{"rendered":"<p>Mit der Bosch MUM9D33S11 erh\u00e4ltst du eine K\u00fcchenmaschine mit Durchlaufschnitzler. So raspelst du Fr\u00fcchte und N\u00fcsse f\u00fcr deinen Haferbrei zum Fr\u00fchst\u00fcck. Mit den verschiedenen Aufs\u00e4tzen schneidest du Apfelschalen, Karotten und andere Zutaten und mischst dir deinen Lieblings-Obstsalat f\u00fcr die Mittagspause. Kommst du abends \u00f6fter hungrig nach Hause? Dank der 5,5 Liter Sch\u00fcssel und dem 1300 Watt Motor sind auch gro\u00dfz\u00fcgige Mengen kein Problem. So knetet die Maschine m\u00fchelos den Pizzateig f\u00fcr die ganze Familie. Mithilfe des Smart Dough Sensors wird eine konstakte Geschwindigkeit beibehalten, sodass immer ein gleichm\u00e4\u00dfiges Ergebnis entsteht. Wenn du mit dem Essen fertig bist, reinigst du die einzelnen Teile in der Sp\u00fclmaschine.<\/p>\n","protected":false},"excerpt":{"rendered":"<p>Mit der Bosch MUM9D33S11 erh\u00e4ltst du eine K\u00fcchenmaschine mit Durchlaufschnitzler. So raspelst du Fr\u00fcchte und N\u00fcsse f\u00fcr deinen Haferbrei zum Fr\u00fchst\u00fcck. Mit den verschiedenen Aufs\u00e4tzen schneidest du Apfelschalen, Karotten und andere Zutaten und mischst dir deinen Lieblings-Obstsalat f\u00fcr die Mittagspause. Kommst du abends \u00f6fter hungrig nach Hause? Dank der 5,5 Liter Sch\u00fcssel und dem 1300 Watt Motor sind auch gro\u00dfz\u00fcgige Mengen kein Problem. So knetet die Maschine m\u00fchelos den Pizzateig f\u00fcr die ganze Familie. Mithilfe des Smart Dough Sensors wird eine konstakte Geschwindigkeit beibehalten, sodass immer ein gleichm\u00e4\u00dfiges Ergebnis entsteht. Wenn du mit dem Essen fertig bist, reinigst du die einzelnen Teile in der Sp\u00fclmaschine.<\/p>\n","protected":false},"featured_media":0,"comment_status":"closed","ping_status":"open","template":"","meta":{"_acf_changed":false},"brand":[250],"product_brand":[],"product_cat":[2306],"product_tag":[2307],"class_list":{"0":"post-75142","1":"product","2":"type-product","3":"status-publish","5":"brand-bosch","6":"product_cat-kchenmaschinen","7":"product_tag-keukenmixers","8":"pa_condition-new","9":"pa_coolblue-de-verzending-morgen-gratis-geliefert","10":"pa_ean-10567","11":"pa_mpn-mum9d33s11","13":"first","14":"instock","15":"product-type-external"},"acf":[],"_links":{"self":[{"href":"https:\/\/onlinehardwareshop.de\/index.php\/wp-json\/wp\/v2\/product\/75142","targetHints":{"allow":["GET"]}}],"collection":[{"href":"https:\/\/onlinehardwareshop.de\/index.php\/wp-json\/wp\/v2\/product"}],"about":[{"href":"https:\/\/onlinehardwareshop.de\/index.php\/wp-json\/wp\/v2\/types\/product"}],"replies":[{"embeddable":true,"href":"https:\/\/onlinehardwareshop.de\/index.php\/wp-json\/wp\/v2\/comments?post=75142"}],"wp:attachment":[{"href":"https:\/\/onlinehardwareshop.de\/index.php\/wp-json\/wp\/v2\/media?parent=75142"}],"wp:term":[{"taxonomy":"brand","embeddable":true,"href":"https:\/\/onlinehardwareshop.de\/index.php\/wp-json\/wp\/v2\/brand?post=75142"},{"taxonomy":"product_brand","embeddable":true,"href":"https:\/\/onlinehardwareshop.de\/index.php\/wp-json\/wp\/v2\/product_brand?post=75142"},{"taxonomy":"product_cat","embeddable":true,"href":"https:\/\/onlinehardwareshop.de\/index.php\/wp-json\/wp\/v2\/product_cat?post=75142"},{"taxonomy":"product_tag","embeddable":true,"href":"https:\/\/onlinehardwareshop.de\/index.php\/wp-json\/wp\/v2\/product_tag?post=75142"}],"curies":[{"name":"wp","href":"https:\/\/api.w.org\/{rel}","templated":true}]}}