{"id":75140,"date":"2024-09-25T13:01:18","date_gmt":"2024-09-25T13:01:18","guid":{"rendered":"https:\/\/onlinehardwareshop.de\/index.php\/produkt\/bosch-keo-18-ohne-akku-2\/"},"modified":"2025-05-14T05:39:55","modified_gmt":"2025-05-14T05:39:55","slug":"bosch-keo-18-ohne-akku","status":"publish","type":"product","link":"https:\/\/onlinehardwareshop.de\/index.php\/produkt\/bosch-keo-18-ohne-akku\/","title":{"rendered":"Bosch Keo 18 (ohne Akku)"},"content":{"rendered":"<p>Die Bosch Keo 18 (ohne Akku) halbiert m\u00fchelos \u00c4ste und Metallrohre. Verwende die Holzs\u00e4ge f\u00fcr \u00c4ste mit einer maximalen Dicke von 80 Millimetern und die Metalls\u00e4ge f\u00fcr Metallobjekte mit einer maximalen Dicke von 30 Millimetern. Mit dem abnehmbaren A-Griff-Klemmb\u00fcgel fixierst du Rohre und \u00c4ste. Praktisch, wenn du zum Beispiel die Leiter festhalten musst und nicht beide H\u00e4nde zum S\u00e4gen frei hast. Auch das Starten der S\u00e4bels\u00e4ge ist komfortabel, denn sie verf\u00fcgt \u00fcber einen Sanftanlauf, der die Geschwindigkeit schrittweise erh\u00f6ht. Die S\u00e4gebl\u00e4tter der Keo 18 (ohne Akku) l\u00e4sst sich leicht und ohne Werkzeug wechseln. Diese S\u00e4bels\u00e4ge ist Teil des Bosch Power For All 18 Volt Akkusystems. Hast du bereits einen Akku des gleichen Herstellers und des gleichen Akkusystems herumliegen? Dann verwende ihn auch f\u00fcr diese S\u00e4bels\u00e4ge.<\/p>\n","protected":false},"excerpt":{"rendered":"<p>Die Bosch Keo 18 (ohne Akku) halbiert m\u00fchelos \u00c4ste und Metallrohre. Verwende die Holzs\u00e4ge f\u00fcr \u00c4ste mit einer maximalen Dicke von 80 Millimetern und die Metalls\u00e4ge f\u00fcr Metallobjekte mit einer maximalen Dicke von 30 Millimetern. Mit dem abnehmbaren A-Griff-Klemmb\u00fcgel fixierst du Rohre und \u00c4ste. Praktisch, wenn du zum Beispiel die Leiter festhalten musst und nicht beide H\u00e4nde zum S\u00e4gen frei hast. Auch das Starten der S\u00e4bels\u00e4ge ist komfortabel, denn sie verf\u00fcgt \u00fcber einen Sanftanlauf, der die Geschwindigkeit schrittweise erh\u00f6ht. Die S\u00e4gebl\u00e4tter der Keo 18 (ohne Akku) l\u00e4sst sich leicht und ohne Werkzeug wechseln. Diese S\u00e4bels\u00e4ge ist Teil des Bosch Power For All 18 Volt Akkusystems. Hast du bereits einen Akku des gleichen Herstellers und des gleichen Akkusystems herumliegen? Dann verwende ihn auch f\u00fcr diese S\u00e4bels\u00e4ge.<\/p>\n","protected":false},"featured_media":0,"comment_status":"closed","ping_status":"open","template":"","meta":{"_acf_changed":false},"brand":[250],"product_brand":[],"product_cat":[585],"product_tag":[2028],"class_list":{"0":"post-75140","1":"product","2":"type-product","3":"status-publish","5":"brand-bosch","6":"product_cat-sbelsgen","7":"product_tag-accu-reciprozagen","8":"pa_condition-new","9":"pa_coolblue-de-verzending-morgen-gratis-geliefert","10":"pa_ean-10565","11":"pa_mpn-0600861a01","13":"first","14":"instock","15":"product-type-external"},"acf":[],"_links":{"self":[{"href":"https:\/\/onlinehardwareshop.de\/index.php\/wp-json\/wp\/v2\/product\/75140","targetHints":{"allow":["GET"]}}],"collection":[{"href":"https:\/\/onlinehardwareshop.de\/index.php\/wp-json\/wp\/v2\/product"}],"about":[{"href":"https:\/\/onlinehardwareshop.de\/index.php\/wp-json\/wp\/v2\/types\/product"}],"replies":[{"embeddable":true,"href":"https:\/\/onlinehardwareshop.de\/index.php\/wp-json\/wp\/v2\/comments?post=75140"}],"wp:attachment":[{"href":"https:\/\/onlinehardwareshop.de\/index.php\/wp-json\/wp\/v2\/media?parent=75140"}],"wp:term":[{"taxonomy":"brand","embeddable":true,"href":"https:\/\/onlinehardwareshop.de\/index.php\/wp-json\/wp\/v2\/brand?post=75140"},{"taxonomy":"product_brand","embeddable":true,"href":"https:\/\/onlinehardwareshop.de\/index.php\/wp-json\/wp\/v2\/product_brand?post=75140"},{"taxonomy":"product_cat","embeddable":true,"href":"https:\/\/onlinehardwareshop.de\/index.php\/wp-json\/wp\/v2\/product_cat?post=75140"},{"taxonomy":"product_tag","embeddable":true,"href":"https:\/\/onlinehardwareshop.de\/index.php\/wp-json\/wp\/v2\/product_tag?post=75140"}],"curies":[{"name":"wp","href":"https:\/\/api.w.org\/{rel}","templated":true}]}}