{"id":75080,"date":"2024-06-27T21:05:07","date_gmt":"2024-06-27T21:05:07","guid":{"rendered":"https:\/\/onlinehardwareshop.de\/index.php\/produkt\/hp-renew-business-156-zoll-laptoptasche-2\/"},"modified":"2025-05-14T05:34:16","modified_gmt":"2025-05-14T05:34:16","slug":"hp-renew-business-156-zoll-laptoptasche","status":"publish","type":"product","link":"https:\/\/onlinehardwareshop.de\/index.php\/produkt\/hp-renew-business-156-zoll-laptoptasche\/","title":{"rendered":"HP Renew Business 15,6-Zoll-Laptoptasche"},"content":{"rendered":"<p>Mit der HP Renew Business 15,6-Zoll-Laptoptasche kannst du dein Notebook sicher zur Arbeit bringen. Sie besteht aus recyceltem Material und ist dadurch langlebiger als andere Laptoptaschen. Diese Business-Umh\u00e4ngetasche hat ein gro\u00dfes, gepolstertes Laptopfach. Dies sch\u00fctzt deinen Laptop vor Dellen und Kratzern. Sie verf\u00fcgt \u00fcber ein ger\u00e4umiges Frontfach mit ausreichend Platz f\u00fcr Stifte, Peripherieger\u00e4te oder Visitenkarten. Au\u00dferdem sch\u00fctzt das RFID-Fach deine Karten vor Scannern. Bewahre dein Ortungsger\u00e4t in der Bluetooth-Trackertasche auf, sodass du deine Tasche leicht wiederfinden kannst. Gehst du auf Reisen? Dann befestige die Tasche mit dem Riemen an der R\u00fcckseite deines Koffers oder Trolleys.  Hinweis: Die Gr\u00f6\u00dfe deines Laptops, etwa 15\u00a0Zoll oder 17\u00a0Zoll, bezieht sich auf die Gr\u00f6\u00dfe des Bildschirms und nicht auf die Gr\u00f6\u00dfe des ganzen Laptops. Wenn der Rand um deinen Bildschirm herum breit ist, w\u00e4hle zur Sicherheit ein Laptopfach eine Nummer gr\u00f6\u00dfer. So kannst du sicher sein, dass dein Laptop hineinpasst.<\/p>\n","protected":false},"excerpt":{"rendered":"<p>Mit der HP Renew Business 15,6-Zoll-Laptoptasche kannst du dein Notebook sicher zur Arbeit bringen. Sie besteht aus recyceltem Material und ist dadurch langlebiger als andere Laptoptaschen. Diese Business-Umh\u00e4ngetasche hat ein gro\u00dfes, gepolstertes Laptopfach. Dies sch\u00fctzt deinen Laptop vor Dellen und Kratzern. Sie verf\u00fcgt \u00fcber ein ger\u00e4umiges Frontfach mit ausreichend Platz f\u00fcr Stifte, Peripherieger\u00e4te oder Visitenkarten. Au\u00dferdem sch\u00fctzt das RFID-Fach deine Karten vor Scannern. Bewahre dein Ortungsger\u00e4t in der Bluetooth-Trackertasche auf, sodass du deine Tasche leicht wiederfinden kannst. Gehst du auf Reisen? Dann befestige die Tasche mit dem Riemen an der R\u00fcckseite deines Koffers oder Trolleys.  Hinweis: Die Gr\u00f6\u00dfe deines Laptops, etwa 15\u00a0Zoll oder 17\u00a0Zoll, bezieht sich auf die Gr\u00f6\u00dfe des Bildschirms und nicht auf die Gr\u00f6\u00dfe des ganzen Laptops. Wenn der Rand um deinen Bildschirm herum breit ist, w\u00e4hle zur Sicherheit ein Laptopfach eine Nummer gr\u00f6\u00dfer. So kannst du sicher sein, dass dein Laptop hineinpasst.<\/p>\n","protected":false},"featured_media":0,"comment_status":"closed","ping_status":"open","template":"","meta":{"_acf_changed":false},"brand":[90],"product_brand":[],"product_cat":[431],"product_tag":[432],"class_list":{"0":"post-75080","1":"product","2":"type-product","3":"status-publish","5":"brand-hp","6":"product_cat-umhngetaschen","7":"product_tag-niet-leren-schoudertassen","8":"pa_condition-new","9":"pa_coolblue-de-verzending-morgen-gratis-geliefert","10":"pa_ean-10441","11":"pa_mpn-3e5f8aa","13":"first","14":"instock","15":"product-type-external"},"acf":[],"_links":{"self":[{"href":"https:\/\/onlinehardwareshop.de\/index.php\/wp-json\/wp\/v2\/product\/75080","targetHints":{"allow":["GET"]}}],"collection":[{"href":"https:\/\/onlinehardwareshop.de\/index.php\/wp-json\/wp\/v2\/product"}],"about":[{"href":"https:\/\/onlinehardwareshop.de\/index.php\/wp-json\/wp\/v2\/types\/product"}],"replies":[{"embeddable":true,"href":"https:\/\/onlinehardwareshop.de\/index.php\/wp-json\/wp\/v2\/comments?post=75080"}],"wp:attachment":[{"href":"https:\/\/onlinehardwareshop.de\/index.php\/wp-json\/wp\/v2\/media?parent=75080"}],"wp:term":[{"taxonomy":"brand","embeddable":true,"href":"https:\/\/onlinehardwareshop.de\/index.php\/wp-json\/wp\/v2\/brand?post=75080"},{"taxonomy":"product_brand","embeddable":true,"href":"https:\/\/onlinehardwareshop.de\/index.php\/wp-json\/wp\/v2\/product_brand?post=75080"},{"taxonomy":"product_cat","embeddable":true,"href":"https:\/\/onlinehardwareshop.de\/index.php\/wp-json\/wp\/v2\/product_cat?post=75080"},{"taxonomy":"product_tag","embeddable":true,"href":"https:\/\/onlinehardwareshop.de\/index.php\/wp-json\/wp\/v2\/product_tag?post=75080"}],"curies":[{"name":"wp","href":"https:\/\/api.w.org\/{rel}","templated":true}]}}