{"id":75065,"date":"2024-01-04T04:22:34","date_gmt":"2024-01-04T04:22:34","guid":{"rendered":"https:\/\/onlinehardwareshop.de\/index.php\/produkt\/samsung-microsdxc-pro-endurance-64gb-30mb-s-2\/"},"modified":"2025-05-14T05:32:39","modified_gmt":"2025-05-14T05:32:39","slug":"samsung-microsdxc-pro-endurance-64gb-30mb-s","status":"publish","type":"product","link":"https:\/\/onlinehardwareshop.de\/index.php\/produkt\/samsung-microsdxc-pro-endurance-64gb-30mb-s\/","title":{"rendered":"Samsung microSDXC PRO Endurance 64GB 30&#xA0;MB\/s"},"content":{"rendered":"<p>Mit der Samsung PRO Endurance 64\u00a0GB erweiterst du den Speicherplatz deiner Dashcam oder \u00dcberwachungskamera problemlos. Mit 64\u00a0GB Speicher hast du genug Platz f\u00fcr etwa 6.000 Fotos. Dank der Lesegeschwindigkeit von 100\u00a0MB\/s lassen sich Fotos und Videos innerhalb von Sekunden \u00fcbertragen. Die PRO Endurance h\u00e4lt einiges aus. Die Karte ist gegen St\u00fcrze aus f\u00fcnf Metern H\u00f6he und extreme Temperaturen zwischen -25 und 85 Grad Celsius gesch\u00fctzt. Au\u00dferdem ist die Speicherkarte resistent gegen Wasser, Abnutzung, Magnete und R\u00f6ntgenstrahlen. Du setzt diese Speicherkarte einfach mit dem mitgelieferten Adapter in deinen PC oder Laptop ein, um Dateien zu \u00fcbertragen. Auf die PRO Endurance erh\u00e4ltst du zwei Jahre Garantie sowie ein Jahr Garantie auf den Adapter.<\/p>\n","protected":false},"excerpt":{"rendered":"<p>Mit der Samsung PRO Endurance 64\u00a0GB erweiterst du den Speicherplatz deiner Dashcam oder \u00dcberwachungskamera problemlos. Mit 64\u00a0GB Speicher hast du genug Platz f\u00fcr etwa 6.000 Fotos. Dank der Lesegeschwindigkeit von 100\u00a0MB\/s lassen sich Fotos und Videos innerhalb von Sekunden \u00fcbertragen. Die PRO Endurance h\u00e4lt einiges aus. Die Karte ist gegen St\u00fcrze aus f\u00fcnf Metern H\u00f6he und extreme Temperaturen zwischen -25 und 85 Grad Celsius gesch\u00fctzt. Au\u00dferdem ist die Speicherkarte resistent gegen Wasser, Abnutzung, Magnete und R\u00f6ntgenstrahlen. Du setzt diese Speicherkarte einfach mit dem mitgelieferten Adapter in deinen PC oder Laptop ein, um Dateien zu \u00fcbertragen. Auf die PRO Endurance erh\u00e4ltst du zwei Jahre Garantie sowie ein Jahr Garantie auf den Adapter.<\/p>\n","protected":false},"featured_media":0,"comment_status":"closed","ping_status":"open","template":"","meta":{"_acf_changed":false},"brand":[1165],"product_brand":[],"product_cat":[1848],"product_tag":[1849],"class_list":{"0":"post-75065","1":"product","2":"type-product","3":"status-publish","5":"brand-samsung","6":"product_cat-speicherkarten","7":"product_tag-micro-sd-geheugenkaarten","8":"pa_condition-new","9":"pa_coolblue-de-verzending-morgen-gratis-geliefert","10":"pa_ean-10412","11":"pa_mpn-mb-mj64ka-eu","13":"first","14":"instock","15":"product-type-external"},"acf":[],"_links":{"self":[{"href":"https:\/\/onlinehardwareshop.de\/index.php\/wp-json\/wp\/v2\/product\/75065","targetHints":{"allow":["GET"]}}],"collection":[{"href":"https:\/\/onlinehardwareshop.de\/index.php\/wp-json\/wp\/v2\/product"}],"about":[{"href":"https:\/\/onlinehardwareshop.de\/index.php\/wp-json\/wp\/v2\/types\/product"}],"replies":[{"embeddable":true,"href":"https:\/\/onlinehardwareshop.de\/index.php\/wp-json\/wp\/v2\/comments?post=75065"}],"wp:attachment":[{"href":"https:\/\/onlinehardwareshop.de\/index.php\/wp-json\/wp\/v2\/media?parent=75065"}],"wp:term":[{"taxonomy":"brand","embeddable":true,"href":"https:\/\/onlinehardwareshop.de\/index.php\/wp-json\/wp\/v2\/brand?post=75065"},{"taxonomy":"product_brand","embeddable":true,"href":"https:\/\/onlinehardwareshop.de\/index.php\/wp-json\/wp\/v2\/product_brand?post=75065"},{"taxonomy":"product_cat","embeddable":true,"href":"https:\/\/onlinehardwareshop.de\/index.php\/wp-json\/wp\/v2\/product_cat?post=75065"},{"taxonomy":"product_tag","embeddable":true,"href":"https:\/\/onlinehardwareshop.de\/index.php\/wp-json\/wp\/v2\/product_tag?post=75065"}],"curies":[{"name":"wp","href":"https:\/\/api.w.org\/{rel}","templated":true}]}}