{"id":75061,"date":"2025-02-27T07:02:15","date_gmt":"2025-02-27T07:02:15","guid":{"rendered":"https:\/\/onlinehardwareshop.de\/index.php\/produkt\/corsair-hs65-surround-schwarz-2\/"},"modified":"2025-05-14T05:32:19","modified_gmt":"2025-05-14T05:32:19","slug":"corsair-hs65-surround-schwarz","status":"publish","type":"product","link":"https:\/\/onlinehardwareshop.de\/index.php\/produkt\/corsair-hs65-surround-schwarz\/","title":{"rendered":"Corsair HS65 Surround Schwarz"},"content":{"rendered":"<p>Mit dem Corsair HS65 SURROUND Gaming-Headset spielst du komfortabel und h\u00f6rst deine Gegner aus jeder Ecke kommen. Dieses Gaming-Headset schlie\u00dft du \u00fcber das 3,5-mm-Audiokabel an. Das Headset ist also Plug &#038; Play und l\u00e4sst sich sofort verwenden. Mit Surround Sound genie\u00dft du einen 360-Grad-Sound deines Gameplays und wei\u00dft immer genau, aus welcher Richtung sich deine Gegner n\u00e4hern. Auch mit deinen Freunden kommunizierst du online dank der Rauschunterdr\u00fcckung im Mikrofon ohne Hintergrundger\u00e4usche. So kommen deine Kommentare immer deutlich an. Spielst du \u00f6fter im Single-Player-Modus oder ben\u00f6tigst kein Mikrofon? Dann klappe das Mikrofon vom Headset einfach ein. So ist es dir nicht im Weg und du zockst ungest\u00f6rt weiter.<\/p>\n","protected":false},"excerpt":{"rendered":"<p>Mit dem Corsair HS65 SURROUND Gaming-Headset spielst du komfortabel und h\u00f6rst deine Gegner aus jeder Ecke kommen. Dieses Gaming-Headset schlie\u00dft du \u00fcber das 3,5-mm-Audiokabel an. Das Headset ist also Plug &#038; Play und l\u00e4sst sich sofort verwenden. Mit Surround Sound genie\u00dft du einen 360-Grad-Sound deines Gameplays und wei\u00dft immer genau, aus welcher Richtung sich deine Gegner n\u00e4hern. Auch mit deinen Freunden kommunizierst du online dank der Rauschunterdr\u00fcckung im Mikrofon ohne Hintergrundger\u00e4usche. So kommen deine Kommentare immer deutlich an. Spielst du \u00f6fter im Single-Player-Modus oder ben\u00f6tigst kein Mikrofon? Dann klappe das Mikrofon vom Headset einfach ein. So ist es dir nicht im Weg und du zockst ungest\u00f6rt weiter.<\/p>\n","protected":false},"featured_media":0,"comment_status":"closed","ping_status":"open","template":"","meta":{"_acf_changed":false},"brand":[1900],"product_brand":[],"product_cat":[3435],"product_tag":[3436],"class_list":{"0":"post-75061","1":"product","2":"type-product","3":"status-publish","5":"brand-corsair","6":"product_cat-gaming-headsets","7":"product_tag-gaming-headsets","8":"pa_condition-new","9":"pa_coolblue-de-verzending-morgen-gratis-geliefert","10":"pa_ean-10405","11":"pa_mpn-ca-9011270-eu","13":"first","14":"instock","15":"product-type-external"},"acf":[],"_links":{"self":[{"href":"https:\/\/onlinehardwareshop.de\/index.php\/wp-json\/wp\/v2\/product\/75061","targetHints":{"allow":["GET"]}}],"collection":[{"href":"https:\/\/onlinehardwareshop.de\/index.php\/wp-json\/wp\/v2\/product"}],"about":[{"href":"https:\/\/onlinehardwareshop.de\/index.php\/wp-json\/wp\/v2\/types\/product"}],"replies":[{"embeddable":true,"href":"https:\/\/onlinehardwareshop.de\/index.php\/wp-json\/wp\/v2\/comments?post=75061"}],"wp:attachment":[{"href":"https:\/\/onlinehardwareshop.de\/index.php\/wp-json\/wp\/v2\/media?parent=75061"}],"wp:term":[{"taxonomy":"brand","embeddable":true,"href":"https:\/\/onlinehardwareshop.de\/index.php\/wp-json\/wp\/v2\/brand?post=75061"},{"taxonomy":"product_brand","embeddable":true,"href":"https:\/\/onlinehardwareshop.de\/index.php\/wp-json\/wp\/v2\/product_brand?post=75061"},{"taxonomy":"product_cat","embeddable":true,"href":"https:\/\/onlinehardwareshop.de\/index.php\/wp-json\/wp\/v2\/product_cat?post=75061"},{"taxonomy":"product_tag","embeddable":true,"href":"https:\/\/onlinehardwareshop.de\/index.php\/wp-json\/wp\/v2\/product_tag?post=75061"}],"curies":[{"name":"wp","href":"https:\/\/api.w.org\/{rel}","templated":true}]}}