{"id":75060,"date":"2025-03-01T22:13:39","date_gmt":"2025-03-01T22:13:39","guid":{"rendered":"https:\/\/onlinehardwareshop.de\/index.php\/produkt\/corsair-hs80-rgb-headset-2\/"},"modified":"2025-05-14T05:32:14","modified_gmt":"2025-05-14T05:32:14","slug":"corsair-hs80-rgb-headset","status":"publish","type":"product","link":"https:\/\/onlinehardwareshop.de\/index.php\/produkt\/corsair-hs80-rgb-headset\/","title":{"rendered":"Corsair HS80 RGB Headset"},"content":{"rendered":"<p>Mit dem Corsair HS80 RGB Wei\u00df h\u00f6rst du ganz genau, wo sich deine Gegner aufhalten. Du schlie\u00dft dieses Gaming-Headset \u00fcber das 3,5-mm-Audiokabel an. Das Headset ist also Plug &#038; Play und l\u00e4sst sich sofort verwenden. Mit den 50-mm-Treibern dieses Gaming-Headsets klingt der Sound deiner Spiele immer rein. Mit Surround Sound genie\u00dft du einen 360-Grad-Sound deines Gameplays und wei\u00dft immer genau, aus welcher Richtung sich deine Gegner n\u00e4hern. So bist du ihnen immer einen Schritt voraus. Die durchschnittliche Akkulaufzeit des Headsets betr\u00e4gt 20 Stunden. So erlebst du ausgiebigen Gaming-Spa\u00df, ohne das Headset zwischendurch zu laden. Spielst du \u00f6fter im Single-Player-Modus oder ben\u00f6tigst kein Mikrofon? Dann klappe das Mikrofon vom Headset einfach ein.<\/p>\n","protected":false},"excerpt":{"rendered":"<p>Mit dem Corsair HS80 RGB Wei\u00df h\u00f6rst du ganz genau, wo sich deine Gegner aufhalten. Du schlie\u00dft dieses Gaming-Headset \u00fcber das 3,5-mm-Audiokabel an. Das Headset ist also Plug &#038; Play und l\u00e4sst sich sofort verwenden. Mit den 50-mm-Treibern dieses Gaming-Headsets klingt der Sound deiner Spiele immer rein. Mit Surround Sound genie\u00dft du einen 360-Grad-Sound deines Gameplays und wei\u00dft immer genau, aus welcher Richtung sich deine Gegner n\u00e4hern. So bist du ihnen immer einen Schritt voraus. Die durchschnittliche Akkulaufzeit des Headsets betr\u00e4gt 20 Stunden. So erlebst du ausgiebigen Gaming-Spa\u00df, ohne das Headset zwischendurch zu laden. Spielst du \u00f6fter im Single-Player-Modus oder ben\u00f6tigst kein Mikrofon? Dann klappe das Mikrofon vom Headset einfach ein.<\/p>\n","protected":false},"featured_media":0,"comment_status":"closed","ping_status":"open","template":"","meta":{"_acf_changed":false},"brand":[1900],"product_brand":[],"product_cat":[3435],"product_tag":[3436],"class_list":{"0":"post-75060","1":"product","2":"type-product","3":"status-publish","5":"brand-corsair","6":"product_cat-gaming-headsets","7":"product_tag-gaming-headsets","8":"pa_condition-new","9":"pa_coolblue-de-verzending-morgen-gratis-geliefert","10":"pa_ean-10403","11":"pa_mpn-ca-9011238-eu","13":"first","14":"instock","15":"product-type-external"},"acf":[],"_links":{"self":[{"href":"https:\/\/onlinehardwareshop.de\/index.php\/wp-json\/wp\/v2\/product\/75060","targetHints":{"allow":["GET"]}}],"collection":[{"href":"https:\/\/onlinehardwareshop.de\/index.php\/wp-json\/wp\/v2\/product"}],"about":[{"href":"https:\/\/onlinehardwareshop.de\/index.php\/wp-json\/wp\/v2\/types\/product"}],"replies":[{"embeddable":true,"href":"https:\/\/onlinehardwareshop.de\/index.php\/wp-json\/wp\/v2\/comments?post=75060"}],"wp:attachment":[{"href":"https:\/\/onlinehardwareshop.de\/index.php\/wp-json\/wp\/v2\/media?parent=75060"}],"wp:term":[{"taxonomy":"brand","embeddable":true,"href":"https:\/\/onlinehardwareshop.de\/index.php\/wp-json\/wp\/v2\/brand?post=75060"},{"taxonomy":"product_brand","embeddable":true,"href":"https:\/\/onlinehardwareshop.de\/index.php\/wp-json\/wp\/v2\/product_brand?post=75060"},{"taxonomy":"product_cat","embeddable":true,"href":"https:\/\/onlinehardwareshop.de\/index.php\/wp-json\/wp\/v2\/product_cat?post=75060"},{"taxonomy":"product_tag","embeddable":true,"href":"https:\/\/onlinehardwareshop.de\/index.php\/wp-json\/wp\/v2\/product_tag?post=75060"}],"curies":[{"name":"wp","href":"https:\/\/api.w.org\/{rel}","templated":true}]}}