{"id":75058,"date":"2025-03-22T21:09:14","date_gmt":"2025-03-22T21:09:14","guid":{"rendered":"https:\/\/onlinehardwareshop.de\/index.php\/produkt\/brother-mfcj6955dw-2\/"},"modified":"2025-05-14T05:32:05","modified_gmt":"2025-05-14T05:32:05","slug":"brother-mfcj6955dw","status":"publish","type":"product","link":"https:\/\/onlinehardwareshop.de\/index.php\/produkt\/brother-mfcj6955dw\/","title":{"rendered":"Brother MFCJ6955DW"},"content":{"rendered":"<p>Mit dem Brother MFCJ6955DW 4-in-1-Tintenstrahldrucker kannst du bis zum A3-Format drucken, scannen, kopieren und faxen. Der Drucker hat eine Druckgeschwindigkeit von 30 Seiten pro Minute und niedrige Verbrauchskosten. Dadurch eignet sich dieser Drucker f\u00fcr mittelgro\u00dfe bis gro\u00dfe B\u00fcros. Dank des automatischen Dokumenteneinzugs geht das Kopieren und Scannen kinderleicht und schnell. Wenn du dir die Brother Mobile-Connect-App herunterl\u00e4dst bedienst du den Drucker aus der Ferne. Du hast auch die M\u00f6glichkeit, deine Druckauftr\u00e4ge kabellos \u00fcber Wi-Fi direct, Apple AirPrint oder E-Mail Print zu versenden.   Geeignet f\u00fcr Brother MPS Essential  Dieser Drucker eignet sich f\u00fcr Brother MPS Essential, den Druckservice von Brother f\u00fcr gesch\u00e4ftliches Drucken. Spare Druckkosten und bezahle nur f\u00fcr die Seiten, die du druckst. Du erh\u00e4ltst automatisch Tinte oder Toner. Zudem bietet Brother einen Reparaturservice vor Ort, wenn es Probleme mit deinem Drucker geben sollte. So kannst du schnell wieder drucken. M\u00f6chtest du mehr \u00fcber MPS Essential wissen? Dann sieh dir unseren Beratungsartikel an.<\/p>\n","protected":false},"excerpt":{"rendered":"<p>Mit dem Brother MFCJ6955DW 4-in-1-Tintenstrahldrucker kannst du bis zum A3-Format drucken, scannen, kopieren und faxen. Der Drucker hat eine Druckgeschwindigkeit von 30 Seiten pro Minute und niedrige Verbrauchskosten. Dadurch eignet sich dieser Drucker f\u00fcr mittelgro\u00dfe bis gro\u00dfe B\u00fcros. Dank des automatischen Dokumenteneinzugs geht das Kopieren und Scannen kinderleicht und schnell. Wenn du dir die Brother Mobile-Connect-App herunterl\u00e4dst bedienst du den Drucker aus der Ferne. Du hast auch die M\u00f6glichkeit, deine Druckauftr\u00e4ge kabellos \u00fcber Wi-Fi direct, Apple AirPrint oder E-Mail Print zu versenden.   Geeignet f\u00fcr Brother MPS Essential  Dieser Drucker eignet sich f\u00fcr Brother MPS Essential, den Druckservice von Brother f\u00fcr gesch\u00e4ftliches Drucken. Spare Druckkosten und bezahle nur f\u00fcr die Seiten, die du druckst. Du erh\u00e4ltst automatisch Tinte oder Toner. Zudem bietet Brother einen Reparaturservice vor Ort, wenn es Probleme mit deinem Drucker geben sollte. So kannst du schnell wieder drucken. M\u00f6chtest du mehr \u00fcber MPS Essential wissen? Dann sieh dir unseren Beratungsartikel an.<\/p>\n","protected":false},"featured_media":0,"comment_status":"closed","ping_status":"open","template":"","meta":{"_acf_changed":false},"brand":[164],"product_brand":[],"product_cat":[2205],"product_tag":[2206],"class_list":{"0":"post-75058","1":"product","2":"type-product","3":"status-publish","5":"brand-brother","6":"product_cat-drucker","7":"product_tag-inkjetprinters","8":"pa_condition-new","9":"pa_coolblue-de-verzending-morgen-gratis-geliefert","10":"pa_ean-10399","11":"pa_mpn-mfcj6955dwre1","13":"first","14":"instock","15":"product-type-external"},"acf":[],"_links":{"self":[{"href":"https:\/\/onlinehardwareshop.de\/index.php\/wp-json\/wp\/v2\/product\/75058","targetHints":{"allow":["GET"]}}],"collection":[{"href":"https:\/\/onlinehardwareshop.de\/index.php\/wp-json\/wp\/v2\/product"}],"about":[{"href":"https:\/\/onlinehardwareshop.de\/index.php\/wp-json\/wp\/v2\/types\/product"}],"replies":[{"embeddable":true,"href":"https:\/\/onlinehardwareshop.de\/index.php\/wp-json\/wp\/v2\/comments?post=75058"}],"wp:attachment":[{"href":"https:\/\/onlinehardwareshop.de\/index.php\/wp-json\/wp\/v2\/media?parent=75058"}],"wp:term":[{"taxonomy":"brand","embeddable":true,"href":"https:\/\/onlinehardwareshop.de\/index.php\/wp-json\/wp\/v2\/brand?post=75058"},{"taxonomy":"product_brand","embeddable":true,"href":"https:\/\/onlinehardwareshop.de\/index.php\/wp-json\/wp\/v2\/product_brand?post=75058"},{"taxonomy":"product_cat","embeddable":true,"href":"https:\/\/onlinehardwareshop.de\/index.php\/wp-json\/wp\/v2\/product_cat?post=75058"},{"taxonomy":"product_tag","embeddable":true,"href":"https:\/\/onlinehardwareshop.de\/index.php\/wp-json\/wp\/v2\/product_tag?post=75058"}],"curies":[{"name":"wp","href":"https:\/\/api.w.org\/{rel}","templated":true}]}}