{"id":75053,"date":"2024-04-23T11:23:58","date_gmt":"2024-04-23T11:23:58","guid":{"rendered":"https:\/\/onlinehardwareshop.de\/index.php\/produkt\/wd-black-sn770-2tb-nvme-ssd-2\/"},"modified":"2025-05-14T05:31:41","modified_gmt":"2025-05-14T05:31:41","slug":"wd-black-sn770-2tb-nvme-ssd","status":"publish","type":"product","link":"https:\/\/onlinehardwareshop.de\/index.php\/produkt\/wd-black-sn770-2tb-nvme-ssd\/","title":{"rendered":"WD Black SN770 2&#xA0;TB NVMe SSD"},"content":{"rendered":"<p>Hinweis: Diese M.2-SSD hat eine Schnittstelle vom Typ PCI Express 4.0 (NVMe) und funktioniert nur dann, wenn dein System PCIe 4.0\/NVMe unterst\u00fctzt. Zudem hat die SSD einen M-Key, der nur zu Systemen mit einem M-Slot passt. Das solltest du in der Gebrauchsanleitung deines Laptops oder Motherboards \u00fcberpr\u00fcfen.  Die WD Black SN770 NVMe SSD 2\u00a0TB ist eine schnelle interne SSD, ideal f\u00fcr echte PC- oder Laptop-Gamer. Die SSD bietet nicht nur genug Speicherplatz f\u00fcr etwa 40 Spiele mit 50 Gigabyte, sondern sie l\u00e4sst sie auch schneller starten und laden. So beginnst du im Nu mit deinem Spiel. Mit den Lese- und Schreibgeschwindigkeiten von 5.150 bzw. 4.850 MB\/s ist die WD Black SN770 n\u00e4mlich deutlich schneller als die SN750 und vergleichbare SSDs. Trotz dieser h\u00f6heren Geschwindigkeiten ist diese SSD bei maximaler Geschwindigkeit deutlich effizienter im Stromverbrauch als ihr Vorg\u00e4ngermodell. Dadurch ist die SN770 energieeffizienter als die SN750. Zudem bietet die SN770 durch ihre PCIe-4.0-Schnittstelle besonders gute Leistungen. Mit ihr \u00fcbertr\u00e4gst du Dateien schneller als mit PCIe 3.0. Suchst du das optimale Spielerlebnis, stellst du am besten den Gaming-Modus ein, woraufhin die SSD Spitzenleistungen abliefert. Im WD Black Dashboard beh\u00e4ltst du Leistungen und Lebensdauer der SSD genau im Auge. Western Digital gew\u00e4hrt dir 5 Jahre Garantie auf diese SSD.<\/p>\n","protected":false},"excerpt":{"rendered":"<p>Hinweis: Diese M.2-SSD hat eine Schnittstelle vom Typ PCI Express 4.0 (NVMe) und funktioniert nur dann, wenn dein System PCIe 4.0\/NVMe unterst\u00fctzt. Zudem hat die SSD einen M-Key, der nur zu Systemen mit einem M-Slot passt. Das solltest du in der Gebrauchsanleitung deines Laptops oder Motherboards \u00fcberpr\u00fcfen.  Die WD Black SN770 NVMe SSD 2\u00a0TB ist eine schnelle interne SSD, ideal f\u00fcr echte PC- oder Laptop-Gamer. Die SSD bietet nicht nur genug Speicherplatz f\u00fcr etwa 40 Spiele mit 50 Gigabyte, sondern sie l\u00e4sst sie auch schneller starten und laden. So beginnst du im Nu mit deinem Spiel. Mit den Lese- und Schreibgeschwindigkeiten von 5.150 bzw. 4.850 MB\/s ist die WD Black SN770 n\u00e4mlich deutlich schneller als die SN750 und vergleichbare SSDs. Trotz dieser h\u00f6heren Geschwindigkeiten ist diese SSD bei maximaler Geschwindigkeit deutlich effizienter im Stromverbrauch als ihr Vorg\u00e4ngermodell. Dadurch ist die SN770 energieeffizienter als die SN750. Zudem bietet die SN770 durch ihre PCIe-4.0-Schnittstelle besonders gute Leistungen. Mit ihr \u00fcbertr\u00e4gst du Dateien schneller als mit PCIe 3.0. Suchst du das optimale Spielerlebnis, stellst du am besten den Gaming-Modus ein, woraufhin die SSD Spitzenleistungen abliefert. Im WD Black Dashboard beh\u00e4ltst du Leistungen und Lebensdauer der SSD genau im Auge. Western Digital gew\u00e4hrt dir 5 Jahre Garantie auf diese SSD.<\/p>\n","protected":false},"featured_media":0,"comment_status":"closed","ping_status":"open","template":"","meta":{"_acf_changed":false},"brand":[645],"product_brand":[],"product_cat":[2957],"product_tag":[7168],"class_list":{"0":"post-75053","1":"product","2":"type-product","3":"status-publish","5":"brand-western-digital","6":"product_cat-solid-state-drives-ssd","7":"product_tag-m-2-ssd","8":"pa_condition-new","9":"pa_coolblue-de-verzending-morgen-gratis-geliefert","10":"pa_ean-10384","11":"pa_mpn-wds200t3x0e","13":"first","14":"instock","15":"product-type-external"},"acf":[],"_links":{"self":[{"href":"https:\/\/onlinehardwareshop.de\/index.php\/wp-json\/wp\/v2\/product\/75053","targetHints":{"allow":["GET"]}}],"collection":[{"href":"https:\/\/onlinehardwareshop.de\/index.php\/wp-json\/wp\/v2\/product"}],"about":[{"href":"https:\/\/onlinehardwareshop.de\/index.php\/wp-json\/wp\/v2\/types\/product"}],"replies":[{"embeddable":true,"href":"https:\/\/onlinehardwareshop.de\/index.php\/wp-json\/wp\/v2\/comments?post=75053"}],"wp:attachment":[{"href":"https:\/\/onlinehardwareshop.de\/index.php\/wp-json\/wp\/v2\/media?parent=75053"}],"wp:term":[{"taxonomy":"brand","embeddable":true,"href":"https:\/\/onlinehardwareshop.de\/index.php\/wp-json\/wp\/v2\/brand?post=75053"},{"taxonomy":"product_brand","embeddable":true,"href":"https:\/\/onlinehardwareshop.de\/index.php\/wp-json\/wp\/v2\/product_brand?post=75053"},{"taxonomy":"product_cat","embeddable":true,"href":"https:\/\/onlinehardwareshop.de\/index.php\/wp-json\/wp\/v2\/product_cat?post=75053"},{"taxonomy":"product_tag","embeddable":true,"href":"https:\/\/onlinehardwareshop.de\/index.php\/wp-json\/wp\/v2\/product_tag?post=75053"}],"curies":[{"name":"wp","href":"https:\/\/api.w.org\/{rel}","templated":true}]}}