{"id":75014,"date":"2024-07-05T00:03:57","date_gmt":"2024-07-05T00:03:57","guid":{"rendered":"https:\/\/onlinehardwareshop.de\/index.php\/produkt\/act-ac1510-25-sata-adapterkabel-2\/"},"modified":"2025-05-14T05:28:24","modified_gmt":"2025-05-14T05:28:24","slug":"act-ac1510-25-sata-adapterkabel","status":"publish","type":"product","link":"https:\/\/onlinehardwareshop.de\/index.php\/produkt\/act-ac1510-25-sata-adapterkabel\/","title":{"rendered":"ACT AC1510 2,5&#8220; SATA Adapterkabel"},"content":{"rendered":"<p>Mit dem ACT AC1515 SATA-Adapterkabel schlie\u00dft du deine 2,5&#8243;-SATA HDD oder SSD an deinen Computer oder Laptop an. Dieses Kabel hat einen SATA-Anschluss, der in ein USB-Kabel m\u00fcndet, so dass du Daten ohne Geh\u00e4use oder Dockingstation \u00fcbertragen kannst. Dank des schnellen USB 3.2-Protokolls kannst du Daten innerhalb weniger Sekunden \u00fcbertragen. Du hast keinen USB 3.2-Anschluss an deinem Computer? Kein Problem, das Kabel funktioniert auch \u00fcber USB 3.0 und USB 2.0.<\/p>\n","protected":false},"excerpt":{"rendered":"<p>Mit dem ACT AC1515 SATA-Adapterkabel schlie\u00dft du deine 2,5&#8243;-SATA HDD oder SSD an deinen Computer oder Laptop an. Dieses Kabel hat einen SATA-Anschluss, der in ein USB-Kabel m\u00fcndet, so dass du Daten ohne Geh\u00e4use oder Dockingstation \u00fcbertragen kannst. Dank des schnellen USB 3.2-Protokolls kannst du Daten innerhalb weniger Sekunden \u00fcbertragen. Du hast keinen USB 3.2-Anschluss an deinem Computer? Kein Problem, das Kabel funktioniert auch \u00fcber USB 3.0 und USB 2.0.<\/p>\n","protected":false},"featured_media":0,"comment_status":"closed","ping_status":"open","template":"","meta":{"_acf_changed":false},"brand":[4758],"product_brand":[],"product_cat":[9339],"product_tag":[9340],"class_list":{"0":"post-75014","1":"product","2":"type-product","3":"status-publish","5":"brand-act","6":"product_cat-festplattengehaeuse","7":"product_tag-hardeschijfbehuizingen","8":"pa_condition-new","9":"pa_coolblue-de-verzending-morgen-gratis-geliefert","10":"pa_ean-10280","11":"pa_mpn-ac1510","13":"first","14":"instock","15":"product-type-external"},"acf":[],"_links":{"self":[{"href":"https:\/\/onlinehardwareshop.de\/index.php\/wp-json\/wp\/v2\/product\/75014","targetHints":{"allow":["GET"]}}],"collection":[{"href":"https:\/\/onlinehardwareshop.de\/index.php\/wp-json\/wp\/v2\/product"}],"about":[{"href":"https:\/\/onlinehardwareshop.de\/index.php\/wp-json\/wp\/v2\/types\/product"}],"replies":[{"embeddable":true,"href":"https:\/\/onlinehardwareshop.de\/index.php\/wp-json\/wp\/v2\/comments?post=75014"}],"wp:attachment":[{"href":"https:\/\/onlinehardwareshop.de\/index.php\/wp-json\/wp\/v2\/media?parent=75014"}],"wp:term":[{"taxonomy":"brand","embeddable":true,"href":"https:\/\/onlinehardwareshop.de\/index.php\/wp-json\/wp\/v2\/brand?post=75014"},{"taxonomy":"product_brand","embeddable":true,"href":"https:\/\/onlinehardwareshop.de\/index.php\/wp-json\/wp\/v2\/product_brand?post=75014"},{"taxonomy":"product_cat","embeddable":true,"href":"https:\/\/onlinehardwareshop.de\/index.php\/wp-json\/wp\/v2\/product_cat?post=75014"},{"taxonomy":"product_tag","embeddable":true,"href":"https:\/\/onlinehardwareshop.de\/index.php\/wp-json\/wp\/v2\/product_tag?post=75014"}],"curies":[{"name":"wp","href":"https:\/\/api.w.org\/{rel}","templated":true}]}}