{"id":75012,"date":"2024-03-01T23:52:38","date_gmt":"2024-03-01T23:52:38","guid":{"rendered":"https:\/\/onlinehardwareshop.de\/index.php\/produkt\/logitech-c270-hd-webcam-doppelpack-2\/"},"modified":"2025-05-14T05:28:14","modified_gmt":"2025-05-14T05:28:14","slug":"logitech-c270-hd-webcam-doppelpack","status":"publish","type":"product","link":"https:\/\/onlinehardwareshop.de\/index.php\/produkt\/logitech-c270-hd-webcam-doppelpack\/","title":{"rendered":"Logitech C270 HD-Webcam Doppelpack"},"content":{"rendered":"<p>Mit der Logitech C270 HD Webcam Doppelpack f\u00fchrst du Videotelefonate mit deiner ganzen Familie. Du hast mit der ganzen Familie vor den Webcams Platz, denn mit dem Weitwinkelobjektiv sind alle im Bild. Es spielt keine Rolle, ob es im Raum etwas heller oder dunkler wird. Die C270 passt die Helligkeit automatisch an, um eine Unter- oder \u00dcberbelichtung zu vermeiden. Aufgrund der Ger\u00e4uschunterdr\u00fcckung des Mikrofons st\u00f6ren die Gespr\u00e4chspartner keine Umgebungsger\u00e4usche. So verbringst du wertvolle Zeit mit der Familie.<\/p>\n","protected":false},"excerpt":{"rendered":"<p>Mit der Logitech C270 HD Webcam Doppelpack f\u00fchrst du Videotelefonate mit deiner ganzen Familie. Du hast mit der ganzen Familie vor den Webcams Platz, denn mit dem Weitwinkelobjektiv sind alle im Bild. Es spielt keine Rolle, ob es im Raum etwas heller oder dunkler wird. Die C270 passt die Helligkeit automatisch an, um eine Unter- oder \u00dcberbelichtung zu vermeiden. Aufgrund der Ger\u00e4uschunterdr\u00fcckung des Mikrofons st\u00f6ren die Gespr\u00e4chspartner keine Umgebungsger\u00e4usche. So verbringst du wertvolle Zeit mit der Familie.<\/p>\n","protected":false},"featured_media":0,"comment_status":"closed","ping_status":"open","template":"","meta":{"_acf_changed":false},"brand":[32],"product_brand":[],"product_cat":[999],"product_tag":[1000],"class_list":{"0":"post-75012","1":"product","2":"type-product","3":"status-publish","5":"brand-logitech","6":"product_cat-webcams","7":"product_tag-webcams","8":"pa_condition-new","9":"pa_coolblue-de-verzending-morgen-gratis-geliefert","10":"pa_ean-10278","12":"first","13":"instock","14":"product-type-external"},"acf":[],"_links":{"self":[{"href":"https:\/\/onlinehardwareshop.de\/index.php\/wp-json\/wp\/v2\/product\/75012","targetHints":{"allow":["GET"]}}],"collection":[{"href":"https:\/\/onlinehardwareshop.de\/index.php\/wp-json\/wp\/v2\/product"}],"about":[{"href":"https:\/\/onlinehardwareshop.de\/index.php\/wp-json\/wp\/v2\/types\/product"}],"replies":[{"embeddable":true,"href":"https:\/\/onlinehardwareshop.de\/index.php\/wp-json\/wp\/v2\/comments?post=75012"}],"wp:attachment":[{"href":"https:\/\/onlinehardwareshop.de\/index.php\/wp-json\/wp\/v2\/media?parent=75012"}],"wp:term":[{"taxonomy":"brand","embeddable":true,"href":"https:\/\/onlinehardwareshop.de\/index.php\/wp-json\/wp\/v2\/brand?post=75012"},{"taxonomy":"product_brand","embeddable":true,"href":"https:\/\/onlinehardwareshop.de\/index.php\/wp-json\/wp\/v2\/product_brand?post=75012"},{"taxonomy":"product_cat","embeddable":true,"href":"https:\/\/onlinehardwareshop.de\/index.php\/wp-json\/wp\/v2\/product_cat?post=75012"},{"taxonomy":"product_tag","embeddable":true,"href":"https:\/\/onlinehardwareshop.de\/index.php\/wp-json\/wp\/v2\/product_tag?post=75012"}],"curies":[{"name":"wp","href":"https:\/\/api.w.org\/{rel}","templated":true}]}}