{"id":74906,"date":"2025-01-22T10:41:08","date_gmt":"2025-01-22T10:41:08","guid":{"rendered":"https:\/\/onlinehardwareshop.de\/index.php\/produkt\/smeg-klf05creu-creme-2\/"},"modified":"2025-05-14T05:18:44","modified_gmt":"2025-05-14T05:18:44","slug":"smeg-klf05creu-creme","status":"publish","type":"product","link":"https:\/\/onlinehardwareshop.de\/index.php\/produkt\/smeg-klf05creu-creme\/","title":{"rendered":"SMEG KLF05CREU Creme"},"content":{"rendered":"<p>Der SMEG KLF05CREU Creme ist der kleinste Wasserkocher von SMEG und daher die beste Wahl f\u00fcr kleine Personengruppen bis drei Personen. Mit seiner kompakten Gr\u00f6\u00dfe passt der Wasserkocher in jede K\u00fcche und zu jeder Inneneinrichtung. Das doppelte Geh\u00e4use aus Edelstahl h\u00e4lt das Wasser l\u00e4nger auf der richtigen Temperatur. Das ist praktisch, wenn man mehrere Tassen Tee trinken m\u00f6chte. Das Kochen des Wassers geht schnell und mit weniger L\u00e4rm als bei anderen Wasserkochern. Wenn das Wasser gekocht hat, schaltet sich der Wasserkocher automatisch selbst aus. Dank des Retro-Designs im Look der 50er-Jahre ist dieser Wasserkocher ein Eyecatcher in der K\u00fcche.<\/p>\n","protected":false},"excerpt":{"rendered":"<p>Der SMEG KLF05CREU Creme ist der kleinste Wasserkocher von SMEG und daher die beste Wahl f\u00fcr kleine Personengruppen bis drei Personen. Mit seiner kompakten Gr\u00f6\u00dfe passt der Wasserkocher in jede K\u00fcche und zu jeder Inneneinrichtung. Das doppelte Geh\u00e4use aus Edelstahl h\u00e4lt das Wasser l\u00e4nger auf der richtigen Temperatur. Das ist praktisch, wenn man mehrere Tassen Tee trinken m\u00f6chte. Das Kochen des Wassers geht schnell und mit weniger L\u00e4rm als bei anderen Wasserkochern. Wenn das Wasser gekocht hat, schaltet sich der Wasserkocher automatisch selbst aus. Dank des Retro-Designs im Look der 50er-Jahre ist dieser Wasserkocher ein Eyecatcher in der K\u00fcche.<\/p>\n","protected":false},"featured_media":0,"comment_status":"closed","ping_status":"open","template":"","meta":{"_acf_changed":false},"brand":[1344],"product_brand":[],"product_cat":[716],"product_tag":[717],"class_list":{"0":"post-74906","1":"product","2":"type-product","3":"status-publish","5":"brand-smeg","6":"product_cat-wasserkocher","7":"product_tag-waterkokers","8":"pa_condition-new","9":"pa_coolblue-de-verzending-morgen-gratis-geliefert","10":"pa_ean-10069","11":"pa_mpn-klf05creu","13":"first","14":"instock","15":"product-type-external"},"acf":[],"_links":{"self":[{"href":"https:\/\/onlinehardwareshop.de\/index.php\/wp-json\/wp\/v2\/product\/74906","targetHints":{"allow":["GET"]}}],"collection":[{"href":"https:\/\/onlinehardwareshop.de\/index.php\/wp-json\/wp\/v2\/product"}],"about":[{"href":"https:\/\/onlinehardwareshop.de\/index.php\/wp-json\/wp\/v2\/types\/product"}],"replies":[{"embeddable":true,"href":"https:\/\/onlinehardwareshop.de\/index.php\/wp-json\/wp\/v2\/comments?post=74906"}],"wp:attachment":[{"href":"https:\/\/onlinehardwareshop.de\/index.php\/wp-json\/wp\/v2\/media?parent=74906"}],"wp:term":[{"taxonomy":"brand","embeddable":true,"href":"https:\/\/onlinehardwareshop.de\/index.php\/wp-json\/wp\/v2\/brand?post=74906"},{"taxonomy":"product_brand","embeddable":true,"href":"https:\/\/onlinehardwareshop.de\/index.php\/wp-json\/wp\/v2\/product_brand?post=74906"},{"taxonomy":"product_cat","embeddable":true,"href":"https:\/\/onlinehardwareshop.de\/index.php\/wp-json\/wp\/v2\/product_cat?post=74906"},{"taxonomy":"product_tag","embeddable":true,"href":"https:\/\/onlinehardwareshop.de\/index.php\/wp-json\/wp\/v2\/product_tag?post=74906"}],"curies":[{"name":"wp","href":"https:\/\/api.w.org\/{rel}","templated":true}]}}