{"id":74902,"date":"2024-06-12T07:22:59","date_gmt":"2024-06-12T07:22:59","guid":{"rendered":"https:\/\/onlinehardwareshop.de\/index.php\/produkt\/steelseries-aerox-5-kabellose-gaming-maus-schwarz-2\/"},"modified":"2025-05-14T05:18:20","modified_gmt":"2025-05-14T05:18:20","slug":"steelseries-aerox-5-kabellose-gaming-maus-schwarz","status":"publish","type":"product","link":"https:\/\/onlinehardwareshop.de\/index.php\/produkt\/steelseries-aerox-5-kabellose-gaming-maus-schwarz\/","title":{"rendered":"SteelSeries Aerox 5 Kabellose Gaming-Maus Schwarz"},"content":{"rendered":"<p>Die SteelSeries Aerox 5 kabellose Gaming-Maus Schwarz kombiniert ein geringes Gewicht mit Pr\u00e4zision und Bewegungsfreiheit. Diese kabellose Gaming-Maus kann \u00fcber den mitgelieferten USB-Empf\u00e4nger oder per Bluetooth verbunden werden. Wenn du doch lieber \u00fcber Kabel spielen m\u00f6chtest, kannst du das mitgelieferte USB-Kabel benutzen, um kabelgebunden zu spielen.\u00a0Man kann den optischen Sensor auf bis zu 18.000\u00a0dpi einstellen, sodass der Mauszeiger schnell und pr\u00e4zise \u00fcber den Bildschirm huscht. Aufgrund des Wabendesigns dieser Maus wiegt die Aerox 5 nur 74 Gramm. Das macht sie zu einer der leichtesten kabellosen Gaming-M\u00e4use. Mit den f\u00fcnf programmierbaren Tasten steuerst du Funktionen, wie das Wechseln von Waffen in Call of Duty, schneller als dein Gegner. Du kannst ebenfalls die Beleuchtung der Maus einstellen, indem du eine der 16,8 Millionen Farben ausw\u00e4hlst, damit diese Maus zu deinem Set-up passt.<\/p>\n","protected":false},"excerpt":{"rendered":"<p>Die SteelSeries Aerox 5 kabellose Gaming-Maus Schwarz kombiniert ein geringes Gewicht mit Pr\u00e4zision und Bewegungsfreiheit. Diese kabellose Gaming-Maus kann \u00fcber den mitgelieferten USB-Empf\u00e4nger oder per Bluetooth verbunden werden. Wenn du doch lieber \u00fcber Kabel spielen m\u00f6chtest, kannst du das mitgelieferte USB-Kabel benutzen, um kabelgebunden zu spielen.\u00a0Man kann den optischen Sensor auf bis zu 18.000\u00a0dpi einstellen, sodass der Mauszeiger schnell und pr\u00e4zise \u00fcber den Bildschirm huscht. Aufgrund des Wabendesigns dieser Maus wiegt die Aerox 5 nur 74 Gramm. Das macht sie zu einer der leichtesten kabellosen Gaming-M\u00e4use. Mit den f\u00fcnf programmierbaren Tasten steuerst du Funktionen, wie das Wechseln von Waffen in Call of Duty, schneller als dein Gegner. Du kannst ebenfalls die Beleuchtung der Maus einstellen, indem du eine der 16,8 Millionen Farben ausw\u00e4hlst, damit diese Maus zu deinem Set-up passt.<\/p>\n","protected":false},"featured_media":0,"comment_status":"closed","ping_status":"open","template":"","meta":{"_acf_changed":false},"brand":[3605],"product_brand":[],"product_cat":[33],"product_tag":[3752],"class_list":{"0":"post-74902","1":"product","2":"type-product","3":"status-publish","5":"brand-steelseries","6":"product_cat-muse","7":"product_tag-gaming-muizen","8":"pa_condition-new","9":"pa_coolblue-de-verzending-morgen-gratis-geliefert","10":"pa_ean-10057","11":"pa_mpn-10058","13":"first","14":"instock","15":"product-type-external"},"acf":[],"_links":{"self":[{"href":"https:\/\/onlinehardwareshop.de\/index.php\/wp-json\/wp\/v2\/product\/74902","targetHints":{"allow":["GET"]}}],"collection":[{"href":"https:\/\/onlinehardwareshop.de\/index.php\/wp-json\/wp\/v2\/product"}],"about":[{"href":"https:\/\/onlinehardwareshop.de\/index.php\/wp-json\/wp\/v2\/types\/product"}],"replies":[{"embeddable":true,"href":"https:\/\/onlinehardwareshop.de\/index.php\/wp-json\/wp\/v2\/comments?post=74902"}],"wp:attachment":[{"href":"https:\/\/onlinehardwareshop.de\/index.php\/wp-json\/wp\/v2\/media?parent=74902"}],"wp:term":[{"taxonomy":"brand","embeddable":true,"href":"https:\/\/onlinehardwareshop.de\/index.php\/wp-json\/wp\/v2\/brand?post=74902"},{"taxonomy":"product_brand","embeddable":true,"href":"https:\/\/onlinehardwareshop.de\/index.php\/wp-json\/wp\/v2\/product_brand?post=74902"},{"taxonomy":"product_cat","embeddable":true,"href":"https:\/\/onlinehardwareshop.de\/index.php\/wp-json\/wp\/v2\/product_cat?post=74902"},{"taxonomy":"product_tag","embeddable":true,"href":"https:\/\/onlinehardwareshop.de\/index.php\/wp-json\/wp\/v2\/product_tag?post=74902"}],"curies":[{"name":"wp","href":"https:\/\/api.w.org\/{rel}","templated":true}]}}