{"id":74899,"date":"2024-12-11T23:09:09","date_gmt":"2024-12-11T23:09:09","guid":{"rendered":"https:\/\/onlinehardwareshop.de\/index.php\/produkt\/brabantia-bo-touch-bin-hi-abfalleimer-2-x-30-liter-matt-black-2\/"},"modified":"2025-05-14T05:18:03","modified_gmt":"2025-05-14T05:18:03","slug":"brabantia-bo-touch-bin-hi-abfalleimer-2-x-30-liter-matt-black","status":"publish","type":"product","link":"https:\/\/onlinehardwareshop.de\/index.php\/produkt\/brabantia-bo-touch-bin-hi-abfalleimer-2-x-30-liter-matt-black\/","title":{"rendered":"Brabantia Bo Touch Bin Hi Abfalleimer 2 x 30 Liter Matt Black"},"content":{"rendered":"<p>Mit dem Brabantia Bo Touch Bin Hi M\u00fclleimer 2 x 30 Liter mit 2 Kunststoff Inneneimer Matt Black trennst du M\u00fcll in deiner K\u00fcche \u00fcber das M\u00fclltrennsystem. In die zwei 30 Liter Inneneimer passt der Abfall von mehr als f\u00fcnf Personen. So bringst du selbst mit einer Gro\u00dffamilie nicht jeden Tag den M\u00fcll runter. Nimm die zwei F\u00e4cher des Bo Touch Bin separat heraus, um den Beutel zu wechseln oder um sie zu s\u00e4ubern. Weil dieser Brabantia M\u00fclleimer auf verstellbaren, rutschfesten F\u00fc\u00dfen steht, b\u00fcckst du dich weniger tief und machst m\u00fchelos den Boden darunter sauber. Mit dem Brabantia Soft Touch System \u00f6ffnest du den Doppelm\u00fclleimer durch eine sanfte Ber\u00fchrung. Trotz seiner Gr\u00f6\u00dfe stellst du den rechteckigen M\u00fclleimer platzsparend in eine Ecke oder gegen die Wand.<\/p>\n","protected":false},"excerpt":{"rendered":"<p>Mit dem Brabantia Bo Touch Bin Hi M\u00fclleimer 2 x 30 Liter mit 2 Kunststoff Inneneimer Matt Black trennst du M\u00fcll in deiner K\u00fcche \u00fcber das M\u00fclltrennsystem. In die zwei 30 Liter Inneneimer passt der Abfall von mehr als f\u00fcnf Personen. So bringst du selbst mit einer Gro\u00dffamilie nicht jeden Tag den M\u00fcll runter. Nimm die zwei F\u00e4cher des Bo Touch Bin separat heraus, um den Beutel zu wechseln oder um sie zu s\u00e4ubern. Weil dieser Brabantia M\u00fclleimer auf verstellbaren, rutschfesten F\u00fc\u00dfen steht, b\u00fcckst du dich weniger tief und machst m\u00fchelos den Boden darunter sauber. Mit dem Brabantia Soft Touch System \u00f6ffnest du den Doppelm\u00fclleimer durch eine sanfte Ber\u00fchrung. Trotz seiner Gr\u00f6\u00dfe stellst du den rechteckigen M\u00fclleimer platzsparend in eine Ecke oder gegen die Wand.<\/p>\n","protected":false},"featured_media":0,"comment_status":"closed","ping_status":"open","template":"","meta":{"_acf_changed":false},"brand":[66],"product_brand":[],"product_cat":[653],"product_tag":[654],"class_list":{"0":"post-74899","1":"product","2":"type-product","3":"status-publish","5":"brand-brabantia","6":"product_cat-mlleimer","7":"product_tag-prullenbakken-keuken-met-afvalscheiding","8":"pa_condition-new","9":"pa_coolblue-de-verzending-morgen-gratis-geliefert","10":"pa_ean-10049","11":"pa_mpn-10050","13":"first","14":"instock","15":"product-type-external"},"acf":[],"_links":{"self":[{"href":"https:\/\/onlinehardwareshop.de\/index.php\/wp-json\/wp\/v2\/product\/74899","targetHints":{"allow":["GET"]}}],"collection":[{"href":"https:\/\/onlinehardwareshop.de\/index.php\/wp-json\/wp\/v2\/product"}],"about":[{"href":"https:\/\/onlinehardwareshop.de\/index.php\/wp-json\/wp\/v2\/types\/product"}],"replies":[{"embeddable":true,"href":"https:\/\/onlinehardwareshop.de\/index.php\/wp-json\/wp\/v2\/comments?post=74899"}],"wp:attachment":[{"href":"https:\/\/onlinehardwareshop.de\/index.php\/wp-json\/wp\/v2\/media?parent=74899"}],"wp:term":[{"taxonomy":"brand","embeddable":true,"href":"https:\/\/onlinehardwareshop.de\/index.php\/wp-json\/wp\/v2\/brand?post=74899"},{"taxonomy":"product_brand","embeddable":true,"href":"https:\/\/onlinehardwareshop.de\/index.php\/wp-json\/wp\/v2\/product_brand?post=74899"},{"taxonomy":"product_cat","embeddable":true,"href":"https:\/\/onlinehardwareshop.de\/index.php\/wp-json\/wp\/v2\/product_cat?post=74899"},{"taxonomy":"product_tag","embeddable":true,"href":"https:\/\/onlinehardwareshop.de\/index.php\/wp-json\/wp\/v2\/product_tag?post=74899"}],"curies":[{"name":"wp","href":"https:\/\/api.w.org\/{rel}","templated":true}]}}