{"id":74887,"date":"2024-03-15T00:07:06","date_gmt":"2024-03-15T00:07:06","guid":{"rendered":"https:\/\/onlinehardwareshop.de\/index.php\/produkt\/brabantia-bo-touch-bin-11-23-liter-platinum-2\/"},"modified":"2025-05-14T05:17:00","modified_gmt":"2025-05-14T05:17:00","slug":"brabantia-bo-touch-bin-11-23-liter-platinum","status":"publish","type":"product","link":"https:\/\/onlinehardwareshop.de\/index.php\/produkt\/brabantia-bo-touch-bin-11-23-liter-platinum\/","title":{"rendered":"Brabantia Bo Touch Bin 11 + 23 Liter Platinum"},"content":{"rendered":"<p>Mit dem Brabantia Bo Touch Bin M\u00fclleimer 11 + 23 Liter mit 2 Inneneimern Platinum trennst du den M\u00fcll in deiner K\u00fcche, einfach und sauber \u00fcber das M\u00fclltrennsystem. In die 11 und 23 Liter Inneneimer aus Kunststoff, passt der Abfall von bis zu drei Personen. Nimm die zwei F\u00e4cher des Brabantia Bo Touch Bin einfach separat heraus, um den Beutel zu wechseln oder um sie zu s\u00e4ubern. Damit bleibt deine K\u00fcche sauber und geruchlos. Weil dieser Brabantia M\u00fclleimer auf verstellbaren, rutschfesten F\u00fc\u00dfen steht, b\u00fcckst du dich weniger tief und machst einfach den Boden darunter sauber. Mit dem Brabantia Soft Touch System \u00f6ffnest du den Abfalleimer durch eine sanfte Ber\u00fchrung. Dank der rechteckigen Form kann der M\u00fclleimer problemlos in eine Ecke oder an die Wand gestellt werden.<\/p>\n","protected":false},"excerpt":{"rendered":"<p>Mit dem Brabantia Bo Touch Bin M\u00fclleimer 11 + 23 Liter mit 2 Inneneimern Platinum trennst du den M\u00fcll in deiner K\u00fcche, einfach und sauber \u00fcber das M\u00fclltrennsystem. In die 11 und 23 Liter Inneneimer aus Kunststoff, passt der Abfall von bis zu drei Personen. Nimm die zwei F\u00e4cher des Brabantia Bo Touch Bin einfach separat heraus, um den Beutel zu wechseln oder um sie zu s\u00e4ubern. Damit bleibt deine K\u00fcche sauber und geruchlos. Weil dieser Brabantia M\u00fclleimer auf verstellbaren, rutschfesten F\u00fc\u00dfen steht, b\u00fcckst du dich weniger tief und machst einfach den Boden darunter sauber. Mit dem Brabantia Soft Touch System \u00f6ffnest du den Abfalleimer durch eine sanfte Ber\u00fchrung. Dank der rechteckigen Form kann der M\u00fclleimer problemlos in eine Ecke oder an die Wand gestellt werden.<\/p>\n","protected":false},"featured_media":0,"comment_status":"closed","ping_status":"open","template":"","meta":{"_acf_changed":false},"brand":[66],"product_brand":[],"product_cat":[653],"product_tag":[654],"class_list":{"0":"post-74887","1":"product","2":"type-product","3":"status-publish","5":"brand-brabantia","6":"product_cat-mlleimer","7":"product_tag-prullenbakken-keuken-met-afvalscheiding","8":"pa_condition-new","9":"pa_coolblue-de-verzending-morgen-gratis-geliefert","10":"pa_ean-28449","11":"pa_mpn-28450","13":"first","14":"instock","15":"product-type-external"},"acf":[],"_links":{"self":[{"href":"https:\/\/onlinehardwareshop.de\/index.php\/wp-json\/wp\/v2\/product\/74887","targetHints":{"allow":["GET"]}}],"collection":[{"href":"https:\/\/onlinehardwareshop.de\/index.php\/wp-json\/wp\/v2\/product"}],"about":[{"href":"https:\/\/onlinehardwareshop.de\/index.php\/wp-json\/wp\/v2\/types\/product"}],"replies":[{"embeddable":true,"href":"https:\/\/onlinehardwareshop.de\/index.php\/wp-json\/wp\/v2\/comments?post=74887"}],"wp:attachment":[{"href":"https:\/\/onlinehardwareshop.de\/index.php\/wp-json\/wp\/v2\/media?parent=74887"}],"wp:term":[{"taxonomy":"brand","embeddable":true,"href":"https:\/\/onlinehardwareshop.de\/index.php\/wp-json\/wp\/v2\/brand?post=74887"},{"taxonomy":"product_brand","embeddable":true,"href":"https:\/\/onlinehardwareshop.de\/index.php\/wp-json\/wp\/v2\/product_brand?post=74887"},{"taxonomy":"product_cat","embeddable":true,"href":"https:\/\/onlinehardwareshop.de\/index.php\/wp-json\/wp\/v2\/product_cat?post=74887"},{"taxonomy":"product_tag","embeddable":true,"href":"https:\/\/onlinehardwareshop.de\/index.php\/wp-json\/wp\/v2\/product_tag?post=74887"}],"curies":[{"name":"wp","href":"https:\/\/api.w.org\/{rel}","templated":true}]}}