{"id":74880,"date":"2024-03-04T23:42:59","date_gmt":"2024-03-04T23:42:59","guid":{"rendered":"https:\/\/onlinehardwareshop.de\/index.php\/produkt\/act-ac1600-m-2-sata-ssd-gehuse-2\/"},"modified":"2025-05-14T05:16:14","modified_gmt":"2025-05-14T05:16:14","slug":"act-ac1600-m-2-sata-ssd-gehuse","status":"publish","type":"product","link":"https:\/\/onlinehardwareshop.de\/index.php\/produkt\/act-ac1600-m-2-sata-ssd-gehuse\/","title":{"rendered":"ACT AC1600 M.2 SATA SSD Geh&#xE4;use"},"content":{"rendered":"<p>Hinweis:Dieses Geh\u00e4use unterst\u00fctzt M.2-SATA-SSDs mit einer L\u00e4nge von bis zu 8\u00a0Zentimetern, die einen B- oder B+M-Schl\u00fcssel als Anschluss haben. Bitte pr\u00fcfe in der Gebrauchsanleitung deiner aktuellen SSD, ob das Geh\u00e4use f\u00fcr dein Ger\u00e4t geeignet ist.  Mit diesem ACT AC1600 M.2 SATA SSD-Geh\u00e4use kannst du eine interne SSD in ein externes Speicherger\u00e4t verwandeln. Mit dem mitgelieferten USB-A-Kabel l\u00e4sst sich deine SSD ganz einfach an deinen Laptop oder PC anschlie\u00dfen. Das robuste Aluminium des Geh\u00e4uses sch\u00fctzt deine Festplatte vor Sturz- oder Sto\u00dfsch\u00e4den. Au\u00dferdem kann die SSD aufgrund ihrer kompakten Gr\u00f6\u00dfe und des geringen Gewichts im Geh\u00e4use mitgenommen werden. Das Geh\u00e4use ist nicht gr\u00f6\u00dfer als deine Hand und passt problemlos in deine Tasche. Dadurch hast du deine Dateien immer dabei.<\/p>\n","protected":false},"excerpt":{"rendered":"<p>Hinweis:Dieses Geh\u00e4use unterst\u00fctzt M.2-SATA-SSDs mit einer L\u00e4nge von bis zu 8\u00a0Zentimetern, die einen B- oder B+M-Schl\u00fcssel als Anschluss haben. Bitte pr\u00fcfe in der Gebrauchsanleitung deiner aktuellen SSD, ob das Geh\u00e4use f\u00fcr dein Ger\u00e4t geeignet ist.  Mit diesem ACT AC1600 M.2 SATA SSD-Geh\u00e4use kannst du eine interne SSD in ein externes Speicherger\u00e4t verwandeln. Mit dem mitgelieferten USB-A-Kabel l\u00e4sst sich deine SSD ganz einfach an deinen Laptop oder PC anschlie\u00dfen. Das robuste Aluminium des Geh\u00e4uses sch\u00fctzt deine Festplatte vor Sturz- oder Sto\u00dfsch\u00e4den. Au\u00dferdem kann die SSD aufgrund ihrer kompakten Gr\u00f6\u00dfe und des geringen Gewichts im Geh\u00e4use mitgenommen werden. Das Geh\u00e4use ist nicht gr\u00f6\u00dfer als deine Hand und passt problemlos in deine Tasche. Dadurch hast du deine Dateien immer dabei.<\/p>\n","protected":false},"featured_media":0,"comment_status":"closed","ping_status":"open","template":"","meta":{"_acf_changed":false},"brand":[4758],"product_brand":[],"product_cat":[9339],"product_tag":[9340],"class_list":{"0":"post-74880","1":"product","2":"type-product","3":"status-publish","5":"brand-act","6":"product_cat-festplattengehaeuse","7":"product_tag-hardeschijfbehuizingen","8":"pa_condition-new","9":"pa_coolblue-de-verzending-morgen-gratis-geliefert","10":"pa_ean-10011","11":"pa_mpn-ac1600","13":"first","14":"instock","15":"product-type-external"},"acf":[],"_links":{"self":[{"href":"https:\/\/onlinehardwareshop.de\/index.php\/wp-json\/wp\/v2\/product\/74880","targetHints":{"allow":["GET"]}}],"collection":[{"href":"https:\/\/onlinehardwareshop.de\/index.php\/wp-json\/wp\/v2\/product"}],"about":[{"href":"https:\/\/onlinehardwareshop.de\/index.php\/wp-json\/wp\/v2\/types\/product"}],"replies":[{"embeddable":true,"href":"https:\/\/onlinehardwareshop.de\/index.php\/wp-json\/wp\/v2\/comments?post=74880"}],"wp:attachment":[{"href":"https:\/\/onlinehardwareshop.de\/index.php\/wp-json\/wp\/v2\/media?parent=74880"}],"wp:term":[{"taxonomy":"brand","embeddable":true,"href":"https:\/\/onlinehardwareshop.de\/index.php\/wp-json\/wp\/v2\/brand?post=74880"},{"taxonomy":"product_brand","embeddable":true,"href":"https:\/\/onlinehardwareshop.de\/index.php\/wp-json\/wp\/v2\/product_brand?post=74880"},{"taxonomy":"product_cat","embeddable":true,"href":"https:\/\/onlinehardwareshop.de\/index.php\/wp-json\/wp\/v2\/product_cat?post=74880"},{"taxonomy":"product_tag","embeddable":true,"href":"https:\/\/onlinehardwareshop.de\/index.php\/wp-json\/wp\/v2\/product_tag?post=74880"}],"curies":[{"name":"wp","href":"https:\/\/api.w.org\/{rel}","templated":true}]}}