{"id":74877,"date":"2025-02-09T05:53:59","date_gmt":"2025-02-09T05:53:59","guid":{"rendered":"https:\/\/onlinehardwareshop.de\/index.php\/produkt\/hp-320-fullhd-webcam-2\/"},"modified":"2025-05-14T05:16:00","modified_gmt":"2025-05-14T05:16:00","slug":"hp-320-fullhd-webcam","status":"publish","type":"product","link":"https:\/\/onlinehardwareshop.de\/index.php\/produkt\/hp-320-fullhd-webcam\/","title":{"rendered":"HP 320 FullHD Webcam"},"content":{"rendered":"<p>Verwende die HP 320 FullHD Webcam f\u00fcr Videoanrufe mit Kollegen, Freunden und Familie. Dank der Full-HD-Aufl\u00f6sung bist du f\u00fcr deine Gespr\u00e4chspartner immer gut sichtbar. Die Kamera fokussiert automatisch auf dein Gesicht, sodass du immer scharf abgebildet bist. Dank des Weitwinkels haben auch andere im Raum Platz, um sich an der Unterhaltung zu beteiligen. Diese Webcam ist um 360 Grad schwenkbar, sodass du sie immer richtig positionieren kannst. Dank des integrierten Mikrofons kannst du sofort mit den Videoanrufen loslegen. Schlie\u00dfe das USB-A-Kabel an deinen Laptop oder PC an und klemme die HP 320 an deinen Bildschirm. Die Webcam l\u00e4sst sich auch einfach auf einem separat erh\u00e4ltlichen Stativ montieren und neben deinem Laptop aufstellen. Hast du dein Videogespr\u00e4ch beendet? Dann decke das Objektiv ab, damit dich niemand uneingeladen sieht.<\/p>\n","protected":false},"excerpt":{"rendered":"<p>Verwende die HP 320 FullHD Webcam f\u00fcr Videoanrufe mit Kollegen, Freunden und Familie. Dank der Full-HD-Aufl\u00f6sung bist du f\u00fcr deine Gespr\u00e4chspartner immer gut sichtbar. Die Kamera fokussiert automatisch auf dein Gesicht, sodass du immer scharf abgebildet bist. Dank des Weitwinkels haben auch andere im Raum Platz, um sich an der Unterhaltung zu beteiligen. Diese Webcam ist um 360 Grad schwenkbar, sodass du sie immer richtig positionieren kannst. Dank des integrierten Mikrofons kannst du sofort mit den Videoanrufen loslegen. Schlie\u00dfe das USB-A-Kabel an deinen Laptop oder PC an und klemme die HP 320 an deinen Bildschirm. Die Webcam l\u00e4sst sich auch einfach auf einem separat erh\u00e4ltlichen Stativ montieren und neben deinem Laptop aufstellen. Hast du dein Videogespr\u00e4ch beendet? Dann decke das Objektiv ab, damit dich niemand uneingeladen sieht.<\/p>\n","protected":false},"featured_media":0,"comment_status":"closed","ping_status":"open","template":"","meta":{"_acf_changed":false},"brand":[90],"product_brand":[],"product_cat":[999],"product_tag":[1000],"class_list":{"0":"post-74877","1":"product","2":"type-product","3":"status-publish","5":"brand-hp","6":"product_cat-webcams","7":"product_tag-webcams","8":"pa_condition-new","9":"pa_coolblue-de-verzending-morgen-gratis-geliefert","10":"pa_ean-10003","11":"pa_mpn-53x26aa_abb","13":"first","14":"instock","15":"product-type-external"},"acf":[],"_links":{"self":[{"href":"https:\/\/onlinehardwareshop.de\/index.php\/wp-json\/wp\/v2\/product\/74877","targetHints":{"allow":["GET"]}}],"collection":[{"href":"https:\/\/onlinehardwareshop.de\/index.php\/wp-json\/wp\/v2\/product"}],"about":[{"href":"https:\/\/onlinehardwareshop.de\/index.php\/wp-json\/wp\/v2\/types\/product"}],"replies":[{"embeddable":true,"href":"https:\/\/onlinehardwareshop.de\/index.php\/wp-json\/wp\/v2\/comments?post=74877"}],"wp:attachment":[{"href":"https:\/\/onlinehardwareshop.de\/index.php\/wp-json\/wp\/v2\/media?parent=74877"}],"wp:term":[{"taxonomy":"brand","embeddable":true,"href":"https:\/\/onlinehardwareshop.de\/index.php\/wp-json\/wp\/v2\/brand?post=74877"},{"taxonomy":"product_brand","embeddable":true,"href":"https:\/\/onlinehardwareshop.de\/index.php\/wp-json\/wp\/v2\/product_brand?post=74877"},{"taxonomy":"product_cat","embeddable":true,"href":"https:\/\/onlinehardwareshop.de\/index.php\/wp-json\/wp\/v2\/product_cat?post=74877"},{"taxonomy":"product_tag","embeddable":true,"href":"https:\/\/onlinehardwareshop.de\/index.php\/wp-json\/wp\/v2\/product_tag?post=74877"}],"curies":[{"name":"wp","href":"https:\/\/api.w.org\/{rel}","templated":true}]}}