{"id":74869,"date":"2025-02-23T15:03:26","date_gmt":"2025-02-23T15:03:26","guid":{"rendered":"https:\/\/onlinehardwareshop.de\/index.php\/produkt\/samsung-t7-shield-1tb-schwarz-2\/"},"modified":"2025-05-14T05:14:54","modified_gmt":"2025-05-14T05:14:54","slug":"samsung-t7-shield-1tb-schwarz","status":"publish","type":"product","link":"https:\/\/onlinehardwareshop.de\/index.php\/produkt\/samsung-t7-shield-1tb-schwarz\/","title":{"rendered":"Samsung T7 Shield 1TB Schwarz"},"content":{"rendered":"<p>Mit der Samsung T7 Shield 1\u00a0TB Schwarz stattest du deine Ger\u00e4te \u00fcber den USB-C-Port mit zus\u00e4tzlichem Speicher aus. Dank der Schutzschicht aus Silikon ist die T7 Shield sto\u00dffest sowie staub- und wasserbest\u00e4ndig und h\u00e4lt daher einiges aus. Das wirkt sich jedoch nicht negativ auf die Leistungen der SSD aus. Mit einer Geschwindigkeit von 1 GB\/s \u00fcbertr\u00e4gst du einen zweist\u00fcndigen 4K-Film n\u00e4mlich in weniger als einer Minute. Die SSD eignet sich f\u00fcr Android, Windows und macOS. Daher musst du sie vor der Verwendung nicht formatieren, sondern legst direkt los. Dar\u00fcber hinaus sind alle deine Dateien dank der Datenverschl\u00fcsselung gut gesch\u00fctzt und du brauchst dir keine Sorgen \u00fcber unerw\u00fcnschte Besucher zu machen. Du speicherst auf dieser SSD auch Apple ProRes Inhalte mit 4K-Aufl\u00f6sung und 60\u00a0fps. Auf diese externe SSD erh\u00e4ltst du von Samsung drei Jahre Garantie. Dar\u00fcber hinaus ist diese SSD auch mit dem iPhone\u00a015, der PlayStation\u00a05 und der Xbox Series XS kompatibel.<\/p>\n","protected":false},"excerpt":{"rendered":"<p>Mit der Samsung T7 Shield 1\u00a0TB Schwarz stattest du deine Ger\u00e4te \u00fcber den USB-C-Port mit zus\u00e4tzlichem Speicher aus. Dank der Schutzschicht aus Silikon ist die T7 Shield sto\u00dffest sowie staub- und wasserbest\u00e4ndig und h\u00e4lt daher einiges aus. Das wirkt sich jedoch nicht negativ auf die Leistungen der SSD aus. Mit einer Geschwindigkeit von 1 GB\/s \u00fcbertr\u00e4gst du einen zweist\u00fcndigen 4K-Film n\u00e4mlich in weniger als einer Minute. Die SSD eignet sich f\u00fcr Android, Windows und macOS. Daher musst du sie vor der Verwendung nicht formatieren, sondern legst direkt los. Dar\u00fcber hinaus sind alle deine Dateien dank der Datenverschl\u00fcsselung gut gesch\u00fctzt und du brauchst dir keine Sorgen \u00fcber unerw\u00fcnschte Besucher zu machen. Du speicherst auf dieser SSD auch Apple ProRes Inhalte mit 4K-Aufl\u00f6sung und 60\u00a0fps. Auf diese externe SSD erh\u00e4ltst du von Samsung drei Jahre Garantie. Dar\u00fcber hinaus ist diese SSD auch mit dem iPhone\u00a015, der PlayStation\u00a05 und der Xbox Series XS kompatibel.<\/p>\n","protected":false},"featured_media":0,"comment_status":"closed","ping_status":"open","template":"","meta":{"_acf_changed":false},"brand":[1165],"product_brand":[],"product_cat":[4819],"product_tag":[4820],"class_list":{"0":"post-74869","1":"product","2":"type-product","3":"status-publish","5":"brand-samsung","6":"product_cat-externe-ssds","7":"product_tag-harde-schijven-extern-ssd","8":"pa_condition-new","9":"pa_coolblue-de-verzending-morgen-gratis-geliefert","10":"pa_ean-9979","11":"pa_mpn-mu-pe1t0s-eu","13":"first","14":"instock","15":"product-type-external"},"acf":[],"_links":{"self":[{"href":"https:\/\/onlinehardwareshop.de\/index.php\/wp-json\/wp\/v2\/product\/74869","targetHints":{"allow":["GET"]}}],"collection":[{"href":"https:\/\/onlinehardwareshop.de\/index.php\/wp-json\/wp\/v2\/product"}],"about":[{"href":"https:\/\/onlinehardwareshop.de\/index.php\/wp-json\/wp\/v2\/types\/product"}],"replies":[{"embeddable":true,"href":"https:\/\/onlinehardwareshop.de\/index.php\/wp-json\/wp\/v2\/comments?post=74869"}],"wp:attachment":[{"href":"https:\/\/onlinehardwareshop.de\/index.php\/wp-json\/wp\/v2\/media?parent=74869"}],"wp:term":[{"taxonomy":"brand","embeddable":true,"href":"https:\/\/onlinehardwareshop.de\/index.php\/wp-json\/wp\/v2\/brand?post=74869"},{"taxonomy":"product_brand","embeddable":true,"href":"https:\/\/onlinehardwareshop.de\/index.php\/wp-json\/wp\/v2\/product_brand?post=74869"},{"taxonomy":"product_cat","embeddable":true,"href":"https:\/\/onlinehardwareshop.de\/index.php\/wp-json\/wp\/v2\/product_cat?post=74869"},{"taxonomy":"product_tag","embeddable":true,"href":"https:\/\/onlinehardwareshop.de\/index.php\/wp-json\/wp\/v2\/product_tag?post=74869"}],"curies":[{"name":"wp","href":"https:\/\/api.w.org\/{rel}","templated":true}]}}