{"id":74863,"date":"2024-02-29T14:01:06","date_gmt":"2024-02-29T14:01:06","guid":{"rendered":"https:\/\/onlinehardwareshop.de\/index.php\/produkt\/krcher-k5-premium-power-control-flex-2\/"},"modified":"2025-05-14T05:14:30","modified_gmt":"2025-05-14T05:14:30","slug":"krcher-k5-premium-power-control-flex","status":"publish","type":"product","link":"https:\/\/onlinehardwareshop.de\/index.php\/produkt\/krcher-k5-premium-power-control-flex\/","title":{"rendered":"K&#xE4;rcher K5 Premium Power Control Flex"},"content":{"rendered":"<p>Der K\u00e4rcher K5 Premium Power Control Flex ist ein Hochdruckreiniger der Basisklasse mit Trommel. Mit einem Arbeitsdruck von 145\u00a0bar und einer Durchflussmenge von 500 Litern pro Stunde ist er ideal f\u00fcr gr\u00f6\u00dfere Arbeiten wie die Reinigung von Gartenm\u00f6beln, Mauern oder Gartenger\u00e4ten. Dank des zehn Meter langen, flexiblen Hochdruckschlauchs erreichst du problemlos alle Ecken. Mit der Spr\u00fchlanze stellst du die Strahlst\u00e4rke selbst ein und hast so die volle Kontrolle. Kleines Zubeh\u00f6r bringst du im praktischen Staufach unter. Lade dir die dazugeh\u00f6rige App herunter, um Tipps und Hilfe beim Einstellen des richtigen Arbeitsdrucks f\u00fcr jede Aufgabe zu erhalten. So holst du das Beste aus deinem Hochdruckreiniger heraus.<\/p>\n","protected":false},"excerpt":{"rendered":"<p>Der K\u00e4rcher K5 Premium Power Control Flex ist ein Hochdruckreiniger der Basisklasse mit Trommel. Mit einem Arbeitsdruck von 145\u00a0bar und einer Durchflussmenge von 500 Litern pro Stunde ist er ideal f\u00fcr gr\u00f6\u00dfere Arbeiten wie die Reinigung von Gartenm\u00f6beln, Mauern oder Gartenger\u00e4ten. Dank des zehn Meter langen, flexiblen Hochdruckschlauchs erreichst du problemlos alle Ecken. Mit der Spr\u00fchlanze stellst du die Strahlst\u00e4rke selbst ein und hast so die volle Kontrolle. Kleines Zubeh\u00f6r bringst du im praktischen Staufach unter. Lade dir die dazugeh\u00f6rige App herunter, um Tipps und Hilfe beim Einstellen des richtigen Arbeitsdrucks f\u00fcr jede Aufgabe zu erhalten. So holst du das Beste aus deinem Hochdruckreiniger heraus.<\/p>\n","protected":false},"featured_media":0,"comment_status":"closed","ping_status":"open","template":"","meta":{"_acf_changed":false},"brand":[294],"product_brand":[],"product_cat":[2722],"product_tag":[2723],"class_list":{"0":"post-74863","1":"product","2":"type-product","3":"status-publish","5":"brand-karcher","6":"product_cat-hochdruckreiniger","7":"product_tag-hogedrukreinigers","8":"pa_condition-new","9":"pa_coolblue-de-verzending-morgen-gratis-geliefert","10":"pa_ean-31783","11":"pa_mpn-1-324-712-0","13":"first","14":"instock","15":"product-type-external"},"acf":[],"_links":{"self":[{"href":"https:\/\/onlinehardwareshop.de\/index.php\/wp-json\/wp\/v2\/product\/74863","targetHints":{"allow":["GET"]}}],"collection":[{"href":"https:\/\/onlinehardwareshop.de\/index.php\/wp-json\/wp\/v2\/product"}],"about":[{"href":"https:\/\/onlinehardwareshop.de\/index.php\/wp-json\/wp\/v2\/types\/product"}],"replies":[{"embeddable":true,"href":"https:\/\/onlinehardwareshop.de\/index.php\/wp-json\/wp\/v2\/comments?post=74863"}],"wp:attachment":[{"href":"https:\/\/onlinehardwareshop.de\/index.php\/wp-json\/wp\/v2\/media?parent=74863"}],"wp:term":[{"taxonomy":"brand","embeddable":true,"href":"https:\/\/onlinehardwareshop.de\/index.php\/wp-json\/wp\/v2\/brand?post=74863"},{"taxonomy":"product_brand","embeddable":true,"href":"https:\/\/onlinehardwareshop.de\/index.php\/wp-json\/wp\/v2\/product_brand?post=74863"},{"taxonomy":"product_cat","embeddable":true,"href":"https:\/\/onlinehardwareshop.de\/index.php\/wp-json\/wp\/v2\/product_cat?post=74863"},{"taxonomy":"product_tag","embeddable":true,"href":"https:\/\/onlinehardwareshop.de\/index.php\/wp-json\/wp\/v2\/product_tag?post=74863"}],"curies":[{"name":"wp","href":"https:\/\/api.w.org\/{rel}","templated":true}]}}