{"id":74822,"date":"2024-03-19T00:45:25","date_gmt":"2024-03-19T00:45:25","guid":{"rendered":"https:\/\/onlinehardwareshop.de\/index.php\/produkt\/tefal-hard-titanium-pro-bratpfannenset-24-28cm-2\/"},"modified":"2025-05-14T05:10:34","modified_gmt":"2025-05-14T05:10:34","slug":"tefal-hard-titanium-pro-bratpfannenset-24-28cm","status":"publish","type":"product","link":"https:\/\/onlinehardwareshop.de\/index.php\/produkt\/tefal-hard-titanium-pro-bratpfannenset-24-28cm\/","title":{"rendered":"Tefal Hard Titanium Pro Bratpfannenset 24 + 28&#xA0;cm"},"content":{"rendered":"<p>Mit dem Tefal Hard Titanium Pro Bratpfannenset 24\u00a0cm + 28\u00a0cm legst du dir ein langlebiges Pfannenset zu. Da die Beschichtungen aus Titan bestehen, halten sie bis zu dreimal so lange wie die standardm\u00e4\u00dfige Antihaftbeschichtung von Tefal. Der Tefal Thermo-Signalpunkt f\u00e4rbt sich rot, wenn die Pfannen die richtige Temperatur erreichen. Das ist praktisch, denn so musst du nicht mehr deine Hand \u00fcber die Pfanne halten, um zu \u00fcberpr\u00fcfen, ob sie hei\u00df ist. Bist du fertig mit dem Braten? Dann sp\u00fcle die Bratpfanne mit der Hand, damit sie l\u00e4nger h\u00e4lt.<\/p>\n","protected":false},"excerpt":{"rendered":"<p>Mit dem Tefal Hard Titanium Pro Bratpfannenset 24\u00a0cm + 28\u00a0cm legst du dir ein langlebiges Pfannenset zu. Da die Beschichtungen aus Titan bestehen, halten sie bis zu dreimal so lange wie die standardm\u00e4\u00dfige Antihaftbeschichtung von Tefal. Der Tefal Thermo-Signalpunkt f\u00e4rbt sich rot, wenn die Pfannen die richtige Temperatur erreichen. Das ist praktisch, denn so musst du nicht mehr deine Hand \u00fcber die Pfanne halten, um zu \u00fcberpr\u00fcfen, ob sie hei\u00df ist. Bist du fertig mit dem Braten? Dann sp\u00fcle die Bratpfanne mit der Hand, damit sie l\u00e4nger h\u00e4lt.<\/p>\n","protected":false},"featured_media":0,"comment_status":"closed","ping_status":"open","template":"","meta":{"_acf_changed":false},"brand":[506],"product_brand":[],"product_cat":[372],"product_tag":[1788],"class_list":{"0":"post-74822","1":"product","2":"type-product","3":"status-publish","5":"brand-tefal","6":"product_cat-tpfe-und-pfannen","7":"product_tag-bakpannensets","8":"pa_condition-new","9":"pa_coolblue-de-verzending-morgen-gratis-geliefert","10":"pa_ean-28211","11":"pa_mpn-g2899053","13":"first","14":"instock","15":"product-type-external"},"acf":[],"_links":{"self":[{"href":"https:\/\/onlinehardwareshop.de\/index.php\/wp-json\/wp\/v2\/product\/74822","targetHints":{"allow":["GET"]}}],"collection":[{"href":"https:\/\/onlinehardwareshop.de\/index.php\/wp-json\/wp\/v2\/product"}],"about":[{"href":"https:\/\/onlinehardwareshop.de\/index.php\/wp-json\/wp\/v2\/types\/product"}],"replies":[{"embeddable":true,"href":"https:\/\/onlinehardwareshop.de\/index.php\/wp-json\/wp\/v2\/comments?post=74822"}],"wp:attachment":[{"href":"https:\/\/onlinehardwareshop.de\/index.php\/wp-json\/wp\/v2\/media?parent=74822"}],"wp:term":[{"taxonomy":"brand","embeddable":true,"href":"https:\/\/onlinehardwareshop.de\/index.php\/wp-json\/wp\/v2\/brand?post=74822"},{"taxonomy":"product_brand","embeddable":true,"href":"https:\/\/onlinehardwareshop.de\/index.php\/wp-json\/wp\/v2\/product_brand?post=74822"},{"taxonomy":"product_cat","embeddable":true,"href":"https:\/\/onlinehardwareshop.de\/index.php\/wp-json\/wp\/v2\/product_cat?post=74822"},{"taxonomy":"product_tag","embeddable":true,"href":"https:\/\/onlinehardwareshop.de\/index.php\/wp-json\/wp\/v2\/product_tag?post=74822"}],"curies":[{"name":"wp","href":"https:\/\/api.w.org\/{rel}","templated":true}]}}