{"id":74781,"date":"2025-04-01T23:45:38","date_gmt":"2025-04-01T23:45:38","guid":{"rendered":"https:\/\/onlinehardwareshop.de\/index.php\/produkt\/philips-viva-collection-hd2650-90-2\/"},"modified":"2025-05-14T05:07:03","modified_gmt":"2025-05-14T05:07:03","slug":"philips-viva-collection-hd2650-90","status":"publish","type":"product","link":"https:\/\/onlinehardwareshop.de\/index.php\/produkt\/philips-viva-collection-hd2650-90\/","title":{"rendered":"Philips Viva Collection HD2650\/90"},"content":{"rendered":"<p>Mit dem Philips Viva Collection HD2650\/90 kannst du deine Brotscheiben dank der acht einstellbaren Br\u00e4unungsstufen besonders knusprig toasten. M\u00f6chtest du am Sonntagmorgen auch Sandwiches oder Croissants aufw\u00e4rmen? Verwende dann das integrierte Warmhaltegitter, um die Brotscheiben warm zu halten. Praktisch, wenn der Rest der Familie etwas l\u00e4nger schlafen m\u00f6chte. Wenn deine Toastscheiben brauner als erwartet sind, solltest du die Stopptaste dr\u00fccken, um das Toasten zu beenden. Dank der besonders breiten Schlitze kannst du auch dicke Brotscheiben toasten. In der herausnehmbaren Kr\u00fcmellade werden alle Kr\u00fcmel gesammelt, sodass deine Arbeitsplatte sauber bleibt.<\/p>\n","protected":false},"excerpt":{"rendered":"<p>Mit dem Philips Viva Collection HD2650\/90 kannst du deine Brotscheiben dank der acht einstellbaren Br\u00e4unungsstufen besonders knusprig toasten. M\u00f6chtest du am Sonntagmorgen auch Sandwiches oder Croissants aufw\u00e4rmen? Verwende dann das integrierte Warmhaltegitter, um die Brotscheiben warm zu halten. Praktisch, wenn der Rest der Familie etwas l\u00e4nger schlafen m\u00f6chte. Wenn deine Toastscheiben brauner als erwartet sind, solltest du die Stopptaste dr\u00fccken, um das Toasten zu beenden. Dank der besonders breiten Schlitze kannst du auch dicke Brotscheiben toasten. In der herausnehmbaren Kr\u00fcmellade werden alle Kr\u00fcmel gesammelt, sodass deine Arbeitsplatte sauber bleibt.<\/p>\n","protected":false},"featured_media":0,"comment_status":"closed","ping_status":"open","template":"","meta":{"_acf_changed":false},"brand":[1382],"product_brand":[],"product_cat":[283],"product_tag":[284],"class_list":{"0":"post-74781","1":"product","2":"type-product","3":"status-publish","5":"brand-philips","6":"product_cat-toaster","7":"product_tag-broodroosters","8":"pa_condition-new","9":"pa_coolblue-de-verzending-morgen-gratis-geliefert","10":"pa_ean-9816","11":"pa_mpn-hd2650-90","13":"first","14":"instock","15":"product-type-external"},"acf":[],"_links":{"self":[{"href":"https:\/\/onlinehardwareshop.de\/index.php\/wp-json\/wp\/v2\/product\/74781","targetHints":{"allow":["GET"]}}],"collection":[{"href":"https:\/\/onlinehardwareshop.de\/index.php\/wp-json\/wp\/v2\/product"}],"about":[{"href":"https:\/\/onlinehardwareshop.de\/index.php\/wp-json\/wp\/v2\/types\/product"}],"replies":[{"embeddable":true,"href":"https:\/\/onlinehardwareshop.de\/index.php\/wp-json\/wp\/v2\/comments?post=74781"}],"wp:attachment":[{"href":"https:\/\/onlinehardwareshop.de\/index.php\/wp-json\/wp\/v2\/media?parent=74781"}],"wp:term":[{"taxonomy":"brand","embeddable":true,"href":"https:\/\/onlinehardwareshop.de\/index.php\/wp-json\/wp\/v2\/brand?post=74781"},{"taxonomy":"product_brand","embeddable":true,"href":"https:\/\/onlinehardwareshop.de\/index.php\/wp-json\/wp\/v2\/product_brand?post=74781"},{"taxonomy":"product_cat","embeddable":true,"href":"https:\/\/onlinehardwareshop.de\/index.php\/wp-json\/wp\/v2\/product_cat?post=74781"},{"taxonomy":"product_tag","embeddable":true,"href":"https:\/\/onlinehardwareshop.de\/index.php\/wp-json\/wp\/v2\/product_tag?post=74781"}],"curies":[{"name":"wp","href":"https:\/\/api.w.org\/{rel}","templated":true}]}}