{"id":74709,"date":"2024-08-19T00:00:39","date_gmt":"2024-08-19T00:00:39","guid":{"rendered":"https:\/\/onlinehardwareshop.de\/index.php\/produkt\/kenwood-chef-kvc3110s-2\/"},"modified":"2025-05-14T05:00:42","modified_gmt":"2025-05-14T05:00:42","slug":"kenwood-chef-kvc3110s","status":"publish","type":"product","link":"https:\/\/onlinehardwareshop.de\/index.php\/produkt\/kenwood-chef-kvc3110s\/","title":{"rendered":"Kenwood Chef KVC3110S"},"content":{"rendered":"<p>Mit der Kenwood Chef KVC3110S kannst du dank des mitgelieferten Standmixers Gem\u00fcse und Obst zu einem Smoothie verarbeiten. Die K\u00fcchenmaschine hat eine starke Leistung von 1.000\u00a0Watt. Somit lassen sich schwere Teige wie Brot- und Pizzateig m\u00fchelos kneten. In der 4,6-Liter-Edelstahl-R\u00fchrsch\u00fcssel kannst du mit dem Schneebesen Schlagsahne aufschlagen oder mit dem K-Schl\u00e4ger Kuchenteig r\u00fchren. Die Geschwindigkeit der K\u00fcchenmaschine ist mit dem Drehknopf stufenlos einstellbar. Auf diese Weise l\u00e4sst sich die Geschwindigkeit sehr genau an die jeweilige Zubereitung anpassen. Der Sanftanlauf erm\u00f6glicht es dir, die Geschwindigkeit langsam zu erh\u00f6hen, um Spritzer zu vermeiden. Nach dem Gebrauch l\u00e4sst sich der R\u00fchrsch\u00fcssel einfach in der Sp\u00fclmaschine reinigen.<\/p>\n","protected":false},"excerpt":{"rendered":"<p>Mit der Kenwood Chef KVC3110S kannst du dank des mitgelieferten Standmixers Gem\u00fcse und Obst zu einem Smoothie verarbeiten. Die K\u00fcchenmaschine hat eine starke Leistung von 1.000\u00a0Watt. Somit lassen sich schwere Teige wie Brot- und Pizzateig m\u00fchelos kneten. In der 4,6-Liter-Edelstahl-R\u00fchrsch\u00fcssel kannst du mit dem Schneebesen Schlagsahne aufschlagen oder mit dem K-Schl\u00e4ger Kuchenteig r\u00fchren. Die Geschwindigkeit der K\u00fcchenmaschine ist mit dem Drehknopf stufenlos einstellbar. Auf diese Weise l\u00e4sst sich die Geschwindigkeit sehr genau an die jeweilige Zubereitung anpassen. Der Sanftanlauf erm\u00f6glicht es dir, die Geschwindigkeit langsam zu erh\u00f6hen, um Spritzer zu vermeiden. Nach dem Gebrauch l\u00e4sst sich der R\u00fchrsch\u00fcssel einfach in der Sp\u00fclmaschine reinigen.<\/p>\n","protected":false},"featured_media":0,"comment_status":"closed","ping_status":"open","template":"","meta":{"_acf_changed":false},"brand":[234],"product_brand":[],"product_cat":[2306],"product_tag":[2307],"class_list":{"0":"post-74709","1":"product","2":"type-product","3":"status-publish","5":"brand-kenwood","6":"product_cat-kchenmaschinen","7":"product_tag-keukenmixers","8":"pa_condition-new","9":"pa_coolblue-de-verzending-morgen-gratis-geliefert","10":"pa_ean-9638","11":"pa_mpn-0w20011166","13":"first","14":"instock","15":"product-type-external"},"acf":[],"_links":{"self":[{"href":"https:\/\/onlinehardwareshop.de\/index.php\/wp-json\/wp\/v2\/product\/74709","targetHints":{"allow":["GET"]}}],"collection":[{"href":"https:\/\/onlinehardwareshop.de\/index.php\/wp-json\/wp\/v2\/product"}],"about":[{"href":"https:\/\/onlinehardwareshop.de\/index.php\/wp-json\/wp\/v2\/types\/product"}],"replies":[{"embeddable":true,"href":"https:\/\/onlinehardwareshop.de\/index.php\/wp-json\/wp\/v2\/comments?post=74709"}],"wp:attachment":[{"href":"https:\/\/onlinehardwareshop.de\/index.php\/wp-json\/wp\/v2\/media?parent=74709"}],"wp:term":[{"taxonomy":"brand","embeddable":true,"href":"https:\/\/onlinehardwareshop.de\/index.php\/wp-json\/wp\/v2\/brand?post=74709"},{"taxonomy":"product_brand","embeddable":true,"href":"https:\/\/onlinehardwareshop.de\/index.php\/wp-json\/wp\/v2\/product_brand?post=74709"},{"taxonomy":"product_cat","embeddable":true,"href":"https:\/\/onlinehardwareshop.de\/index.php\/wp-json\/wp\/v2\/product_cat?post=74709"},{"taxonomy":"product_tag","embeddable":true,"href":"https:\/\/onlinehardwareshop.de\/index.php\/wp-json\/wp\/v2\/product_tag?post=74709"}],"curies":[{"name":"wp","href":"https:\/\/api.w.org\/{rel}","templated":true}]}}