{"id":74638,"date":"2024-08-07T01:42:55","date_gmt":"2024-08-07T01:42:55","guid":{"rendered":"https:\/\/onlinehardwareshop.de\/index.php\/produkt\/bauknecht-mw-427-sl-2\/"},"modified":"2025-05-14T04:54:34","modified_gmt":"2025-05-14T04:54:34","slug":"bauknecht-mw-427-sl","status":"publish","type":"product","link":"https:\/\/onlinehardwareshop.de\/index.php\/produkt\/bauknecht-mw-427-sl\/","title":{"rendered":"Bauknecht MW 427 SL"},"content":{"rendered":"<p>Die Bauknecht MW 427 SL ist eine freistehende Kombi Mikrowelle mit Grill- und Dampfgarfunktion. Mit der Dampfgarfunktion kochst du extra gesund, da die N\u00e4hrstoffe beim D\u00e4mpfen erhalten bleiben. Wasserhaltige Speisen wie Spargel oder Zucchini erw\u00e4rmst du dank der RapidStart Funktion, welche die ideale Temperatur zum schnellen Erw\u00e4rmen erzeugt. Mit der Crisp Funktion der Bauknecht Kombi Mikrowelle br\u00e4tst du H\u00e4hnchen oder Pommes Frites von allen Seiten knusprig. Du nutzt den vollen Platz des Garraumes durch die ExtraSpace Innovation, die die W\u00e4rme ohne Drehteller optimal verteilt. Dadurch stellst du auch rechteckige Auflaufformen in die Mikrowelle. Hast du vergessen dein Abendessen aufzutauen? Mit der Rapid Defrost Funktion bekommst du dein Tiefk\u00fchlh\u00e4hnchen doch noch rechtzeitig auf den Tisch.<\/p>\n","protected":false},"excerpt":{"rendered":"<p>Die Bauknecht MW 427 SL ist eine freistehende Kombi Mikrowelle mit Grill- und Dampfgarfunktion. Mit der Dampfgarfunktion kochst du extra gesund, da die N\u00e4hrstoffe beim D\u00e4mpfen erhalten bleiben. Wasserhaltige Speisen wie Spargel oder Zucchini erw\u00e4rmst du dank der RapidStart Funktion, welche die ideale Temperatur zum schnellen Erw\u00e4rmen erzeugt. Mit der Crisp Funktion der Bauknecht Kombi Mikrowelle br\u00e4tst du H\u00e4hnchen oder Pommes Frites von allen Seiten knusprig. Du nutzt den vollen Platz des Garraumes durch die ExtraSpace Innovation, die die W\u00e4rme ohne Drehteller optimal verteilt. Dadurch stellst du auch rechteckige Auflaufformen in die Mikrowelle. Hast du vergessen dein Abendessen aufzutauen? Mit der Rapid Defrost Funktion bekommst du dein Tiefk\u00fchlh\u00e4hnchen doch noch rechtzeitig auf den Tisch.<\/p>\n","protected":false},"featured_media":0,"comment_status":"closed","ping_status":"open","template":"","meta":{"_acf_changed":false},"brand":[8187],"product_brand":[],"product_cat":[927],"product_tag":[928],"class_list":{"0":"post-74638","1":"product","2":"type-product","3":"status-publish","5":"brand-bauknecht","6":"product_cat-mikrowellen","7":"product_tag-vrijstaande-combimagnetrons","8":"pa_condition-new","9":"pa_coolblue-de-verzending-morgen-gratis-geliefert","10":"pa_ean-9468","11":"pa_mpn-9469","13":"first","14":"instock","15":"product-type-external"},"acf":[],"_links":{"self":[{"href":"https:\/\/onlinehardwareshop.de\/index.php\/wp-json\/wp\/v2\/product\/74638","targetHints":{"allow":["GET"]}}],"collection":[{"href":"https:\/\/onlinehardwareshop.de\/index.php\/wp-json\/wp\/v2\/product"}],"about":[{"href":"https:\/\/onlinehardwareshop.de\/index.php\/wp-json\/wp\/v2\/types\/product"}],"replies":[{"embeddable":true,"href":"https:\/\/onlinehardwareshop.de\/index.php\/wp-json\/wp\/v2\/comments?post=74638"}],"wp:attachment":[{"href":"https:\/\/onlinehardwareshop.de\/index.php\/wp-json\/wp\/v2\/media?parent=74638"}],"wp:term":[{"taxonomy":"brand","embeddable":true,"href":"https:\/\/onlinehardwareshop.de\/index.php\/wp-json\/wp\/v2\/brand?post=74638"},{"taxonomy":"product_brand","embeddable":true,"href":"https:\/\/onlinehardwareshop.de\/index.php\/wp-json\/wp\/v2\/product_brand?post=74638"},{"taxonomy":"product_cat","embeddable":true,"href":"https:\/\/onlinehardwareshop.de\/index.php\/wp-json\/wp\/v2\/product_cat?post=74638"},{"taxonomy":"product_tag","embeddable":true,"href":"https:\/\/onlinehardwareshop.de\/index.php\/wp-json\/wp\/v2\/product_tag?post=74638"}],"curies":[{"name":"wp","href":"https:\/\/api.w.org\/{rel}","templated":true}]}}