{"id":74623,"date":"2025-05-11T08:16:05","date_gmt":"2025-05-11T08:16:05","guid":{"rendered":"https:\/\/onlinehardwareshop.de\/index.php\/produkt\/brabantia-touch-bin-30-liter-white-mllbeutel-120-stck-2\/"},"modified":"2025-05-14T04:53:29","modified_gmt":"2025-05-14T04:53:29","slug":"brabantia-touch-bin-30-liter-white-mllbeutel-120-stck","status":"publish","type":"product","link":"https:\/\/onlinehardwareshop.de\/index.php\/produkt\/brabantia-touch-bin-30-liter-white-mllbeutel-120-stck\/","title":{"rendered":"Brabantia Touch Bin 30 Liter White + M&#xFC;llbeutel (120 St&#xFC;ck)"},"content":{"rendered":"<p>Mit dem Brabantia Touch Bin 30 Liter White + M\u00fcllbeutel (120 St\u00fcck) kannst du dank der mitgelieferten M\u00fcllbeutel deine Abf\u00e4lle sofort entsorgen. Du \u00f6ffnest den Deckel mit einer leichten Ber\u00fchrung und wirfst deine Abf\u00e4lle einfach weg. Der Touch Bin hat eine bestimmte Scharnierkonstruktion, wodurch der Deckel ger\u00e4uschlos \u00f6ffnet und schlie\u00dft. Der Kunststoff-Inneneimer ist herausnehmbar und dadurch einfach zu reinigen. L\u00fcftungsl\u00f6cher im Inneneimer sorgen daf\u00fcr, dass ein voller M\u00fcllbeutel beim Wechseln keinen Unterdruck erzeugt. Den M\u00fclleimer gibt es in allerlei Farben, du w\u00e4hlst also selbst aus, welche in deine K\u00fcche passt.<\/p>\n","protected":false},"excerpt":{"rendered":"<p>Mit dem Brabantia Touch Bin 30 Liter White + M\u00fcllbeutel (120 St\u00fcck) kannst du dank der mitgelieferten M\u00fcllbeutel deine Abf\u00e4lle sofort entsorgen. Du \u00f6ffnest den Deckel mit einer leichten Ber\u00fchrung und wirfst deine Abf\u00e4lle einfach weg. Der Touch Bin hat eine bestimmte Scharnierkonstruktion, wodurch der Deckel ger\u00e4uschlos \u00f6ffnet und schlie\u00dft. Der Kunststoff-Inneneimer ist herausnehmbar und dadurch einfach zu reinigen. L\u00fcftungsl\u00f6cher im Inneneimer sorgen daf\u00fcr, dass ein voller M\u00fcllbeutel beim Wechseln keinen Unterdruck erzeugt. Den M\u00fclleimer gibt es in allerlei Farben, du w\u00e4hlst also selbst aus, welche in deine K\u00fcche passt.<\/p>\n","protected":false},"featured_media":0,"comment_status":"closed","ping_status":"open","template":"","meta":{"_acf_changed":false},"brand":[66],"product_brand":[],"product_cat":[653],"product_tag":[9324],"class_list":{"0":"post-74623","1":"product","2":"type-product","3":"status-publish","5":"brand-brabantia","6":"product_cat-mlleimer","7":"product_tag-overige-prullenbakken","8":"pa_condition-new","9":"pa_coolblue-de-verzending-morgen-gratis-geliefert","10":"pa_ean-28443","12":"first","13":"instock","14":"product-type-external"},"acf":[],"_links":{"self":[{"href":"https:\/\/onlinehardwareshop.de\/index.php\/wp-json\/wp\/v2\/product\/74623","targetHints":{"allow":["GET"]}}],"collection":[{"href":"https:\/\/onlinehardwareshop.de\/index.php\/wp-json\/wp\/v2\/product"}],"about":[{"href":"https:\/\/onlinehardwareshop.de\/index.php\/wp-json\/wp\/v2\/types\/product"}],"replies":[{"embeddable":true,"href":"https:\/\/onlinehardwareshop.de\/index.php\/wp-json\/wp\/v2\/comments?post=74623"}],"wp:attachment":[{"href":"https:\/\/onlinehardwareshop.de\/index.php\/wp-json\/wp\/v2\/media?parent=74623"}],"wp:term":[{"taxonomy":"brand","embeddable":true,"href":"https:\/\/onlinehardwareshop.de\/index.php\/wp-json\/wp\/v2\/brand?post=74623"},{"taxonomy":"product_brand","embeddable":true,"href":"https:\/\/onlinehardwareshop.de\/index.php\/wp-json\/wp\/v2\/product_brand?post=74623"},{"taxonomy":"product_cat","embeddable":true,"href":"https:\/\/onlinehardwareshop.de\/index.php\/wp-json\/wp\/v2\/product_cat?post=74623"},{"taxonomy":"product_tag","embeddable":true,"href":"https:\/\/onlinehardwareshop.de\/index.php\/wp-json\/wp\/v2\/product_tag?post=74623"}],"curies":[{"name":"wp","href":"https:\/\/api.w.org\/{rel}","templated":true}]}}