{"id":74597,"date":"2024-03-23T15:22:13","date_gmt":"2024-03-23T15:22:13","guid":{"rendered":"https:\/\/onlinehardwareshop.de\/index.php\/produkt\/garmin-instinct-2-solar-tactical-edition-schwarz-2\/"},"modified":"2025-05-14T04:51:22","modified_gmt":"2025-05-14T04:51:22","slug":"garmin-instinct-2-solar-tactical-edition-schwarz","status":"publish","type":"product","link":"https:\/\/onlinehardwareshop.de\/index.php\/produkt\/garmin-instinct-2-solar-tactical-edition-schwarz\/","title":{"rendered":"Garmin Instinct 2 Solar Tactical Edition Schwarz"},"content":{"rendered":"<p>Die Garmin Instinct 2 Solar Tactical Edition Schwarz ist extremen Bedingungen gewachsen. Sie verf\u00fcgt \u00fcber einen Tag- und Nachtmodus und das Display l\u00e4sst sich selbst mit einer Nachtsichtbrille ablesen. Die Uhr verf\u00fcgt au\u00dferdem \u00fcber einen sogenannten Kill Switch, mit dem du im Notfall all deine Daten auf einmal l\u00f6schst. Unterwegs l\u00e4dst du die Garmin mittels Solarenergie auf, sodass sie endlos lange durchh\u00e4lt. Die Instinct eignet sich f\u00fcr begeisterte Outdoor-Sportler. Mit ihr erfasst du zum Beispiel deine Mountainbike-Daten oder tauchst bis zu 100 Meter tief. Zudem gibt dir die Garmin Instinct Einblick in deine Regenerationszeit nach dem Sport. So wei\u00dft du, ob du schon wieder f\u00fcr ein neues Training bereit bist oder dich noch ausruhen solltest. Die Uhr misst auch dein Fitnessalter und bestimmt so, ob dein K\u00f6rper \u00e4lter ist als du wirklich bist. Die Armbanduhr hat einen integrierten GPS-Empf\u00e4nger, sodass du dein Smartphone nicht mitnehmen musst, um deine Route aufzuzeichnen. Zudem erfasst die Smartwatch deine Gesundheit, beispielsweise dein Stresslevel und deine Schlafqualit\u00e4t. Du siehst dir deine eingehenden Benachrichtigungen auf der Uhr an, sodass du immer auf dem Laufenden bist. Du bezahlst mit dieser Uhr \u00fcber Garmin Pay.  Diese Uhr wird f\u00fcr einen Handgelenkumfang von 17 bis 19\u00a0cm empfohlen.<\/p>\n","protected":false},"excerpt":{"rendered":"<p>Die Garmin Instinct 2 Solar Tactical Edition Schwarz ist extremen Bedingungen gewachsen. Sie verf\u00fcgt \u00fcber einen Tag- und Nachtmodus und das Display l\u00e4sst sich selbst mit einer Nachtsichtbrille ablesen. Die Uhr verf\u00fcgt au\u00dferdem \u00fcber einen sogenannten Kill Switch, mit dem du im Notfall all deine Daten auf einmal l\u00f6schst. Unterwegs l\u00e4dst du die Garmin mittels Solarenergie auf, sodass sie endlos lange durchh\u00e4lt. Die Instinct eignet sich f\u00fcr begeisterte Outdoor-Sportler. Mit ihr erfasst du zum Beispiel deine Mountainbike-Daten oder tauchst bis zu 100 Meter tief. Zudem gibt dir die Garmin Instinct Einblick in deine Regenerationszeit nach dem Sport. So wei\u00dft du, ob du schon wieder f\u00fcr ein neues Training bereit bist oder dich noch ausruhen solltest. Die Uhr misst auch dein Fitnessalter und bestimmt so, ob dein K\u00f6rper \u00e4lter ist als du wirklich bist. Die Armbanduhr hat einen integrierten GPS-Empf\u00e4nger, sodass du dein Smartphone nicht mitnehmen musst, um deine Route aufzuzeichnen. Zudem erfasst die Smartwatch deine Gesundheit, beispielsweise dein Stresslevel und deine Schlafqualit\u00e4t. Du siehst dir deine eingehenden Benachrichtigungen auf der Uhr an, sodass du immer auf dem Laufenden bist. Du bezahlst mit dieser Uhr \u00fcber Garmin Pay.  Diese Uhr wird f\u00fcr einen Handgelenkumfang von 17 bis 19\u00a0cm empfohlen.<\/p>\n","protected":false},"featured_media":0,"comment_status":"closed","ping_status":"open","template":"","meta":{"_acf_changed":false},"brand":[3804],"product_brand":[],"product_cat":[6848],"product_tag":[6849],"class_list":{"0":"post-74597","1":"product","2":"type-product","3":"status-publish","5":"brand-garmin","6":"product_cat-smartwatches","7":"product_tag-slimme-horloges","8":"pa_condition-new","9":"pa_coolblue-de-verzending-morgen-gratis-geliefert","10":"pa_ean-9394","11":"pa_mpn-010-02627-03","13":"first","14":"instock","15":"product-type-external"},"acf":[],"_links":{"self":[{"href":"https:\/\/onlinehardwareshop.de\/index.php\/wp-json\/wp\/v2\/product\/74597","targetHints":{"allow":["GET"]}}],"collection":[{"href":"https:\/\/onlinehardwareshop.de\/index.php\/wp-json\/wp\/v2\/product"}],"about":[{"href":"https:\/\/onlinehardwareshop.de\/index.php\/wp-json\/wp\/v2\/types\/product"}],"replies":[{"embeddable":true,"href":"https:\/\/onlinehardwareshop.de\/index.php\/wp-json\/wp\/v2\/comments?post=74597"}],"wp:attachment":[{"href":"https:\/\/onlinehardwareshop.de\/index.php\/wp-json\/wp\/v2\/media?parent=74597"}],"wp:term":[{"taxonomy":"brand","embeddable":true,"href":"https:\/\/onlinehardwareshop.de\/index.php\/wp-json\/wp\/v2\/brand?post=74597"},{"taxonomy":"product_brand","embeddable":true,"href":"https:\/\/onlinehardwareshop.de\/index.php\/wp-json\/wp\/v2\/product_brand?post=74597"},{"taxonomy":"product_cat","embeddable":true,"href":"https:\/\/onlinehardwareshop.de\/index.php\/wp-json\/wp\/v2\/product_cat?post=74597"},{"taxonomy":"product_tag","embeddable":true,"href":"https:\/\/onlinehardwareshop.de\/index.php\/wp-json\/wp\/v2\/product_tag?post=74597"}],"curies":[{"name":"wp","href":"https:\/\/api.w.org\/{rel}","templated":true}]}}