{"id":74582,"date":"2024-04-17T22:23:41","date_gmt":"2024-04-17T22:23:41","guid":{"rendered":"https:\/\/onlinehardwareshop.de\/index.php\/produkt\/hp-envy-photo-inspire-7220e-2\/"},"modified":"2025-05-14T04:50:03","modified_gmt":"2025-05-14T04:50:03","slug":"hp-envy-photo-inspire-7220e","status":"publish","type":"product","link":"https:\/\/onlinehardwareshop.de\/index.php\/produkt\/hp-envy-photo-inspire-7220e\/","title":{"rendered":"HP ENVY Photo Inspire 7220e"},"content":{"rendered":"<p>Mit dem HP ENVY Photo Inspire 7220e Multifunktionsdrucker druckst du sowohl Familienfotos als auch Gesch\u00e4ftsdokumente aus. Damit eignet sich dieser Farbdrucker f\u00fcr Familien mit schulpflichtigen Kindern, aber auch f\u00fcr Selbst\u00e4ndige. Neben dem Drucken kannst du auch Dokumente scannen und kopieren. Du kannst den Drucker \u00fcber das Bedienfeld, das sich einfach zu dir hinneigen l\u00e4sst, mit deinem Handy oder am Computer bedienen. Die Papierkassette bietet Platz f\u00fcr 125 A4-Bl\u00e4tter. Die spezielle Schublade f\u00fcr Fotopapier fasst 15 Blatt, auf denen du deine Fotos randlos drucken kannst.<\/p>\n<p> Geeignet f\u00fcr HP Instant Ink<\/p>\n<p> Mit dem HP Instant Ink Abonnement bekommst du automatisch Tinte nach Hause geliefert und sparst<br \/>\n Druckkosten. Bei diesem Drucker erh\u00e4ltst du einen kostenlosen Testzeitraum von drei Monaten.<br \/>\n So kannst du in den ersten drei Monaten bis zu 700 Seiten kostenlos drucken. Danach zahlst du einen festen<br \/>\n Betrag im Monat. Du kannst dein Tintenabo jederzeit \u00e4ndern. So musst du dich nicht festlegen. Mehr Informationen zu HP Instant Ink? Schau dir unseren Beratungsartikel an. <\/p>\n<p> Drucker mit dynamischer Sicherheit<\/p>\n<p> Bestimmte HP-Drucker sind daf\u00fcr ausgelegt, nur mit Patronen zu funktionieren, die neue oder wiederverwendete HP-Chips oder elektronische HP-Schaltkreise aufweisen. Diese Drucker nutzen dynamische Sicherheitsfunktionen, um Patronen zu blockieren, die mit einem Chip oder einer elektronischen Schaltung ausgestattet sind, die nicht von HP stammen. Die Wirksamkeit dieser Funktionen wird durch regelm\u00e4\u00dfige Firmware-Updates garantiert, sodass auch Patronen blockiert werden, die fr\u00fcher durchaus funktioniert haben. Wiederverwendete HP-Chips und elektronische HP-Schaltungen erm\u00f6glichen die Nutzung wiederverwendeter, recycelter und neu bef\u00fcllter Patronen.<\/p>\n","protected":false},"excerpt":{"rendered":"<p>Mit dem HP ENVY Photo Inspire 7220e Multifunktionsdrucker druckst du sowohl Familienfotos als auch Gesch\u00e4ftsdokumente aus. Damit eignet sich dieser Farbdrucker f\u00fcr Familien mit schulpflichtigen Kindern, aber auch f\u00fcr Selbst\u00e4ndige. Neben dem Drucken kannst du auch Dokumente scannen und kopieren. Du kannst den Drucker \u00fcber das Bedienfeld, das sich einfach zu dir hinneigen l\u00e4sst, mit deinem Handy oder am Computer bedienen. Die Papierkassette bietet Platz f\u00fcr 125 A4-Bl\u00e4tter. Die spezielle Schublade f\u00fcr Fotopapier fasst 15 Blatt, auf denen du deine Fotos randlos drucken kannst.<\/p>\n<p> Geeignet f\u00fcr HP Instant Ink<\/p>\n<p> Mit dem HP Instant Ink Abonnement bekommst du automatisch Tinte nach Hause geliefert und sparst<br \/>\n Druckkosten. Bei diesem Drucker erh\u00e4ltst du einen kostenlosen Testzeitraum von drei Monaten.<br \/>\n So kannst du in den ersten drei Monaten bis zu 700 Seiten kostenlos drucken. Danach zahlst du einen festen<br \/>\n Betrag im Monat. Du kannst dein Tintenabo jederzeit \u00e4ndern. So musst du dich nicht festlegen. Mehr Informationen zu HP Instant Ink? Schau dir unseren Beratungsartikel an. <\/p>\n<p> Drucker mit dynamischer Sicherheit<\/p>\n<p> Bestimmte HP-Drucker sind daf\u00fcr ausgelegt, nur mit Patronen zu funktionieren, die neue oder wiederverwendete HP-Chips oder elektronische HP-Schaltkreise aufweisen. Diese Drucker nutzen dynamische Sicherheitsfunktionen, um Patronen zu blockieren, die mit einem Chip oder einer elektronischen Schaltung ausgestattet sind, die nicht von HP stammen. Die Wirksamkeit dieser Funktionen wird durch regelm\u00e4\u00dfige Firmware-Updates garantiert, sodass auch Patronen blockiert werden, die fr\u00fcher durchaus funktioniert haben. Wiederverwendete HP-Chips und elektronische HP-Schaltungen erm\u00f6glichen die Nutzung wiederverwendeter, recycelter und neu bef\u00fcllter Patronen.<\/p>\n","protected":false},"featured_media":0,"comment_status":"closed","ping_status":"open","template":"","meta":{"_acf_changed":false},"brand":[90],"product_brand":[],"product_cat":[2205],"product_tag":[2206],"class_list":{"0":"post-74582","1":"product","2":"type-product","3":"status-publish","5":"brand-hp","6":"product_cat-drucker","7":"product_tag-inkjetprinters","8":"pa_condition-new","9":"pa_coolblue-de-verzending-morgen-gratis-geliefert","10":"pa_ean-9372","11":"pa_mpn-242p6b","13":"first","14":"instock","15":"product-type-external"},"acf":[],"_links":{"self":[{"href":"https:\/\/onlinehardwareshop.de\/index.php\/wp-json\/wp\/v2\/product\/74582","targetHints":{"allow":["GET"]}}],"collection":[{"href":"https:\/\/onlinehardwareshop.de\/index.php\/wp-json\/wp\/v2\/product"}],"about":[{"href":"https:\/\/onlinehardwareshop.de\/index.php\/wp-json\/wp\/v2\/types\/product"}],"replies":[{"embeddable":true,"href":"https:\/\/onlinehardwareshop.de\/index.php\/wp-json\/wp\/v2\/comments?post=74582"}],"wp:attachment":[{"href":"https:\/\/onlinehardwareshop.de\/index.php\/wp-json\/wp\/v2\/media?parent=74582"}],"wp:term":[{"taxonomy":"brand","embeddable":true,"href":"https:\/\/onlinehardwareshop.de\/index.php\/wp-json\/wp\/v2\/brand?post=74582"},{"taxonomy":"product_brand","embeddable":true,"href":"https:\/\/onlinehardwareshop.de\/index.php\/wp-json\/wp\/v2\/product_brand?post=74582"},{"taxonomy":"product_cat","embeddable":true,"href":"https:\/\/onlinehardwareshop.de\/index.php\/wp-json\/wp\/v2\/product_cat?post=74582"},{"taxonomy":"product_tag","embeddable":true,"href":"https:\/\/onlinehardwareshop.de\/index.php\/wp-json\/wp\/v2\/product_tag?post=74582"}],"curies":[{"name":"wp","href":"https:\/\/api.w.org\/{rel}","templated":true}]}}