{"id":74566,"date":"2024-07-20T12:05:33","date_gmt":"2024-07-20T12:05:33","guid":{"rendered":"https:\/\/onlinehardwareshop.de\/index.php\/produkt\/act-ac1515-sata-adapter-cable-2\/"},"modified":"2025-05-14T04:48:32","modified_gmt":"2025-05-14T04:48:32","slug":"act-ac1515-sata-adapter-cable","status":"publish","type":"product","link":"https:\/\/onlinehardwareshop.de\/index.php\/produkt\/act-ac1515-sata-adapter-cable\/","title":{"rendered":"ACT AC1515 SATA Adapter Cable"},"content":{"rendered":"<p>Mit dem ACT AC1515 SATA Adapter Cable schlie\u00dft du deine 2,5- oder 3,5-Zoll-HDD oder -SSD m\u00fchelos an deinen Computer oder Laptop an. Das Kabel hat einen SATA-Anschluss, der in ein USB-kabel \u00fcbergeht, wodurch du Daten ohne Geh\u00e4use oder Dockingstation \u00fcbertr\u00e4gst. Durch das schnelle USB-3.2-Protokoll \u00fcbertr\u00e4gst du Daten innerhalb weniger Sekunden. Hat dein Computer kein USB 3.2? Kein Problem, das Kabel funktioniert auch \u00fcber USB 3.0 und USB 2.0.<\/p>\n","protected":false},"excerpt":{"rendered":"<p>Mit dem ACT AC1515 SATA Adapter Cable schlie\u00dft du deine 2,5- oder 3,5-Zoll-HDD oder -SSD m\u00fchelos an deinen Computer oder Laptop an. Das Kabel hat einen SATA-Anschluss, der in ein USB-kabel \u00fcbergeht, wodurch du Daten ohne Geh\u00e4use oder Dockingstation \u00fcbertr\u00e4gst. Durch das schnelle USB-3.2-Protokoll \u00fcbertr\u00e4gst du Daten innerhalb weniger Sekunden. Hat dein Computer kein USB 3.2? Kein Problem, das Kabel funktioniert auch \u00fcber USB 3.0 und USB 2.0.<\/p>\n","protected":false},"featured_media":0,"comment_status":"closed","ping_status":"open","template":"","meta":{"_acf_changed":false},"brand":[4758],"product_brand":[],"product_cat":[9339],"product_tag":[9340],"class_list":{"0":"post-74566","1":"product","2":"type-product","3":"status-publish","5":"brand-act","6":"product_cat-festplattengehaeuse","7":"product_tag-hardeschijfbehuizingen","8":"pa_condition-new","9":"pa_coolblue-de-verzending-morgen-gratis-geliefert","10":"pa_ean-9345","11":"pa_mpn-ac1515","13":"first","14":"instock","15":"product-type-external"},"acf":[],"_links":{"self":[{"href":"https:\/\/onlinehardwareshop.de\/index.php\/wp-json\/wp\/v2\/product\/74566","targetHints":{"allow":["GET"]}}],"collection":[{"href":"https:\/\/onlinehardwareshop.de\/index.php\/wp-json\/wp\/v2\/product"}],"about":[{"href":"https:\/\/onlinehardwareshop.de\/index.php\/wp-json\/wp\/v2\/types\/product"}],"replies":[{"embeddable":true,"href":"https:\/\/onlinehardwareshop.de\/index.php\/wp-json\/wp\/v2\/comments?post=74566"}],"wp:attachment":[{"href":"https:\/\/onlinehardwareshop.de\/index.php\/wp-json\/wp\/v2\/media?parent=74566"}],"wp:term":[{"taxonomy":"brand","embeddable":true,"href":"https:\/\/onlinehardwareshop.de\/index.php\/wp-json\/wp\/v2\/brand?post=74566"},{"taxonomy":"product_brand","embeddable":true,"href":"https:\/\/onlinehardwareshop.de\/index.php\/wp-json\/wp\/v2\/product_brand?post=74566"},{"taxonomy":"product_cat","embeddable":true,"href":"https:\/\/onlinehardwareshop.de\/index.php\/wp-json\/wp\/v2\/product_cat?post=74566"},{"taxonomy":"product_tag","embeddable":true,"href":"https:\/\/onlinehardwareshop.de\/index.php\/wp-json\/wp\/v2\/product_tag?post=74566"}],"curies":[{"name":"wp","href":"https:\/\/api.w.org\/{rel}","templated":true}]}}