{"id":74565,"date":"2025-02-14T10:46:05","date_gmt":"2025-02-14T10:46:05","guid":{"rendered":"https:\/\/onlinehardwareshop.de\/index.php\/produkt\/act-ac1405-35-sata-gehuse-2\/"},"modified":"2025-05-14T04:48:27","modified_gmt":"2025-05-14T04:48:27","slug":"act-ac1405-35-sata-gehuse","status":"publish","type":"product","link":"https:\/\/onlinehardwareshop.de\/index.php\/produkt\/act-ac1405-35-sata-gehuse\/","title":{"rendered":"ACT AC1405 3,5&#8220; SATA Geh&#xE4;use"},"content":{"rendered":"<p>Verwandle deine interne 3,5&#8243;-HDD in eine externe HDD mit dem ACT AC1405 3,5&#8243;-SATA-Festplattengeh\u00e4use. Dieses Geh\u00e4use ist schraubenlos, sodass kein zus\u00e4tzliches Werkzeug ben\u00f6tigt wird. Klicke einfach deine 3,5&#8243;-Zoll HDD in das Geh\u00e4use, schlie\u00dfe sie mit dem SATA-Kabel an und nimm sie \u00fcberall hin mit. Der AC1405 ist mit einem USB 3.2-Anschluss ausgestattet, mit dem du Daten in Sekundenschnelle \u00fcbertragen kannst.<\/p>\n","protected":false},"excerpt":{"rendered":"<p>Verwandle deine interne 3,5&#8243;-HDD in eine externe HDD mit dem ACT AC1405 3,5&#8243;-SATA-Festplattengeh\u00e4use. Dieses Geh\u00e4use ist schraubenlos, sodass kein zus\u00e4tzliches Werkzeug ben\u00f6tigt wird. Klicke einfach deine 3,5&#8243;-Zoll HDD in das Geh\u00e4use, schlie\u00dfe sie mit dem SATA-Kabel an und nimm sie \u00fcberall hin mit. Der AC1405 ist mit einem USB 3.2-Anschluss ausgestattet, mit dem du Daten in Sekundenschnelle \u00fcbertragen kannst.<\/p>\n","protected":false},"featured_media":0,"comment_status":"closed","ping_status":"open","template":"","meta":{"_acf_changed":false},"brand":[4758],"product_brand":[],"product_cat":[9339],"product_tag":[9340],"class_list":{"0":"post-74565","1":"product","2":"type-product","3":"status-publish","5":"brand-act","6":"product_cat-festplattengehaeuse","7":"product_tag-hardeschijfbehuizingen","8":"pa_condition-new","9":"pa_coolblue-de-verzending-morgen-gratis-geliefert","10":"pa_ean-9343","11":"pa_mpn-ac1405","13":"first","14":"instock","15":"product-type-external"},"acf":[],"_links":{"self":[{"href":"https:\/\/onlinehardwareshop.de\/index.php\/wp-json\/wp\/v2\/product\/74565","targetHints":{"allow":["GET"]}}],"collection":[{"href":"https:\/\/onlinehardwareshop.de\/index.php\/wp-json\/wp\/v2\/product"}],"about":[{"href":"https:\/\/onlinehardwareshop.de\/index.php\/wp-json\/wp\/v2\/types\/product"}],"replies":[{"embeddable":true,"href":"https:\/\/onlinehardwareshop.de\/index.php\/wp-json\/wp\/v2\/comments?post=74565"}],"wp:attachment":[{"href":"https:\/\/onlinehardwareshop.de\/index.php\/wp-json\/wp\/v2\/media?parent=74565"}],"wp:term":[{"taxonomy":"brand","embeddable":true,"href":"https:\/\/onlinehardwareshop.de\/index.php\/wp-json\/wp\/v2\/brand?post=74565"},{"taxonomy":"product_brand","embeddable":true,"href":"https:\/\/onlinehardwareshop.de\/index.php\/wp-json\/wp\/v2\/product_brand?post=74565"},{"taxonomy":"product_cat","embeddable":true,"href":"https:\/\/onlinehardwareshop.de\/index.php\/wp-json\/wp\/v2\/product_cat?post=74565"},{"taxonomy":"product_tag","embeddable":true,"href":"https:\/\/onlinehardwareshop.de\/index.php\/wp-json\/wp\/v2\/product_tag?post=74565"}],"curies":[{"name":"wp","href":"https:\/\/api.w.org\/{rel}","templated":true}]}}