{"id":74564,"date":"2025-03-09T03:43:53","date_gmt":"2025-03-09T03:43:53","guid":{"rendered":"https:\/\/onlinehardwareshop.de\/index.php\/produkt\/act-ac1500-25-35-sata-dockingstation-2\/"},"modified":"2025-05-14T04:48:22","modified_gmt":"2025-05-14T04:48:22","slug":"act-ac1500-25-35-sata-dockingstation","status":"publish","type":"product","link":"https:\/\/onlinehardwareshop.de\/index.php\/produkt\/act-ac1500-25-35-sata-dockingstation\/","title":{"rendered":"ACT AC1500 2,5&#34;\/3,5&#8220; SATA Dockingstation"},"content":{"rendered":"<p>Schlie\u00dfe deine 2,5&#8243; oder 3,5&#8243; SATA-Festplatte oder SSD an die ACT AC1500 Dockingstation an und \u00fcbertrage deine Daten ganz einfach per USB. Klicke deine 2,5 oder 3,5 HDD oder SSD in die Dockingstation und benutze das mitgelieferte USB-Kabel, um Daten auf ein anderes oder ein neues Laufwerk zu \u00fcbertragen. Die AC1500 ist mit einer Kontrollleuchte ausgestattet, damit du immer wei\u00dft, wann die Daten\u00fcbertragung abgeschlossen ist. Du bist kein Held bei der Installation? Kein Problem, diese Dockingstation ist Plug &#038; Play. Schlie\u00dfe das Laufwerk einfach an deinen Computer an und klicke das SATA-Laufwerk in die Dockingstation, um loszulegen.<\/p>\n","protected":false},"excerpt":{"rendered":"<p>Schlie\u00dfe deine 2,5&#8243; oder 3,5&#8243; SATA-Festplatte oder SSD an die ACT AC1500 Dockingstation an und \u00fcbertrage deine Daten ganz einfach per USB. Klicke deine 2,5 oder 3,5 HDD oder SSD in die Dockingstation und benutze das mitgelieferte USB-Kabel, um Daten auf ein anderes oder ein neues Laufwerk zu \u00fcbertragen. Die AC1500 ist mit einer Kontrollleuchte ausgestattet, damit du immer wei\u00dft, wann die Daten\u00fcbertragung abgeschlossen ist. Du bist kein Held bei der Installation? Kein Problem, diese Dockingstation ist Plug &#038; Play. Schlie\u00dfe das Laufwerk einfach an deinen Computer an und klicke das SATA-Laufwerk in die Dockingstation, um loszulegen.<\/p>\n","protected":false},"featured_media":0,"comment_status":"closed","ping_status":"open","template":"","meta":{"_acf_changed":false},"brand":[4758],"product_brand":[],"product_cat":[9339],"product_tag":[9340],"class_list":{"0":"post-74564","1":"product","2":"type-product","3":"status-publish","5":"brand-act","6":"product_cat-festplattengehaeuse","7":"product_tag-hardeschijfbehuizingen","8":"pa_condition-new","9":"pa_coolblue-de-verzending-morgen-gratis-geliefert","10":"pa_ean-9341","11":"pa_mpn-ac1500","13":"first","14":"instock","15":"product-type-external"},"acf":[],"_links":{"self":[{"href":"https:\/\/onlinehardwareshop.de\/index.php\/wp-json\/wp\/v2\/product\/74564","targetHints":{"allow":["GET"]}}],"collection":[{"href":"https:\/\/onlinehardwareshop.de\/index.php\/wp-json\/wp\/v2\/product"}],"about":[{"href":"https:\/\/onlinehardwareshop.de\/index.php\/wp-json\/wp\/v2\/types\/product"}],"replies":[{"embeddable":true,"href":"https:\/\/onlinehardwareshop.de\/index.php\/wp-json\/wp\/v2\/comments?post=74564"}],"wp:attachment":[{"href":"https:\/\/onlinehardwareshop.de\/index.php\/wp-json\/wp\/v2\/media?parent=74564"}],"wp:term":[{"taxonomy":"brand","embeddable":true,"href":"https:\/\/onlinehardwareshop.de\/index.php\/wp-json\/wp\/v2\/brand?post=74564"},{"taxonomy":"product_brand","embeddable":true,"href":"https:\/\/onlinehardwareshop.de\/index.php\/wp-json\/wp\/v2\/product_brand?post=74564"},{"taxonomy":"product_cat","embeddable":true,"href":"https:\/\/onlinehardwareshop.de\/index.php\/wp-json\/wp\/v2\/product_cat?post=74564"},{"taxonomy":"product_tag","embeddable":true,"href":"https:\/\/onlinehardwareshop.de\/index.php\/wp-json\/wp\/v2\/product_tag?post=74564"}],"curies":[{"name":"wp","href":"https:\/\/api.w.org\/{rel}","templated":true}]}}