{"id":74563,"date":"2024-11-26T00:33:52","date_gmt":"2024-11-26T00:33:52","guid":{"rendered":"https:\/\/onlinehardwareshop.de\/index.php\/produkt\/act-ac1215-25-sata-gehuse-2\/"},"modified":"2025-05-14T04:48:18","modified_gmt":"2025-05-14T04:48:18","slug":"act-ac1215-25-sata-gehuse","status":"publish","type":"product","link":"https:\/\/onlinehardwareshop.de\/index.php\/produkt\/act-ac1215-25-sata-gehuse\/","title":{"rendered":"ACT AC1215 2,5&#34; SATA Geh&#xE4;use"},"content":{"rendered":"<p>Verwandle deine interne 2,5&#8243;-Festplatte oder SSD in eine externe HDD oder SSD mit dem ACT AC1215 2,5&#8243;-SATA-Festplattengeh\u00e4use. Dieses Geh\u00e4use ist schraubenlos, sodass kein zus\u00e4tzliches Werkzeug ben\u00f6tigt wird. Klicke einfach deine 2,5&#8243;-Festplatte oder SSD in das Geh\u00e4use, schlie\u00dfe sie mit dem SATA-Kabel an und nimm sie \u00fcberall hin mit. Der AC1215 ist mit einem USB 3.2-Anschluss ausgestattet, mit dem du Daten in Sekundenschnelle \u00fcbertragen kannst. Dieses USB-Kabel wird auch f\u00fcr die Stromversorgung verwendet. Auf diese Weise brauchst du keinen zus\u00e4tzlichen Stecker und keine zus\u00e4tzliche Buchse, um deine Festplatte oder SSD zu nutzen.<\/p>\n","protected":false},"excerpt":{"rendered":"<p>Verwandle deine interne 2,5&#8243;-Festplatte oder SSD in eine externe HDD oder SSD mit dem ACT AC1215 2,5&#8243;-SATA-Festplattengeh\u00e4use. Dieses Geh\u00e4use ist schraubenlos, sodass kein zus\u00e4tzliches Werkzeug ben\u00f6tigt wird. Klicke einfach deine 2,5&#8243;-Festplatte oder SSD in das Geh\u00e4use, schlie\u00dfe sie mit dem SATA-Kabel an und nimm sie \u00fcberall hin mit. Der AC1215 ist mit einem USB 3.2-Anschluss ausgestattet, mit dem du Daten in Sekundenschnelle \u00fcbertragen kannst. Dieses USB-Kabel wird auch f\u00fcr die Stromversorgung verwendet. Auf diese Weise brauchst du keinen zus\u00e4tzlichen Stecker und keine zus\u00e4tzliche Buchse, um deine Festplatte oder SSD zu nutzen.<\/p>\n","protected":false},"featured_media":0,"comment_status":"closed","ping_status":"open","template":"","meta":{"_acf_changed":false},"brand":[4758],"product_brand":[],"product_cat":[9339],"product_tag":[9340],"class_list":{"0":"post-74563","1":"product","2":"type-product","3":"status-publish","5":"brand-act","6":"product_cat-festplattengehaeuse","7":"product_tag-hardeschijfbehuizingen","8":"pa_condition-new","9":"pa_coolblue-de-verzending-morgen-gratis-geliefert","10":"pa_ean-9337","11":"pa_mpn-ac1215","13":"first","14":"instock","15":"product-type-external"},"acf":[],"_links":{"self":[{"href":"https:\/\/onlinehardwareshop.de\/index.php\/wp-json\/wp\/v2\/product\/74563","targetHints":{"allow":["GET"]}}],"collection":[{"href":"https:\/\/onlinehardwareshop.de\/index.php\/wp-json\/wp\/v2\/product"}],"about":[{"href":"https:\/\/onlinehardwareshop.de\/index.php\/wp-json\/wp\/v2\/types\/product"}],"replies":[{"embeddable":true,"href":"https:\/\/onlinehardwareshop.de\/index.php\/wp-json\/wp\/v2\/comments?post=74563"}],"wp:attachment":[{"href":"https:\/\/onlinehardwareshop.de\/index.php\/wp-json\/wp\/v2\/media?parent=74563"}],"wp:term":[{"taxonomy":"brand","embeddable":true,"href":"https:\/\/onlinehardwareshop.de\/index.php\/wp-json\/wp\/v2\/brand?post=74563"},{"taxonomy":"product_brand","embeddable":true,"href":"https:\/\/onlinehardwareshop.de\/index.php\/wp-json\/wp\/v2\/product_brand?post=74563"},{"taxonomy":"product_cat","embeddable":true,"href":"https:\/\/onlinehardwareshop.de\/index.php\/wp-json\/wp\/v2\/product_cat?post=74563"},{"taxonomy":"product_tag","embeddable":true,"href":"https:\/\/onlinehardwareshop.de\/index.php\/wp-json\/wp\/v2\/product_tag?post=74563"}],"curies":[{"name":"wp","href":"https:\/\/api.w.org\/{rel}","templated":true}]}}