{"id":74536,"date":"2024-07-19T20:53:41","date_gmt":"2024-07-19T20:53:41","guid":{"rendered":"https:\/\/onlinehardwareshop.de\/index.php\/produkt\/jabra-evolve2-75-usb-c-kabelloses-office-headset-mit-ladestation-schwarz-2\/"},"modified":"2025-05-14T04:46:02","modified_gmt":"2025-05-14T04:46:02","slug":"jabra-evolve2-75-usb-c-kabelloses-office-headset-mit-ladestation-schwarz","status":"publish","type":"product","link":"https:\/\/onlinehardwareshop.de\/index.php\/produkt\/jabra-evolve2-75-usb-c-kabelloses-office-headset-mit-ladestation-schwarz\/","title":{"rendered":"Jabra Evolve2 75 USB-C Kabelloses Office-Headset mit Ladestation Schwarz"},"content":{"rendered":"<p>Mit dem Jabra Evolve2 75 USB-C Kabellosen Office-Headsetmit Ladestation Schwarz bestimmst du selbst, wie viele Umgebungsger\u00e4usche du h\u00f6ren m\u00f6chtest. Dieses Office-Headset verf\u00fcgt \u00fcber anpassbares Noise Cancelling, weshalb du selbst die St\u00e4rke der Ger\u00e4uschunterdr\u00fcckung anpassen kannst. Du kannst bis zu 36 Stunden Musik h\u00f6ren und bis zu 24 Stunden telefonieren, bevor du das Headset aufladen musst. Das ist bis zu 19 Stunden l\u00e4nger als bei seinem Vorg\u00e4nger. Das Office-Headset l\u00e4sst sich gleichzeitig \u00fcber Bluetooth mit zwei Ger\u00e4ten verbinden. Dadurch kannst du beispielsweise schnell zwischen einem Telefonanruf und deiner Playlist auf Spotify wechseln. Dank der Reichweite von 30 Metern kannst du problemlos zum Drucker gehen, ohne die Verbindung zu deinem Gespr\u00e4chspartner zu verlieren. Wenn du telefonierst, erkennen das deine Kollegen direkt am roten Licht an der Ohrmuschel. So wirst du w\u00e4hrend der Arbeit nicht gest\u00f6rt.<\/p>\n","protected":false},"excerpt":{"rendered":"<p>Mit dem Jabra Evolve2 75 USB-C Kabellosen Office-Headsetmit Ladestation Schwarz bestimmst du selbst, wie viele Umgebungsger\u00e4usche du h\u00f6ren m\u00f6chtest. Dieses Office-Headset verf\u00fcgt \u00fcber anpassbares Noise Cancelling, weshalb du selbst die St\u00e4rke der Ger\u00e4uschunterdr\u00fcckung anpassen kannst. Du kannst bis zu 36 Stunden Musik h\u00f6ren und bis zu 24 Stunden telefonieren, bevor du das Headset aufladen musst. Das ist bis zu 19 Stunden l\u00e4nger als bei seinem Vorg\u00e4nger. Das Office-Headset l\u00e4sst sich gleichzeitig \u00fcber Bluetooth mit zwei Ger\u00e4ten verbinden. Dadurch kannst du beispielsweise schnell zwischen einem Telefonanruf und deiner Playlist auf Spotify wechseln. Dank der Reichweite von 30 Metern kannst du problemlos zum Drucker gehen, ohne die Verbindung zu deinem Gespr\u00e4chspartner zu verlieren. Wenn du telefonierst, erkennen das deine Kollegen direkt am roten Licht an der Ohrmuschel. So wirst du w\u00e4hrend der Arbeit nicht gest\u00f6rt.<\/p>\n","protected":false},"featured_media":0,"comment_status":"closed","ping_status":"open","template":"","meta":{"_acf_changed":false},"brand":[815],"product_brand":[],"product_cat":[257],"product_tag":[258],"class_list":{"0":"post-74536","1":"product","2":"type-product","3":"status-publish","5":"brand-jabra","6":"product_cat-office-headsets","7":"product_tag-headsets-office","8":"pa_condition-new","9":"pa_coolblue-de-verzending-morgen-gratis-geliefert","10":"pa_ean-9280","11":"pa_mpn-27599-989-889","13":"first","14":"instock","15":"product-type-external"},"acf":[],"_links":{"self":[{"href":"https:\/\/onlinehardwareshop.de\/index.php\/wp-json\/wp\/v2\/product\/74536","targetHints":{"allow":["GET"]}}],"collection":[{"href":"https:\/\/onlinehardwareshop.de\/index.php\/wp-json\/wp\/v2\/product"}],"about":[{"href":"https:\/\/onlinehardwareshop.de\/index.php\/wp-json\/wp\/v2\/types\/product"}],"replies":[{"embeddable":true,"href":"https:\/\/onlinehardwareshop.de\/index.php\/wp-json\/wp\/v2\/comments?post=74536"}],"wp:attachment":[{"href":"https:\/\/onlinehardwareshop.de\/index.php\/wp-json\/wp\/v2\/media?parent=74536"}],"wp:term":[{"taxonomy":"brand","embeddable":true,"href":"https:\/\/onlinehardwareshop.de\/index.php\/wp-json\/wp\/v2\/brand?post=74536"},{"taxonomy":"product_brand","embeddable":true,"href":"https:\/\/onlinehardwareshop.de\/index.php\/wp-json\/wp\/v2\/product_brand?post=74536"},{"taxonomy":"product_cat","embeddable":true,"href":"https:\/\/onlinehardwareshop.de\/index.php\/wp-json\/wp\/v2\/product_cat?post=74536"},{"taxonomy":"product_tag","embeddable":true,"href":"https:\/\/onlinehardwareshop.de\/index.php\/wp-json\/wp\/v2\/product_tag?post=74536"}],"curies":[{"name":"wp","href":"https:\/\/api.w.org\/{rel}","templated":true}]}}