{"id":74535,"date":"2025-01-21T23:51:42","date_gmt":"2025-01-21T23:51:42","guid":{"rendered":"https:\/\/onlinehardwareshop.de\/index.php\/produkt\/jabra-evolve2-75-usb-a-kabelloses-office-headset-schwarz-2\/"},"modified":"2025-05-14T04:45:57","modified_gmt":"2025-05-14T04:45:57","slug":"jabra-evolve2-75-usb-a-kabelloses-office-headset-schwarz","status":"publish","type":"product","link":"https:\/\/onlinehardwareshop.de\/index.php\/produkt\/jabra-evolve2-75-usb-a-kabelloses-office-headset-schwarz\/","title":{"rendered":"Jabra Evolve2 75 USB-A Kabelloses Office-Headset Schwarz"},"content":{"rendered":"<p>Mit dem Jabra Evolve2 75 USB-A kabellosen Office-Headset Schwarz bestimmst du selbst, wie viele Umgebungsger\u00e4usche du h\u00f6ren m\u00f6chtest. Dieses Office-Headset verf\u00fcgt \u00fcber anpassbares Noise Cancelling, sodass du selbst die St\u00e4rke der Ger\u00e4uschunterdr\u00fcckung anpasst. Du h\u00f6rst bis zu 36 Stunden Musik und telefonierst bis zu 24 Stunden, bevor du das Headset aufl\u00e4dst. Das ist bis zu 19 Stunden l\u00e4nger als bei seinem Vorg\u00e4nger. Du verbindest das Office-Headset \u00fcber Bluetooth mit zwei Ger\u00e4ten gleichzeitig. Dadurch wechselst du beispielsweise schnell zwischen einem Telefonat und deiner Playlist auf Spotify. Dank der Reichweite von 30 Metern gehst du problemlos zum Drucker, ohne die Verbindung zu deinem Gespr\u00e4chspartner zu verlieren. Wenn du telefonierst, erkennen das deine Kollegen direkt am roten Licht an der Ohrmuschel. So wirst du w\u00e4hrend der Arbeit nicht gest\u00f6rt.<\/p>\n","protected":false},"excerpt":{"rendered":"<p>Mit dem Jabra Evolve2 75 USB-A kabellosen Office-Headset Schwarz bestimmst du selbst, wie viele Umgebungsger\u00e4usche du h\u00f6ren m\u00f6chtest. Dieses Office-Headset verf\u00fcgt \u00fcber anpassbares Noise Cancelling, sodass du selbst die St\u00e4rke der Ger\u00e4uschunterdr\u00fcckung anpasst. Du h\u00f6rst bis zu 36 Stunden Musik und telefonierst bis zu 24 Stunden, bevor du das Headset aufl\u00e4dst. Das ist bis zu 19 Stunden l\u00e4nger als bei seinem Vorg\u00e4nger. Du verbindest das Office-Headset \u00fcber Bluetooth mit zwei Ger\u00e4ten gleichzeitig. Dadurch wechselst du beispielsweise schnell zwischen einem Telefonat und deiner Playlist auf Spotify. Dank der Reichweite von 30 Metern gehst du problemlos zum Drucker, ohne die Verbindung zu deinem Gespr\u00e4chspartner zu verlieren. Wenn du telefonierst, erkennen das deine Kollegen direkt am roten Licht an der Ohrmuschel. So wirst du w\u00e4hrend der Arbeit nicht gest\u00f6rt.<\/p>\n","protected":false},"featured_media":0,"comment_status":"closed","ping_status":"open","template":"","meta":{"_acf_changed":false},"brand":[815],"product_brand":[],"product_cat":[257],"product_tag":[258],"class_list":{"0":"post-74535","1":"product","2":"type-product","3":"status-publish","5":"brand-jabra","6":"product_cat-office-headsets","7":"product_tag-headsets-office","8":"pa_condition-new","9":"pa_coolblue-de-verzending-morgen-gratis-geliefert","10":"pa_ean-9278","11":"pa_mpn-27599-989-999","13":"first","14":"instock","15":"product-type-external"},"acf":[],"_links":{"self":[{"href":"https:\/\/onlinehardwareshop.de\/index.php\/wp-json\/wp\/v2\/product\/74535","targetHints":{"allow":["GET"]}}],"collection":[{"href":"https:\/\/onlinehardwareshop.de\/index.php\/wp-json\/wp\/v2\/product"}],"about":[{"href":"https:\/\/onlinehardwareshop.de\/index.php\/wp-json\/wp\/v2\/types\/product"}],"replies":[{"embeddable":true,"href":"https:\/\/onlinehardwareshop.de\/index.php\/wp-json\/wp\/v2\/comments?post=74535"}],"wp:attachment":[{"href":"https:\/\/onlinehardwareshop.de\/index.php\/wp-json\/wp\/v2\/media?parent=74535"}],"wp:term":[{"taxonomy":"brand","embeddable":true,"href":"https:\/\/onlinehardwareshop.de\/index.php\/wp-json\/wp\/v2\/brand?post=74535"},{"taxonomy":"product_brand","embeddable":true,"href":"https:\/\/onlinehardwareshop.de\/index.php\/wp-json\/wp\/v2\/product_brand?post=74535"},{"taxonomy":"product_cat","embeddable":true,"href":"https:\/\/onlinehardwareshop.de\/index.php\/wp-json\/wp\/v2\/product_cat?post=74535"},{"taxonomy":"product_tag","embeddable":true,"href":"https:\/\/onlinehardwareshop.de\/index.php\/wp-json\/wp\/v2\/product_tag?post=74535"}],"curies":[{"name":"wp","href":"https:\/\/api.w.org\/{rel}","templated":true}]}}