{"id":74532,"date":"2024-02-29T05:03:26","date_gmt":"2024-02-29T05:03:26","guid":{"rendered":"https:\/\/onlinehardwareshop.de\/index.php\/produkt\/jabra-evolve2-usb-a-ms-teams-75-kabelloses-office-headset-schwarz-2\/"},"modified":"2025-05-14T04:45:42","modified_gmt":"2025-05-14T04:45:42","slug":"jabra-evolve2-usb-a-ms-teams-75-kabelloses-office-headset-schwarz","status":"publish","type":"product","link":"https:\/\/onlinehardwareshop.de\/index.php\/produkt\/jabra-evolve2-usb-a-ms-teams-75-kabelloses-office-headset-schwarz\/","title":{"rendered":"Jabra Evolve2 USB-A MS TEAMS 75 Kabelloses Office-Headset Schwarz"},"content":{"rendered":"<p>Mit dem kabellosen Office-Headset Jabra Evolve2 USB-A MS TEAMS 75 Schwarz bestimmst du selbst, wie viele Umgebungsger\u00e4usche du h\u00f6rst. Dieses Office-Headset verf\u00fcgt \u00fcber regulierbares Noise Cancelling, womit du selbst die St\u00e4rke der Ger\u00e4uschunterdr\u00fcckung anpasst. Du h\u00f6rst bis zu 36 Stunden Musik und telefonierst bis zu 24 Stunden, bevor du das Office-Headset aufl\u00e4dst. Du verbindest das Office-Headset \u00fcber Bluetooth mit zwei Ger\u00e4ten gleichzeitig. Dadurch wechselst du zum Beispiel schnell zwischen einem Telefonat und deiner Playlist auf Spotify. Dank der Reichweite von 30 Metern gehst du problemlos zum Drucker, ohne die Verbindung zu deinem Gespr\u00e4chspartner zu verlieren. Wenn du telefonierst, erkennen das deine Kollegen direkt am roten Licht an der Ohrmuschel. So wirst du w\u00e4hrend der Arbeit nicht gest\u00f6rt.  Speziell f\u00fcr Microsoft Teams  Dieses Headset wurde speziell f\u00fcr die ultimative Kommunikation \u00fcber Microsoft Teams entwickelt. Nimm an einem Meeting teil oder starte Microsoft Teams, indem du eine Taste an der Ohrmuschel dr\u00fcckst. Das Headset informiert dich, wenn du einen Anruf verpasst hast, etwas auf der Mailbox empf\u00e4ngst oder du eine Besprechung hast.<\/p>\n","protected":false},"excerpt":{"rendered":"<p>Mit dem kabellosen Office-Headset Jabra Evolve2 USB-A MS TEAMS 75 Schwarz bestimmst du selbst, wie viele Umgebungsger\u00e4usche du h\u00f6rst. Dieses Office-Headset verf\u00fcgt \u00fcber regulierbares Noise Cancelling, womit du selbst die St\u00e4rke der Ger\u00e4uschunterdr\u00fcckung anpasst. Du h\u00f6rst bis zu 36 Stunden Musik und telefonierst bis zu 24 Stunden, bevor du das Office-Headset aufl\u00e4dst. Du verbindest das Office-Headset \u00fcber Bluetooth mit zwei Ger\u00e4ten gleichzeitig. Dadurch wechselst du zum Beispiel schnell zwischen einem Telefonat und deiner Playlist auf Spotify. Dank der Reichweite von 30 Metern gehst du problemlos zum Drucker, ohne die Verbindung zu deinem Gespr\u00e4chspartner zu verlieren. Wenn du telefonierst, erkennen das deine Kollegen direkt am roten Licht an der Ohrmuschel. So wirst du w\u00e4hrend der Arbeit nicht gest\u00f6rt.  Speziell f\u00fcr Microsoft Teams  Dieses Headset wurde speziell f\u00fcr die ultimative Kommunikation \u00fcber Microsoft Teams entwickelt. Nimm an einem Meeting teil oder starte Microsoft Teams, indem du eine Taste an der Ohrmuschel dr\u00fcckst. Das Headset informiert dich, wenn du einen Anruf verpasst hast, etwas auf der Mailbox empf\u00e4ngst oder du eine Besprechung hast.<\/p>\n","protected":false},"featured_media":0,"comment_status":"closed","ping_status":"open","template":"","meta":{"_acf_changed":false},"brand":[815],"product_brand":[],"product_cat":[257],"product_tag":[258],"class_list":{"0":"post-74532","1":"product","2":"type-product","3":"status-publish","5":"brand-jabra","6":"product_cat-office-headsets","7":"product_tag-headsets-office","8":"pa_condition-new","9":"pa_coolblue-de-verzending-morgen-gratis-geliefert","10":"pa_ean-9272","11":"pa_mpn-27599-999-999","13":"first","14":"instock","15":"product-type-external"},"acf":[],"_links":{"self":[{"href":"https:\/\/onlinehardwareshop.de\/index.php\/wp-json\/wp\/v2\/product\/74532","targetHints":{"allow":["GET"]}}],"collection":[{"href":"https:\/\/onlinehardwareshop.de\/index.php\/wp-json\/wp\/v2\/product"}],"about":[{"href":"https:\/\/onlinehardwareshop.de\/index.php\/wp-json\/wp\/v2\/types\/product"}],"replies":[{"embeddable":true,"href":"https:\/\/onlinehardwareshop.de\/index.php\/wp-json\/wp\/v2\/comments?post=74532"}],"wp:attachment":[{"href":"https:\/\/onlinehardwareshop.de\/index.php\/wp-json\/wp\/v2\/media?parent=74532"}],"wp:term":[{"taxonomy":"brand","embeddable":true,"href":"https:\/\/onlinehardwareshop.de\/index.php\/wp-json\/wp\/v2\/brand?post=74532"},{"taxonomy":"product_brand","embeddable":true,"href":"https:\/\/onlinehardwareshop.de\/index.php\/wp-json\/wp\/v2\/product_brand?post=74532"},{"taxonomy":"product_cat","embeddable":true,"href":"https:\/\/onlinehardwareshop.de\/index.php\/wp-json\/wp\/v2\/product_cat?post=74532"},{"taxonomy":"product_tag","embeddable":true,"href":"https:\/\/onlinehardwareshop.de\/index.php\/wp-json\/wp\/v2\/product_tag?post=74532"}],"curies":[{"name":"wp","href":"https:\/\/api.w.org\/{rel}","templated":true}]}}