{"id":74527,"date":"2024-11-26T21:55:33","date_gmt":"2024-11-26T21:55:33","guid":{"rendered":"https:\/\/onlinehardwareshop.de\/index.php\/produkt\/philips-eco-conscious-edition-hd2640-10-2\/"},"modified":"2025-05-14T04:45:18","modified_gmt":"2025-05-14T04:45:18","slug":"philips-eco-conscious-edition-hd2640-10","status":"publish","type":"product","link":"https:\/\/onlinehardwareshop.de\/index.php\/produkt\/philips-eco-conscious-edition-hd2640-10\/","title":{"rendered":"Philips Eco Conscious Edition HD2640\/10"},"content":{"rendered":"<p>Mit dem Philips Eco Conscious Edition HD2640\/10 bekommst du einen langlebig konstruierten Toaster. Dieser Toaster besteht zu 100 % aus biobasiertem Kunststoff. Dank der acht Br\u00e4unungsstufen bestimmst du, wie braun dein Sandwich wird. Die Br\u00e4unungsstufe w\u00e4hlst du bequem \u00fcber den seitlichen Drehknopf aus. Oben befindet sich ein eingebautes Warmhaltegitter. Darauf w\u00e4rmst du zum Beispiel ein Croissant auf. Dieser Toaster verf\u00fcgt auch \u00fcber einen Auftau- und Aufw\u00e4rmmodus. So toastest du auch ein gefrorenes Sandwich oder w\u00e4rmst ein zuvor getoastetes Sandwich auf. Kr\u00fcmel fallen in die herausnehmbare Kr\u00fcmelschublade, wodurch der Toaster leicht zu reinigen ist.<\/p>\n","protected":false},"excerpt":{"rendered":"<p>Mit dem Philips Eco Conscious Edition HD2640\/10 bekommst du einen langlebig konstruierten Toaster. Dieser Toaster besteht zu 100 % aus biobasiertem Kunststoff. Dank der acht Br\u00e4unungsstufen bestimmst du, wie braun dein Sandwich wird. Die Br\u00e4unungsstufe w\u00e4hlst du bequem \u00fcber den seitlichen Drehknopf aus. Oben befindet sich ein eingebautes Warmhaltegitter. Darauf w\u00e4rmst du zum Beispiel ein Croissant auf. Dieser Toaster verf\u00fcgt auch \u00fcber einen Auftau- und Aufw\u00e4rmmodus. So toastest du auch ein gefrorenes Sandwich oder w\u00e4rmst ein zuvor getoastetes Sandwich auf. Kr\u00fcmel fallen in die herausnehmbare Kr\u00fcmelschublade, wodurch der Toaster leicht zu reinigen ist.<\/p>\n","protected":false},"featured_media":0,"comment_status":"closed","ping_status":"open","template":"","meta":{"_acf_changed":false},"brand":[1382],"product_brand":[],"product_cat":[283],"product_tag":[284],"class_list":{"0":"post-74527","1":"product","2":"type-product","3":"status-publish","5":"brand-philips","6":"product_cat-toaster","7":"product_tag-broodroosters","8":"pa_condition-new","9":"pa_coolblue-de-verzending-morgen-gratis-geliefert","10":"pa_ean-9262","11":"pa_mpn-hd2640-10","13":"first","14":"instock","15":"product-type-external"},"acf":[],"_links":{"self":[{"href":"https:\/\/onlinehardwareshop.de\/index.php\/wp-json\/wp\/v2\/product\/74527","targetHints":{"allow":["GET"]}}],"collection":[{"href":"https:\/\/onlinehardwareshop.de\/index.php\/wp-json\/wp\/v2\/product"}],"about":[{"href":"https:\/\/onlinehardwareshop.de\/index.php\/wp-json\/wp\/v2\/types\/product"}],"replies":[{"embeddable":true,"href":"https:\/\/onlinehardwareshop.de\/index.php\/wp-json\/wp\/v2\/comments?post=74527"}],"wp:attachment":[{"href":"https:\/\/onlinehardwareshop.de\/index.php\/wp-json\/wp\/v2\/media?parent=74527"}],"wp:term":[{"taxonomy":"brand","embeddable":true,"href":"https:\/\/onlinehardwareshop.de\/index.php\/wp-json\/wp\/v2\/brand?post=74527"},{"taxonomy":"product_brand","embeddable":true,"href":"https:\/\/onlinehardwareshop.de\/index.php\/wp-json\/wp\/v2\/product_brand?post=74527"},{"taxonomy":"product_cat","embeddable":true,"href":"https:\/\/onlinehardwareshop.de\/index.php\/wp-json\/wp\/v2\/product_cat?post=74527"},{"taxonomy":"product_tag","embeddable":true,"href":"https:\/\/onlinehardwareshop.de\/index.php\/wp-json\/wp\/v2\/product_tag?post=74527"}],"curies":[{"name":"wp","href":"https:\/\/api.w.org\/{rel}","templated":true}]}}