{"id":74511,"date":"2024-05-15T23:20:26","date_gmt":"2024-05-15T23:20:26","guid":{"rendered":"https:\/\/onlinehardwareshop.de\/index.php\/produkt\/philips-eco-conscious-edition-hd9365-10-2\/"},"modified":"2025-05-14T04:43:53","modified_gmt":"2025-05-14T04:43:53","slug":"philips-eco-conscious-edition-hd9365-10","status":"publish","type":"product","link":"https:\/\/onlinehardwareshop.de\/index.php\/produkt\/philips-eco-conscious-edition-hd9365-10\/","title":{"rendered":"Philips Eco Conscious Edition HD9365\/10"},"content":{"rendered":"<p>Der Philips Eco Conscious Edition HD9365\/10 Wasserkocher ist aus biologischen und erneuerbaren Materialien hergestellt. Dadurch schaffst du dir einen umweltfreundlichen Wasserkocher an. Zus\u00e4tzlich zu seinem nachhaltigen Design spart die praktische Wasserstandsanzeige Energie und Wasser. Mit der Anzeige siehst du schnell, wie viele Tassen Tee gerade gekocht werden. So kannst du genau die Menge Wasser kochen, die du brauchst. Mit einem Fassungsverm\u00f6gen von 1,7\u00a0Litern kannst du Wasser f\u00fcr bis zu sieben Tassen Tee kochen. Der Wasserkocher ist kabellos und steht fest auf seinem um 360\u00a0Grad drehbaren Sockel. Wenn du das hei\u00dfe Wasser eingie\u00dft, sorgt der Anti-Kalk-Filter daf\u00fcr, dass du sauberes Wasser in die Tasse gie\u00dft. Sobald das Wasser gekocht hat, schaltet sich der Wasserkocher automatisch ab.<\/p>\n","protected":false},"excerpt":{"rendered":"<p>Der Philips Eco Conscious Edition HD9365\/10 Wasserkocher ist aus biologischen und erneuerbaren Materialien hergestellt. Dadurch schaffst du dir einen umweltfreundlichen Wasserkocher an. Zus\u00e4tzlich zu seinem nachhaltigen Design spart die praktische Wasserstandsanzeige Energie und Wasser. Mit der Anzeige siehst du schnell, wie viele Tassen Tee gerade gekocht werden. So kannst du genau die Menge Wasser kochen, die du brauchst. Mit einem Fassungsverm\u00f6gen von 1,7\u00a0Litern kannst du Wasser f\u00fcr bis zu sieben Tassen Tee kochen. Der Wasserkocher ist kabellos und steht fest auf seinem um 360\u00a0Grad drehbaren Sockel. Wenn du das hei\u00dfe Wasser eingie\u00dft, sorgt der Anti-Kalk-Filter daf\u00fcr, dass du sauberes Wasser in die Tasse gie\u00dft. Sobald das Wasser gekocht hat, schaltet sich der Wasserkocher automatisch ab.<\/p>\n","protected":false},"featured_media":0,"comment_status":"closed","ping_status":"open","template":"","meta":{"_acf_changed":false},"brand":[1382],"product_brand":[],"product_cat":[716],"product_tag":[717],"class_list":{"0":"post-74511","1":"product","2":"type-product","3":"status-publish","5":"brand-philips","6":"product_cat-wasserkocher","7":"product_tag-waterkokers","8":"pa_condition-new","9":"pa_coolblue-de-verzending-morgen-gratis-geliefert","10":"pa_ean-9241","11":"pa_mpn-hd9365-10","13":"first","14":"instock","15":"product-type-external"},"acf":[],"_links":{"self":[{"href":"https:\/\/onlinehardwareshop.de\/index.php\/wp-json\/wp\/v2\/product\/74511","targetHints":{"allow":["GET"]}}],"collection":[{"href":"https:\/\/onlinehardwareshop.de\/index.php\/wp-json\/wp\/v2\/product"}],"about":[{"href":"https:\/\/onlinehardwareshop.de\/index.php\/wp-json\/wp\/v2\/types\/product"}],"replies":[{"embeddable":true,"href":"https:\/\/onlinehardwareshop.de\/index.php\/wp-json\/wp\/v2\/comments?post=74511"}],"wp:attachment":[{"href":"https:\/\/onlinehardwareshop.de\/index.php\/wp-json\/wp\/v2\/media?parent=74511"}],"wp:term":[{"taxonomy":"brand","embeddable":true,"href":"https:\/\/onlinehardwareshop.de\/index.php\/wp-json\/wp\/v2\/brand?post=74511"},{"taxonomy":"product_brand","embeddable":true,"href":"https:\/\/onlinehardwareshop.de\/index.php\/wp-json\/wp\/v2\/product_brand?post=74511"},{"taxonomy":"product_cat","embeddable":true,"href":"https:\/\/onlinehardwareshop.de\/index.php\/wp-json\/wp\/v2\/product_cat?post=74511"},{"taxonomy":"product_tag","embeddable":true,"href":"https:\/\/onlinehardwareshop.de\/index.php\/wp-json\/wp\/v2\/product_tag?post=74511"}],"curies":[{"name":"wp","href":"https:\/\/api.w.org\/{rel}","templated":true}]}}