{"id":74473,"date":"2025-01-02T22:27:27","date_gmt":"2025-01-02T22:27:27","guid":{"rendered":"https:\/\/onlinehardwareshop.de\/index.php\/produkt\/hercules-djcontrol-mix-2\/"},"modified":"2025-05-14T04:40:32","modified_gmt":"2025-05-14T04:40:32","slug":"hercules-djcontrol-mix","status":"publish","type":"product","link":"https:\/\/onlinehardwareshop.de\/index.php\/produkt\/hercules-djcontrol-mix\/","title":{"rendered":"Hercules DJControl Mix"},"content":{"rendered":"<p>Der Hercules DJControl Mix ist der perfekte DJ-Controller f\u00fcr unterwegs. Dank seines kompakten Designs l\u00e4sst er sich ganz einfach und in deinem eigenen Rucksack \u00fcberallhin mitnehmen. Du verbindest den Controller \u00fcber Bluetooth vollkommen kabellos mit deinem Smartphone oder Tablet. So mixt du, wo du eben m\u00f6chtest. Dank der Bluetooth Low Energy Funktion kommt es w\u00e4hrend des Mixens au\u00dferdem nicht zu Verz\u00f6gerungen.<\/p>\n","protected":false},"excerpt":{"rendered":"<p>Der Hercules DJControl Mix ist der perfekte DJ-Controller f\u00fcr unterwegs. Dank seines kompakten Designs l\u00e4sst er sich ganz einfach und in deinem eigenen Rucksack \u00fcberallhin mitnehmen. Du verbindest den Controller \u00fcber Bluetooth vollkommen kabellos mit deinem Smartphone oder Tablet. So mixt du, wo du eben m\u00f6chtest. Dank der Bluetooth Low Energy Funktion kommt es w\u00e4hrend des Mixens au\u00dferdem nicht zu Verz\u00f6gerungen.<\/p>\n","protected":false},"featured_media":0,"comment_status":"closed","ping_status":"open","template":"","meta":{"_acf_changed":false},"brand":[4167],"product_brand":[],"product_cat":[4528],"product_tag":[4529],"class_list":{"0":"post-74473","1":"product","2":"type-product","3":"status-publish","5":"brand-hercules","6":"product_cat-dj-controller","7":"product_tag-dj-controllers","8":"pa_condition-new","9":"pa_coolblue-de-verzending-morgen-gratis-geliefert","10":"pa_ean-28961","11":"pa_mpn-28962","13":"first","14":"instock","15":"product-type-external"},"acf":[],"_links":{"self":[{"href":"https:\/\/onlinehardwareshop.de\/index.php\/wp-json\/wp\/v2\/product\/74473","targetHints":{"allow":["GET"]}}],"collection":[{"href":"https:\/\/onlinehardwareshop.de\/index.php\/wp-json\/wp\/v2\/product"}],"about":[{"href":"https:\/\/onlinehardwareshop.de\/index.php\/wp-json\/wp\/v2\/types\/product"}],"replies":[{"embeddable":true,"href":"https:\/\/onlinehardwareshop.de\/index.php\/wp-json\/wp\/v2\/comments?post=74473"}],"wp:attachment":[{"href":"https:\/\/onlinehardwareshop.de\/index.php\/wp-json\/wp\/v2\/media?parent=74473"}],"wp:term":[{"taxonomy":"brand","embeddable":true,"href":"https:\/\/onlinehardwareshop.de\/index.php\/wp-json\/wp\/v2\/brand?post=74473"},{"taxonomy":"product_brand","embeddable":true,"href":"https:\/\/onlinehardwareshop.de\/index.php\/wp-json\/wp\/v2\/product_brand?post=74473"},{"taxonomy":"product_cat","embeddable":true,"href":"https:\/\/onlinehardwareshop.de\/index.php\/wp-json\/wp\/v2\/product_cat?post=74473"},{"taxonomy":"product_tag","embeddable":true,"href":"https:\/\/onlinehardwareshop.de\/index.php\/wp-json\/wp\/v2\/product_tag?post=74473"}],"curies":[{"name":"wp","href":"https:\/\/api.w.org\/{rel}","templated":true}]}}