{"id":74456,"date":"2024-05-15T04:41:33","date_gmt":"2024-05-15T04:41:33","guid":{"rendered":"https:\/\/onlinehardwareshop.de\/index.php\/produkt\/omron-nami-cat-2\/"},"modified":"2025-05-14T04:39:03","modified_gmt":"2025-05-14T04:39:03","slug":"omron-nami-cat","status":"publish","type":"product","link":"https:\/\/onlinehardwareshop.de\/index.php\/produkt\/omron-nami-cat\/","title":{"rendered":"Omron Nami Cat"},"content":{"rendered":"<p>Der Omron Nami Cat ist ein kinderfreundlicher Inhalator, mit dem du Atemwegsbeschwerden wie Asthma bek\u00e4mpfst. Das Ger\u00e4t ist auch bei Bronchitis, Allergiebeschwerden und Erk\u00e4ltungen geeignet. Du f\u00fcllst bis zu 12\u00a0Millimeter der verschriebenen Arznei in das Ger\u00e4t. Danach installierst du es einfach \u00fcber das Mundst\u00fcck oder die Maske. Der kr\u00e4ftige Motor sorgt daf\u00fcr, dass beim Gebrauch wenig von dem Medikament verloren geht, sodass die Behandlung schnell und effizient ist. Auch als Erwachsener verwendest du den Nami-Cat-Inhalator, denn es werden zwei verschiedene Maskengr\u00f6\u00dfen mitgeliefert. Das ist praktisch, wenn deine Kinder Probleme mit denselben Allergien haben.<\/p>\n","protected":false},"excerpt":{"rendered":"<p>Der Omron Nami Cat ist ein kinderfreundlicher Inhalator, mit dem du Atemwegsbeschwerden wie Asthma bek\u00e4mpfst. Das Ger\u00e4t ist auch bei Bronchitis, Allergiebeschwerden und Erk\u00e4ltungen geeignet. Du f\u00fcllst bis zu 12\u00a0Millimeter der verschriebenen Arznei in das Ger\u00e4t. Danach installierst du es einfach \u00fcber das Mundst\u00fcck oder die Maske. Der kr\u00e4ftige Motor sorgt daf\u00fcr, dass beim Gebrauch wenig von dem Medikament verloren geht, sodass die Behandlung schnell und effizient ist. Auch als Erwachsener verwendest du den Nami-Cat-Inhalator, denn es werden zwei verschiedene Maskengr\u00f6\u00dfen mitgeliefert. Das ist praktisch, wenn deine Kinder Probleme mit denselben Allergien haben.<\/p>\n","protected":false},"featured_media":0,"comment_status":"closed","ping_status":"open","template":"","meta":{"_acf_changed":false},"brand":[1048],"product_brand":[],"product_cat":[6100],"product_tag":[6101],"class_list":{"0":"post-74456","1":"product","2":"type-product","3":"status-publish","5":"brand-omron","6":"product_cat-inhalatoren","7":"product_tag-inhalators","8":"pa_condition-new","9":"pa_coolblue-de-verzending-morgen-gratis-geliefert","10":"pa_ean-9142","11":"pa_mpn-ne-c303k-kdeo","13":"first","14":"instock","15":"product-type-external"},"acf":[],"_links":{"self":[{"href":"https:\/\/onlinehardwareshop.de\/index.php\/wp-json\/wp\/v2\/product\/74456","targetHints":{"allow":["GET"]}}],"collection":[{"href":"https:\/\/onlinehardwareshop.de\/index.php\/wp-json\/wp\/v2\/product"}],"about":[{"href":"https:\/\/onlinehardwareshop.de\/index.php\/wp-json\/wp\/v2\/types\/product"}],"replies":[{"embeddable":true,"href":"https:\/\/onlinehardwareshop.de\/index.php\/wp-json\/wp\/v2\/comments?post=74456"}],"wp:attachment":[{"href":"https:\/\/onlinehardwareshop.de\/index.php\/wp-json\/wp\/v2\/media?parent=74456"}],"wp:term":[{"taxonomy":"brand","embeddable":true,"href":"https:\/\/onlinehardwareshop.de\/index.php\/wp-json\/wp\/v2\/brand?post=74456"},{"taxonomy":"product_brand","embeddable":true,"href":"https:\/\/onlinehardwareshop.de\/index.php\/wp-json\/wp\/v2\/product_brand?post=74456"},{"taxonomy":"product_cat","embeddable":true,"href":"https:\/\/onlinehardwareshop.de\/index.php\/wp-json\/wp\/v2\/product_cat?post=74456"},{"taxonomy":"product_tag","embeddable":true,"href":"https:\/\/onlinehardwareshop.de\/index.php\/wp-json\/wp\/v2\/product_tag?post=74456"}],"curies":[{"name":"wp","href":"https:\/\/api.w.org\/{rel}","templated":true}]}}