{"id":74454,"date":"2024-11-09T05:39:21","date_gmt":"2024-11-09T05:39:21","guid":{"rendered":"https:\/\/onlinehardwareshop.de\/index.php\/produkt\/omron-x105-advanced-2\/"},"modified":"2025-05-14T04:38:58","modified_gmt":"2025-05-14T04:38:58","slug":"omron-x105-advanced","status":"publish","type":"product","link":"https:\/\/onlinehardwareshop.de\/index.php\/produkt\/omron-x105-advanced\/","title":{"rendered":"Omron X105 Advanced"},"content":{"rendered":"<p>Verwende den Omron X105 Advanced f\u00fcr die Verabreichung von Arzneimittel f\u00fcr Asthma und Allergien. Das Ger\u00e4t eignet sich auch f\u00fcr andere Atemwegsprobleme, beispielsweise durch Rauchen oder Luftverschmutzung. Du f\u00fcllst deine eigene Arznei in das Ger\u00e4t und verwendest einen der Aufs\u00e4tze zu inhalieren. Die besondere Valve Technologie sorgt daf\u00fcr, dass keine Medikamente beim Inhalieren verloren gehen. So gelangt die richtige Arzneimittelmenge in deine Lungen und die Behandlung geht schneller und effektiver. Der X105 Advanced ist dank der verschiedenen Gr\u00f6\u00dfen der Aufs\u00e4tze und Masken sowohl f\u00fcr Erwachsene als auch Kinder geeignet. Du kannst das Ger\u00e4t mit der gesamten Familie nutzen, auch wenn jeder ein anderes Mittel ben\u00f6tigt.<\/p>\n","protected":false},"excerpt":{"rendered":"<p>Verwende den Omron X105 Advanced f\u00fcr die Verabreichung von Arzneimittel f\u00fcr Asthma und Allergien. Das Ger\u00e4t eignet sich auch f\u00fcr andere Atemwegsprobleme, beispielsweise durch Rauchen oder Luftverschmutzung. Du f\u00fcllst deine eigene Arznei in das Ger\u00e4t und verwendest einen der Aufs\u00e4tze zu inhalieren. Die besondere Valve Technologie sorgt daf\u00fcr, dass keine Medikamente beim Inhalieren verloren gehen. So gelangt die richtige Arzneimittelmenge in deine Lungen und die Behandlung geht schneller und effektiver. Der X105 Advanced ist dank der verschiedenen Gr\u00f6\u00dfen der Aufs\u00e4tze und Masken sowohl f\u00fcr Erwachsene als auch Kinder geeignet. Du kannst das Ger\u00e4t mit der gesamten Familie nutzen, auch wenn jeder ein anderes Mittel ben\u00f6tigt.<\/p>\n","protected":false},"featured_media":0,"comment_status":"closed","ping_status":"open","template":"","meta":{"_acf_changed":false},"brand":[1048],"product_brand":[],"product_cat":[6100],"product_tag":[6101],"class_list":{"0":"post-74454","1":"product","2":"type-product","3":"status-publish","5":"brand-omron","6":"product_cat-inhalatoren","7":"product_tag-inhalators","8":"pa_condition-new","9":"pa_coolblue-de-verzending-morgen-gratis-geliefert","10":"pa_ean-9140","11":"pa_mpn-ne-c105-eo","13":"first","14":"instock","15":"product-type-external"},"acf":[],"_links":{"self":[{"href":"https:\/\/onlinehardwareshop.de\/index.php\/wp-json\/wp\/v2\/product\/74454","targetHints":{"allow":["GET"]}}],"collection":[{"href":"https:\/\/onlinehardwareshop.de\/index.php\/wp-json\/wp\/v2\/product"}],"about":[{"href":"https:\/\/onlinehardwareshop.de\/index.php\/wp-json\/wp\/v2\/types\/product"}],"replies":[{"embeddable":true,"href":"https:\/\/onlinehardwareshop.de\/index.php\/wp-json\/wp\/v2\/comments?post=74454"}],"wp:attachment":[{"href":"https:\/\/onlinehardwareshop.de\/index.php\/wp-json\/wp\/v2\/media?parent=74454"}],"wp:term":[{"taxonomy":"brand","embeddable":true,"href":"https:\/\/onlinehardwareshop.de\/index.php\/wp-json\/wp\/v2\/brand?post=74454"},{"taxonomy":"product_brand","embeddable":true,"href":"https:\/\/onlinehardwareshop.de\/index.php\/wp-json\/wp\/v2\/product_brand?post=74454"},{"taxonomy":"product_cat","embeddable":true,"href":"https:\/\/onlinehardwareshop.de\/index.php\/wp-json\/wp\/v2\/product_cat?post=74454"},{"taxonomy":"product_tag","embeddable":true,"href":"https:\/\/onlinehardwareshop.de\/index.php\/wp-json\/wp\/v2\/product_tag?post=74454"}],"curies":[{"name":"wp","href":"https:\/\/api.w.org\/{rel}","templated":true}]}}